{"id":189,"date":"2020-02-03T14:58:35","date_gmt":"2020-02-03T05:58:35","guid":{"rendered":"http:\/\/jlec-pr.jp\/?page_id=189"},"modified":"2020-02-28T12:59:44","modified_gmt":"2020-02-28T03:59:44","slug":"beef-logomark","status":"publish","type":"page","link":"https:\/\/jlec-pr.jp\/fr\/beef\/beef-logomark\/","title":{"rendered":"Universal Wagyu Mark"},"content":{"rendered":"<h2>Universal Wagyu Mark<\/h2>\n<p class=\"thumbs_left\"><img decoding=\"async\" style=\"display: block; margin-left: auto; margin-right: auto; border: 2px solid #cccccc; padding: 20px;\" src=\"https:\/\/jlec-pr.jp\/wp-content\/uploads\/2020\/02\/beef-logo02.gif\" alt=\"Unified Wagyu logo\" width=\"300\" \/><\/p>\n<h3>Preuve d&rsquo;authenticit\u00e9:\u00abUniversal Wagyu Mark\u00bb<\/h3>\n<p>Un logo unique du b\u0153uf Wagyu a \u00e9t\u00e9 lanc\u00e9 en 2007 afin de pr\u00e9senter au monde avec justesse le meilleur b\u0153uf au monde, \u00e0 savoir le b\u0153uf Wagyu japonais.<br \/>L\u2019objectif est que les gens du monde entier go\u00fbtent \u00e0 la saveur du b\u0153uf Wagyu authentique.<br \/>Le logo unique du b\u0153uf Wagyu constitue une preuve d\u2019authenticit\u00e9.<\/p>\n<div class=\"clearfix\"><\/div>\n<h3 class=\"tit-tab\">Les races<\/h3>\n<h4>1. Le noir japonais Kuroge Washu (ensemble du pays)<\/h4>\n<table class=\"ta-line\">\n<tbody>\n<tr>\n<th style=\"width: 25%;\"><strong>Poids d&rsquo;une femelle mature<\/strong><\/th>\n<td style=\"width: 75%;\">Environ 755 kg<\/td>\n<\/tr>\n<tr>\n<th>Couleur de la robe<\/th>\n<td>Noire teint\u00e9e d&rsquo;une l\u00e9g\u00e8re teinte brun\u00e2tre<\/td>\n<\/tr>\n<tr>\n<th>Caract\u00e9ristiques<\/th>\n<td>\n<ul class=\"list-ico\">\n<li>Potentiel \u00e9lev\u00e9 de production de viande de b\u0153uf persill\u00e9e<\/li>\n<li>Race dont le corps est le plus petit parmi les quatre<\/li>\n<li>Repr\u00e9sente 95 % de l&rsquo;ensemble des b\u0153ufs Wagyu<\/li>\n<li>Pour cette raison, il est fr\u00e9quent que le mot de Wagyu d\u00e9signe directement la race du Kuroge Washu.<\/li>\n<li>Les b\u0153ufs reconnus tels que le b\u0153uf de Matsuzaka, le b\u0153uf de Yonezawa ainsi que le b\u0153uf de Hida sont pour la plupart des Kuroge Washu.<\/li>\n<\/ul>\n<\/td>\n<\/tr>\n<\/tbody>\n<\/table>\n<h4>2. Le rouge japonais Akage Washu (d\u00e9partements de Kumamoto et Kochi)<\/h4>\n<table class=\"ta-line\">\n<tbody>\n<tr>\n<th style=\"width: 25%;\"><strong>Poids d&rsquo;une femelle mature<\/strong><\/th>\n<td style=\"width: 75%;\">Environ 750 kg<\/td>\n<\/tr>\n<tr>\n<th>Couleur de la robe<\/th>\n<td>Marron clair<\/td>\n<\/tr>\n<tr>\n<th>Caract\u00e9ristiques<\/th>\n<td>\n<ul class=\"list-ico\">\n<li>Leur croissance est rapide.<\/li>\n<li>Pr\u00e9sentent les avantages d&rsquo;\u00eatre de nature docile, robuste et r\u00e9sistante et de permettre une bonne utilisation du fourrage grossier.<\/li>\n<\/ul>\n<\/td>\n<\/tr>\n<\/tbody>\n<\/table>\n<h4>3. Le shorthorn japonais Nihon Takakushu (d\u00e9partements d&rsquo;Iwate, d&rsquo;Aomori et de Hokkaido)<\/h4>\n<table class=\"ta-line\">\n<tbody>\n<tr>\n<th style=\"width: 25%;\"><strong>Poids d&rsquo;une femelle mature<\/strong><\/th>\n<td style=\"width: 75%;\">Environ 745 kg<\/td>\n<\/tr>\n<tr>\n<th>Couleur de la robe<\/th>\n<td>Marron l\u00e9g\u00e8rement fonc\u00e9<\/td>\n<\/tr>\n<tr>\n<th>Caract\u00e9ristiques<\/th>\n<td>\n<ul class=\"list-ico\">\n<li>Permettent une bonne utilisation du fourrage grossier et sont bien adapt\u00e9es au climat et terroir du Japon septentrional.<\/li>\n<li>Conviennent bien au p\u00e2turage<\/li>\n<\/ul>\n<\/td>\n<\/tr>\n<\/tbody>\n<\/table>\n<h4>4.Le b\u0153uf japonais sans corne Mukaku Washu (d\u00e9partement de Yamaguchi)<\/h4>\n<table class=\"ta-line\">\n<tbody>\n<tr>\n<th>Couleur de la robe<\/th>\n<td style=\"width: 75%;\">Noir fonc\u00e9<\/td>\n<\/tr>\n<tr>\n<th>Caract\u00e9ristiques<\/th>\n<td>\n<ul class=\"list-ico\">\n<li>N&rsquo;a pas de cornes.<\/li>\n<li>Race qui a \u00e9t\u00e9 relativement t\u00f4t am\u00e9lior\u00e9e pour sa viande.<br \/>\nCependant, le nombre de b\u0153ufs d&rsquo;\u00e9levage actuellement est extr\u00eamement faible.<\/li>\n<\/ul>\n<\/td>\n<\/tr>\n<\/tbody>\n<\/table>\n<h4>5. Races crois\u00e9es issues du croisement des quatre races ci-dessus<\/h4>\n<h4>6. Races issues du croisement d&rsquo;une race crois\u00e9e 5 et d&rsquo;une race de 1 \u00e0 5 certifi\u00e9es notamment par le syst\u00e8me d&rsquo;enregistrement conform\u00e9ment \u00e0 la loi d&rsquo;am\u00e9lioration et de multiplication de l&rsquo;\u00e9levage et pouvant \u00eatre v\u00e9rifi\u00e9es gr\u00e2ce au syst\u00e8me de tra\u00e7abilit\u00e9 bovine.<\/h4>\n<h3 class=\"tit-tab\">Environnement d&rsquo;\u00e9levage<\/h3>\n<div class=\"box-line2 bold-font\">\n<ol>\n<li>Veaux qui naissent et sont \u00e9lev\u00e9s sur le territoire japonais.<\/li>\n<li>Par ailleurs, que ceci puisse \u00eatre v\u00e9rifi\u00e9 gr\u00e2ce au syst\u00e8me de tra\u00e7abilit\u00e9 bovine.<\/li>\n<\/ol>\n<\/div>\n","protected":false},"excerpt":{"rendered":"<p>Universal Wagyu Mark Preuve d&rsquo;authenticit\u00e9:\u00abUniversal Wagyu Mark\u00bb Un logo unique du b\u0153uf Wagyu a \u00e9t\u00e9 lanc\u00e9 en 2007 afin de pr\u00e9senter au monde avec justesse le meilleur b\u0153uf au monde, \u00e0 savoir le b\u0153uf Wagyu japonais.L\u2019objectif est que les gens du monde entier go\u00fbtent \u00e0 la saveur du b\u0153uf Wagyu authentique.Le logo unique du b\u0153uf [&hellip;]<\/p>\n","protected":false},"author":1,"featured_media":0,"parent":222,"menu_order":0,"comment_status":"closed","ping_status":"closed","template":"page-template\/beef-fr-template.php","meta":{"_acf_changed":false,"_locale":"fr_FR","_original_post":"152","footnotes":""},"class_list":["post-189","page","type-page","status-publish","hentry","fr-FR"],"acf":[],"_links":{"self":[{"href":"https:\/\/jlec-pr.jp\/wp-json\/wp\/v2\/pages\/189","targetHints":{"allow":["GET"]}}],"collection":[{"href":"https:\/\/jlec-pr.jp\/wp-json\/wp\/v2\/pages"}],"about":[{"href":"https:\/\/jlec-pr.jp\/wp-json\/wp\/v2\/types\/page"}],"author":[{"embeddable":true,"href":"https:\/\/jlec-pr.jp\/wp-json\/wp\/v2\/users\/1"}],"replies":[{"embeddable":true,"href":"https:\/\/jlec-pr.jp\/wp-json\/wp\/v2\/comments?post=189"}],"version-history":[{"count":14,"href":"https:\/\/jlec-pr.jp\/wp-json\/wp\/v2\/pages\/189\/revisions"}],"predecessor-version":[{"id":8396,"href":"https:\/\/jlec-pr.jp\/wp-json\/wp\/v2\/pages\/189\/revisions\/8396"}],"up":[{"embeddable":true,"href":"https:\/\/jlec-pr.jp\/wp-json\/wp\/v2\/pages\/222"}],"wp:attachment":[{"href":"https:\/\/jlec-pr.jp\/wp-json\/wp\/v2\/media?parent=189"}],"curies":[{"name":"wp","href":"https:\/\/api.w.org\/{rel}","templated":true}]}}