{"id":10571,"date":"2021-04-13T00:52:10","date_gmt":"2021-04-12T15:52:10","guid":{"rendered":"http:\/\/jlec-pr.jp\/?page_id=10571"},"modified":"2021-04-27T14:42:43","modified_gmt":"2021-04-27T05:42:43","slug":"beef-chef2","status":"publish","type":"page","link":"https:\/\/jlec-pr.jp\/fr\/beef\/beef-chef\/beef-chef2\/","title":{"rendered":"Les attraits du b\u0153uf Wagyu pr\u00e9sent\u00e9s par des chefs prestigieux des diff\u00e9rentes cuisines 2"},"content":{"rendered":"<h2>Les attraits du b\u0153uf Wagyu pr\u00e9sent\u00e9s par des chefs prestigieux des diff\u00e9rentes cuisines<\/h2>\n<ul class=\"menu mnav2 clearfix\">\n<li><a href=\"\/fr\/beef\/beef-chef\/beef-chef2\">vol.02<\/a><\/li>\n<li><a href=\"\/fr\/beef\/beef-chef\">vol.01<\/a><\/li>\n<\/ul>\n<p><!-- 005 --><\/p>\n<div class=\"beef-chef row\">\n<div class=\"col-lg-10 offset-lg-1\">\n<div class=\"recipe__header\">\n<h3><span>SPECIAL TALK<\/span><\/h3>\n<\/div>\n<div class=\"row d-lg-flex align-items-between\">\n<div class=\"col-lg-6\"><img decoding=\"async\" class=\"w-100\" src=\"https:\/\/jlec-pr.jp\/wp-content\/uploads\/2021\/04\/beef-chef2-fullversion.jpg\" \/><\/div>\n<div class=\"col-lg-6\">\n<a class=\"btn btn-d btn-sq btn-lg button\" href=\"https:\/\/jlec-pr.jp\/en\/beef\/beef-chef\/beef-chef2\/\">Version en anglais seulement<\/a><br \/>\n<!--\n\n<ul class=\"list-style-none\">\n \t\n\n<li class=\"m_r20\"><a href=\"\/ebook\/beef-chef\/en-14\/\" target=\"_blank\" rel=\"noopener noreferrer\"><img decoding=\"async\" src=\"\/wp-content\/themes\/jlec\/beef-chefs\/en\/images\/btn01.jpg\" alt=\"\u30a4\u30f3\u30bf\u30d3\u30e5\u30fc\u8a18\u4e8b\u306f\u3053\u3061\u3089\" \/><\/a><\/li>\n\n\n \t\n\n<li><a href=\"javascript:void(0);\" class=\"modal_on\" data-id=\"movie05\" data-type=\"\u52d5\u753b\"><img decoding=\"async\" src=\"\/wp-content\/themes\/jlec\/beef-chefs\/en\/images\/btn02.jpg\" alt=\"\u52d5\u753b\u306f\u3053\u3061\u3089\" \/><\/a> 30min(Full version)<\/li>\n\n\n \t\n\n<li><a href=\"javascript:void(0);\" class=\"modal_on\" data-id=\"movie06\" data-type=\"\u52d5\u753b\"><img decoding=\"async\" src=\"\/wp-content\/themes\/jlec\/beef-chefs\/en\/images\/btn02.jpg\" alt=\"\u52d5\u753b\u306f\u3053\u3061\u3089\" \/><\/a> 3min(Short version)<\/li>\n\n\n<\/ul>\n\n-->\n<\/div>\n<\/div>\n<div class=\"bgBottom\"><\/div>\n<\/div>\n<\/div>\n<p><!-- #005 --><\/p>\n<p><!-- 001 --><\/p>\n<div class=\"beef-chef row\">\n<div class=\"col-lg-10 offset-lg-1\">\n<div class=\"recipe__header\">\n<h3><span>INTERVIEW vol.01<\/span><\/h3>\n<h4>L\u2019Enchantement du WAGYU JAPONAIS -Hiroshi SASAKI, Gion Sasaki-<\/h4>\n<\/div>\n<div class=\"row d-lg-flex align-items-between\">\n<div class=\"col-lg-6\"><img decoding=\"async\" class=\"w-100\" src=\"https:\/\/jlec-pr.jp\/wp-content\/uploads\/2021\/04\/beef-chef2-01sasaki.jpg\" \/><\/div>\n<div class=\"col-lg-6\">\n<ul class=\"list-style-none\">\n<li class=\"m_r20\"><a href=\"\/ebook\/beef-chef\/fr-31\/\" target=\"_blank\" rel=\"noopener noreferrer\"><img decoding=\"async\" src=\"\/wp-content\/uploads\/2021\/04\/booklet-link.jpg\" alt=\"\u30a4\u30f3\u30bf\u30d3\u30e5\u30fc\u8a18\u4e8b\u306f\u3053\u3061\u3089\" \/><\/a><\/li>\n<li><a href=\"javascript:void(0);\" class=\"modal_on\" data-id=\"movie01\" data-type=\"\u52d5\u753b\"><img decoding=\"async\" src=\"\/wp-content\/themes\/jlec\/beef-chefs\/en\/images\/btn02.jpg\" alt=\"\u52d5\u753b\u306f\u3053\u3061\u3089\" \/><\/a><\/li>\n<\/ul>\n<\/div>\n<\/div>\n<div class=\"bgBottom\"><\/div>\n<\/div>\n<\/div>\n<p><!-- #001 --><\/p>\n<p><!-- 002 --><\/p>\n<div class=\"beef-chef row\">\n<div class=\"col-lg-10 offset-lg-1\">\n<div class=\"recipe__header\">\n<h3><span>INTERVIEW vol.02<\/span><\/h3>\n<h4>L\u2019Enchantement du WAGYU JAPONAIS -Jun MISHINA, Ren Mishina-<\/h4>\n<\/div>\n<div class=\"row d-lg-flex align-items-between\">\n<div class=\"col-lg-6\"><img decoding=\"async\" class=\"w-100\" src=\"https:\/\/jlec-pr.jp\/wp-content\/uploads\/2021\/04\/beef-chef2-02mishina.jpg\"\/><\/div>\n<div class=\"col-lg-6\">\n<ul class=\"list-style-none\">\n<li class=\"m_r20\"><a href=\"\/ebook\/beef-chef\/fr-32\/\" target=\"_blank\" rel=\"noopener noreferrer\"><img decoding=\"async\" src=\"\/wp-content\/uploads\/2021\/04\/booklet-link.jpg\" alt=\"\u30a4\u30f3\u30bf\u30d3\u30e5\u30fc\u8a18\u4e8b\u306f\u3053\u3061\u3089\" \/><\/a><\/li>\n<li><a href=\"javascript:void(0);\" class=\"modal_on\" data-id=\"movie02\" data-type=\"\u52d5\u753b\"><img decoding=\"async\" src=\"\/wp-content\/themes\/jlec\/beef-chefs\/en\/images\/btn02.jpg\" alt=\"\u52d5\u753b\u306f\u3053\u3061\u3089\" \/><\/a><\/li>\n<\/ul>\n<\/div>\n<\/div>\n<div class=\"bgBottom\"><\/div>\n<\/div>\n<\/div>\n<p><!-- #002 --><\/p>\n<p><!-- 003 --><\/p>\n<div class=\"beef-chef row\">\n<div class=\"col-lg-10 offset-lg-1\">\n<div class=\"recipe__header\">\n<h3><span>INTERVIEW vol.03<\/span><\/h3>\n<h4>L&rsquo;Enchantement du WAGYU JAPONAIS -Micha\u00ebl MICHAELIDIS, Jo\u00ebl Robuchon-<\/h4>\n<\/div>\n<div class=\"row d-lg-flex align-items-between\">\n<div class=\"col-lg-6\"><img decoding=\"async\" class=\"w-100\" src=\"https:\/\/jlec-pr.jp\/wp-content\/uploads\/2021\/04\/beef-chef2-04michael.jpg\"\/><\/div>\n<div class=\"col-lg-6\">\n<ul class=\"list-style-none\">\n<li class=\"m_r20\"><a href=\"\/ebook\/beef-chef\/fr-33\/\" target=\"_blank\" rel=\"noopener noreferrer\"><img decoding=\"async\" src=\"\/wp-content\/uploads\/2021\/04\/booklet-link.jpg\" alt=\"\u30a4\u30f3\u30bf\u30d3\u30e5\u30fc\u8a18\u4e8b\u306f\u3053\u3061\u3089\" \/><\/a><\/li>\n<li><a href=\"javascript:void(0);\" class=\"modal_on\" data-id=\"movie03\" data-type=\"\u52d5\u753b\"><img decoding=\"async\" src=\"\/wp-content\/themes\/jlec\/beef-chefs\/en\/images\/btn02.jpg\" alt=\"\u52d5\u753b\u306f\u3053\u3061\u3089\" \/><\/a><\/li>\n<\/ul>\n<\/div>\n<\/div>\n<div class=\"bgBottom\"><\/div>\n<\/div>\n<\/div>\n<p><!-- #003 --><\/p>\n<p><!-- 004 --><\/p>\n<div class=\"beef-chef row\">\n<div class=\"col-lg-10 offset-lg-1\">\n<div class=\"recipe__header\">\n<h3><span>INTERVIEW vol.04<\/span><\/h3>\n<h4>L&rsquo;Enchantement du WAGYU JAPONAIS -Olivier CHAIGNON, L\u2019OSIER-<\/h4>\n<\/div>\n<div class=\"row d-lg-flex align-items-between\">\n<div class=\"col-lg-6\"><img decoding=\"async\" class=\"w-100\" src=\"https:\/\/jlec-pr.jp\/wp-content\/uploads\/2021\/04\/beef-chef2-05olivier.jpg\" \/><\/div>\n<div class=\"col-lg-6\">\n<ul class=\"list-style-none\">\n<li class=\"m_r20\"><a href=\"\/ebook\/beef-chef\/fr-34\/\" target=\"_blank\" rel=\"noopener noreferrer\"><img decoding=\"async\" src=\"\/wp-content\/uploads\/2021\/04\/booklet-link.jpg\" alt=\"\u30a4\u30f3\u30bf\u30d3\u30e5\u30fc\u8a18\u4e8b\u306f\u3053\u3061\u3089\" \/><\/a><\/li>\n<li><a href=\"javascript:void(0);\" class=\"modal_on\" data-id=\"movie04\" data-type=\"\u52d5\u753b\"><img decoding=\"async\" src=\"\/wp-content\/themes\/jlec\/beef-chefs\/en\/images\/btn02.jpg\" alt=\"\u52d5\u753b\u306f\u3053\u3061\u3089\" \/><\/a><\/li>\n<\/ul>\n<\/div>\n<\/div>\n<div class=\"bgBottom\"><\/div>\n<\/div>\n<\/div>\n<p><!-- #004 --><\/p>\n<p><!-- Modaal --><br \/>\n<!-- 001 --><\/p>\n<div id=\"modal_movie01\" class=\"modal\">\n<div class=\"con iframe\">\n<div class=\"youtube\">https:\/\/www.youtube.com\/embed\/oRhc5IeG7_Y<\/div>\n<p class=\"modal_close\"><img decoding=\"async\" src=\"\/wp-content\/themes\/jlec\/beef-chefs\/en\/images\/btn_close.gif\" \/><\/p>\n<\/div>\n<\/div>\n<p><!-- #001 --><\/p>\n<p><!-- 002 --><\/p>\n<div id=\"modal_movie02\" class=\"modal\">\n<div class=\"con iframe\">\n<div class=\"youtube\">https:\/\/www.youtube.com\/embed\/8dIEdQAG-KI<\/div>\n<p class=\"modal_close\"><img decoding=\"async\" src=\"\/wp-content\/themes\/jlec\/beef-chefs\/en\/images\/btn_close.gif\" \/><\/p>\n<\/div>\n<\/div>\n<p><!-- #002 --><\/p>\n<p><!-- 003 --><\/p>\n<div id=\"modal_movie03\" class=\"modal\">\n<div class=\"con iframe\">\n<div class=\"youtube\">https:\/\/www.youtube.com\/embed\/jCln7BknsgY<\/div>\n<p class=\"modal_close\"><img decoding=\"async\" src=\"\/wp-content\/themes\/jlec\/beef-chefs\/en\/images\/btn_close.gif\" \/><\/p>\n<\/div>\n<\/div>\n<p><!-- #003 --><\/p>\n<p><!-- 004 --><\/p>\n<div id=\"modal_movie04\" class=\"modal\">\n<div class=\"con iframe\">\n<div class=\"youtube\">https:\/\/www.youtube.com\/embed\/A0i3saaslEw<\/div>\n<p class=\"modal_close\"><img decoding=\"async\" src=\"\/wp-content\/themes\/jlec\/beef-chefs\/en\/images\/btn_close.gif\" \/><\/p>\n<\/div>\n<\/div>\n<p><!-- #004 --><\/p>\n<p><!-- 005 --><\/p>\n<div id=\"modal_movie05\" class=\"modal\">\n<div class=\"con iframe\">\n<div class=\"youtube\">https:\/\/www.youtube.com\/embed\/9fWzcwm1zFw<\/div>\n<p class=\"modal_close\"><img decoding=\"async\" src=\"\/wp-content\/themes\/jlec\/beef-chefs\/en\/images\/btn_close.gif\" \/><\/p>\n<\/div>\n<\/div>\n<p><!-- #005 --><\/p>\n<p><!-- 006 --><\/p>\n<div id=\"modal_movie06\" class=\"modal\">\n<div class=\"con iframe\">\n<div class=\"youtube\">https:\/\/www.youtube.com\/embed\/EHGoTk4y5RQ<\/div>\n<p class=\"modal_close\"><img decoding=\"async\" src=\"\/wp-content\/themes\/jlec\/beef-chefs\/en\/images\/btn_close.gif\" \/><\/p>\n<\/div>\n<\/div>\n<p><!-- #006 --><br \/>\n<!-- Modaal --><\/p>\n<p><!-- beef-chefs js --><br \/>\n<script type=\"text\/javascript\" src=\"https:\/\/jlec-pr.jp\/wp-content\/themes\/jlec\/beef-chefs\/en\/js\/jquery.cookie.js\"><\/script><br \/>\n<script type=\"text\/javascript\" src=\"https:\/\/jlec-pr.jp\/wp-content\/themes\/jlec\/beef-chefs\/en\/js\/modal.js\"><\/script><br \/>\n<script type=\"text\/javascript\" src=\"https:\/\/jlec-pr.jp\/wp-content\/themes\/jlec\/beef-chefs\/en\/js\/slide.js\"><\/script><\/p>\n","protected":false},"excerpt":{"rendered":"<p>Les attraits du b\u0153uf Wagyu pr\u00e9sent\u00e9s par des chefs prestigieux des diff\u00e9rentes cuisines vol.02 vol.01 SPECIAL TALK Version en anglais seulement INTERVIEW vol.01 L\u2019Enchantement du WAGYU JAPONAIS -Hiroshi SASAKI, Gion Sasaki- INTERVIEW vol.02 L\u2019Enchantement du WAGYU JAPONAIS -Jun MISHINA, Ren Mishina- INTERVIEW vol.03 L&rsquo;Enchantement du WAGYU JAPONAIS -Micha\u00ebl MICHAELIDIS, Jo\u00ebl Robuchon- INTERVIEW vol.04 L&rsquo;Enchantement du [&hellip;]<\/p>\n","protected":false},"author":3,"featured_media":0,"parent":332,"menu_order":0,"comment_status":"closed","ping_status":"closed","template":"page-template\/beef-fr-template.php","meta":{"_acf_changed":false,"_locale":"fr_FR","_original_post":"http:\/\/jlec-pr.jp\/?page_id=10568","footnotes":""},"class_list":["post-10571","page","type-page","status-publish","hentry","fr-FR"],"acf":[],"_links":{"self":[{"href":"https:\/\/jlec-pr.jp\/wp-json\/wp\/v2\/pages\/10571","targetHints":{"allow":["GET"]}}],"collection":[{"href":"https:\/\/jlec-pr.jp\/wp-json\/wp\/v2\/pages"}],"about":[{"href":"https:\/\/jlec-pr.jp\/wp-json\/wp\/v2\/types\/page"}],"author":[{"embeddable":true,"href":"https:\/\/jlec-pr.jp\/wp-json\/wp\/v2\/users\/3"}],"replies":[{"embeddable":true,"href":"https:\/\/jlec-pr.jp\/wp-json\/wp\/v2\/comments?post=10571"}],"version-history":[{"count":29,"href":"https:\/\/jlec-pr.jp\/wp-json\/wp\/v2\/pages\/10571\/revisions"}],"predecessor-version":[{"id":10761,"href":"https:\/\/jlec-pr.jp\/wp-json\/wp\/v2\/pages\/10571\/revisions\/10761"}],"up":[{"embeddable":true,"href":"https:\/\/jlec-pr.jp\/wp-json\/wp\/v2\/pages\/332"}],"wp:attachment":[{"href":"https:\/\/jlec-pr.jp\/wp-json\/wp\/v2\/media?parent=10571"}],"curies":[{"name":"wp","href":"https:\/\/api.w.org\/{rel}","templated":true}]}}