{"id":10331,"date":"2021-03-18T17:00:44","date_gmt":"2021-03-18T08:00:44","guid":{"rendered":"http:\/\/jlec-pr.jp\/?page_id=10331"},"modified":"2021-03-18T17:21:13","modified_gmt":"2021-03-18T08:21:13","slug":"beef-menu3","status":"publish","type":"page","link":"https:\/\/jlec-pr.jp\/fr\/beef\/beef-menu\/beef-menu3\/","title":{"rendered":"Menu autour du b\u0153uf Wagyu japonais compos\u00e9 par des grands chefs en France3"},"content":{"rendered":"<h2>Menu autour du b\u0153uf Wagyu japonais compos\u00e9 par des grands chefs en France3<\/h2>\n<ul class=\"menu mnav2 clearfix\">\n<li><a href=\"\/fr\/beef\/beef-menu\/beef-menu3\/\">vol.03<\/a><\/li>\n<li><a href=\"\/fr\/beef\/beef-menu\/beef-menu2\/\">vol.02<\/a><\/li>\n<li><a href=\"\/fr\/beef\/beef-menu\">vol.01<\/a><\/li>\n<\/ul>\n<div class=\"row\">\n<div class=\"col-12 col-md-4\">\n<img decoding=\"async\" class=\"img-fluid mx-auto d-block \" src=\"https:\/\/jlec-pr.jp\/wp-content\/uploads\/2021\/03\/fr-menu03_01.jpg\" alt=\"Morceau de wagyu vivement saisi au grill, cuit - cru de l\u00e9gumes et fruits d\u2019automne - condiment \u00e0 l\u2019oignon de Savoie\" ><\/p>\n<p style=\"text-align: center;\"><strong>Morceau de wagyu vivement saisi au grill, cuit &#8211; cru de l\u00e9gumes et fruits d\u2019automne &#8211; condiment \u00e0 l\u2019oignon de Savoie<\/strong><\/p>\n<p style=\"text-align: center;\"><a href=\"https:\/\/jlec-pr.jp\/wp-content\/uploads\/2021\/03\/fr-frmenu03_01.pdf\" target=\"_blank\" rel=\"noopener noreferrer\">Menu<\/a><\/p>\n<\/div>\n<div class=\"col-12 col-md-4\">\n<img decoding=\"async\" class=\"img-fluid mx-auto d-block \" src=\"https:\/\/jlec-pr.jp\/wp-content\/uploads\/2021\/03\/fr-menu03_02.jpg\" alt=\"B\u0153uf wagyu japonais, carottes de mara\u00eecher confites \u00e0 l\u2019ail noir, jus bourguignon au dulse\" ><\/p>\n<p style=\"text-align: center;\"><strong>B\u0153uf wagyu japonais, carottes de mara\u00eecher confites \u00e0 l\u2019ail noir, jus bourguignon au dulse<\/strong><\/p>\n<p style=\"text-align: center;\"><a href=\"https:\/\/jlec-pr.jp\/wp-content\/uploads\/2021\/03\/fr-frmenu03_02.pdf\" target=\"_blank\" rel=\"noopener noreferrer\">Menu<\/a><\/p>\n<\/div>\n<div class=\"col-12 col-md-4\">\n<img decoding=\"async\" class=\"img-fluid mx-auto d-block \" src=\"https:\/\/jlec-pr.jp\/wp-content\/uploads\/2021\/03\/fr-menu03_03.jpg\" alt=\"Steak de wagyu japonais grill\u00e9, mousseline et ravioles aux oignons vinaigr\u00e9s, jus d\u2019oignons doux\" ><\/p>\n<p style=\"text-align: center;\"><strong>Steak de wagyu japonais grill\u00e9, mousseline et ravioles aux oignons vinaigr\u00e9s, jus d\u2019oignons doux<\/strong><\/p>\n<p style=\"text-align: center;\"><a href=\"https:\/\/jlec-pr.jp\/wp-content\/uploads\/2021\/03\/fr-frmenu03_03.pdf\" target=\"_blank\" rel=\"noopener noreferrer\">Menu<\/a><\/p>\n<\/div>\n<\/div>\n<div class=\"row\">\n<div class=\"col-12 col-md-4\">\n<img decoding=\"async\" class=\"img-fluid mx-auto d-block \" src=\"https:\/\/jlec-pr.jp\/wp-content\/uploads\/2021\/03\/fr-menu03_04.jpg\" alt=\"B\u0153uf wagyu, c\u00e8pe r\u00f4ti, pulpe de noisettes torr\u00e9fi\u00e9es\" ><\/p>\n<p style=\"text-align: center;\"><strong>B\u0153uf wagyu, c\u00e8pe r\u00f4ti, pulpe de noisettes torr\u00e9fi\u00e9es<\/strong><\/p>\n<p style=\"text-align: center;\"><a href=\"https:\/\/jlec-pr.jp\/wp-content\/uploads\/2021\/03\/fr-frmenu03_04.pdf\" target=\"_blank\" rel=\"noopener noreferrer\">Menu<\/a><\/p>\n<\/div>\n<div class=\"col-12 col-md-4\">\n<img decoding=\"async\" class=\"img-fluid mx-auto d-block \" src=\"https:\/\/jlec-pr.jp\/wp-content\/uploads\/2021\/03\/fr-menu03_05.jpg\" alt=\"Boeuf wagyu grill\u00e9, \u00e9chalotes griselles, caf\u00e9, poires, huile de persil, croustillant de lard\" ><\/p>\n<p style=\"text-align: center;\"><strong>Boeuf wagyu grill\u00e9, \u00e9chalotes griselles, caf\u00e9, poires, huile de persil, croustillant de lard<\/strong><\/p>\n<p style=\"text-align: center;\"><a href=\"https:\/\/jlec-pr.jp\/wp-content\/uploads\/2021\/03\/fr-frmenu03_05.pdf\" target=\"_blank\" rel=\"noopener noreferrer\">Menu<\/a><\/p>\n<\/div>\n<div class=\"col-12 col-md-4\">\n<img decoding=\"async\" class=\"img-fluid mx-auto d-block \" src=\"https:\/\/jlec-pr.jp\/wp-content\/uploads\/2021\/03\/fr-menu03_06.jpg\" alt=\"Rond de g\u00eete de wagyu en cro\u00fbte de sel et monarde, salade de pommes de terre, betteraves et truffe, jus de b\u0153uf et champignons\" ><\/p>\n<p style=\"text-align: center;\"><strong>Rond de g\u00eete de wagyu en cro\u00fbte de sel et monarde, salade de pommes de terre, betteraves et truffe, jus de b\u0153uf et champignons<\/strong><\/p>\n<p style=\"text-align: center;\"><a href=\"https:\/\/jlec-pr.jp\/wp-content\/uploads\/2021\/03\/fr-frmenu03_06.pdf\" target=\"_blank\" rel=\"noopener noreferrer\">Menu<\/a><\/p>\n<\/div>\n<\/div>\n<div class=\"row\">\n<div class=\"col-12 col-md-4\">\n<img decoding=\"async\" class=\"img-fluid mx-auto d-block \" src=\"https:\/\/jlec-pr.jp\/wp-content\/uploads\/2021\/03\/fr-menu03_07.jpg\" alt=\"B\u0153uf wagyu, topinambours laqu\u00e9s au miel, choux de Bruxelles \u00e0 l\u2019huile de s\u00e9same\" ><\/p>\n<p style=\"text-align: center;\"><strong>B\u0153uf wagyu, topinambours laqu\u00e9s au miel, choux de Bruxelles \u00e0 l\u2019huile de s\u00e9same<\/strong><\/p>\n<p style=\"text-align: center;\"><a href=\"https:\/\/jlec-pr.jp\/wp-content\/uploads\/2021\/03\/fr-frmenu03_07.pdf\" target=\"_blank\" rel=\"noopener noreferrer\">Menu<\/a><\/p>\n<\/div>\n<div class=\"col-12 col-md-4\">\n<img decoding=\"async\" class=\"img-fluid mx-auto d-block \" src=\"https:\/\/jlec-pr.jp\/wp-content\/uploads\/2021\/03\/fr-menu03_08.jpg\" alt=\"Recto-verso de tende de tranche fum\u00e9e au bois de romarin, l\u00e9gumes du Val de Sa\u00f4ne frits \u00e0 la graisse de wagyu, cr\u00e8me de Bresse aigre \u00e0 l'oignon rouge\" ><\/p>\n<p style=\"text-align: center;\"><strong>Recto-verso de tende de tranche fum\u00e9e au bois de romarin, l\u00e9gumes du Val de Sa\u00f4ne frits \u00e0 la graisse de wagyu, cr\u00e8me de Bresse aigre \u00e0 l&rsquo;oignon rouge<\/strong><\/p>\n<p style=\"text-align: center;\"><a href=\"https:\/\/jlec-pr.jp\/wp-content\/uploads\/2021\/03\/fr-frmenu03_08.pdf\" target=\"_blank\" rel=\"noopener noreferrer\">Menu<\/a><\/p>\n<\/div>\n<div class=\"col-12 col-md-4\">\n<img decoding=\"async\" class=\"img-fluid mx-auto d-block \" src=\"https:\/\/jlec-pr.jp\/wp-content\/uploads\/2021\/03\/fr-menu03_09.jpg\" alt=\"Le tende de tranche de boeuf wagyu d'origine japonaise comme un carpaccio, navets natsu komachi en vinaigrette avec une huile vierge parfum\u00e9e au safran de Bourgogne et tomme de vache de Blanot, quelques herbes acidul\u00e9es\" ><\/p>\n<p style=\"text-align: center;\"><strong>Le tende de tranche de boeuf wagyu d&rsquo;origine japonaise comme un \u00ab\u00a0carpaccio\u00a0\u00bb, navets natsu komachi en vinaigrette avec une huile vierge parfum\u00e9e au safran de Bourgogne et tomme de vache de Blanot, quelques herbes acidul\u00e9es<\/strong><\/p>\n<p style=\"text-align: center;\"><a href=\"https:\/\/jlec-pr.jp\/wp-content\/uploads\/2021\/03\/fr-frmenu03_09.pdf\" target=\"_blank\" rel=\"noopener noreferrer\">Menu<\/a><\/p>\n<\/div>\n<\/div>\n<div class=\"row\">\n<div class=\"col-12 col-md-4\">\n<img decoding=\"async\" class=\"img-fluid mx-auto d-block \" src=\"https:\/\/jlec-pr.jp\/wp-content\/uploads\/2021\/03\/fr-menu03_10.jpg\" alt=\"G\u00eete r\u00f4ti \u00e0 la dr\u00eache de malt fum\u00e9, multicolore de carotte, poudre de houblon, jus de dr\u00eache\" ><\/p>\n<p style=\"text-align: center;\"><strong>G\u00eete r\u00f4ti \u00e0 la dr\u00eache de malt fum\u00e9, multicolore de carotte, poudre de houblon, jus de dr\u00eache<\/strong><\/p>\n<p style=\"text-align: center;\"><a href=\"https:\/\/jlec-pr.jp\/wp-content\/uploads\/2021\/03\/fr-frmenu03_10.pdf\" target=\"_blank\" rel=\"noopener noreferrer\">Menu<\/a><\/p>\n<\/div>\n<div class=\"col-12 col-md-4\">\n<img decoding=\"async\" class=\"img-fluid mx-auto d-block \" src=\"https:\/\/jlec-pr.jp\/wp-content\/uploads\/2021\/03\/fr-menu03_11.jpg\" alt=\"Tende de tranche de wagyu r\u00f4tie au serpolet de Belleville, mondeuse\n\u00c9cras\u00e9e de panais et passenailles (carottes en savoyard), pomme boulang\u00e8re\" ><\/p>\n<p style=\"text-align: center;\"><strong>Tende de tranche de wagyu r\u00f4tie au serpolet de Belleville, mondeuse<br \/>\n\u00c9cras\u00e9e de panais et passenailles (carottes en savoyard), pomme boulang\u00e8re<\/strong><\/p>\n<p style=\"text-align: center;\"><a href=\"https:\/\/jlec-pr.jp\/wp-content\/uploads\/2021\/03\/fr-frmenu03_11.pdf\" target=\"_blank\" rel=\"noopener noreferrer\">Menu<\/a><\/p>\n<\/div>\n<div class=\"col-12 col-md-4\">\n<img decoding=\"async\" class=\"img-fluid mx-auto d-block \" src=\"https:\/\/jlec-pr.jp\/wp-content\/uploads\/2021\/03\/fr-menu03_12.jpg\" alt=\"Wagyu, bouillon de c\u00e9leri-rave caram\u00e9lis\u00e9\" ><\/p>\n<p style=\"text-align: center;\"><strong>Wagyu, bouillon de c\u00e9leri-rave caram\u00e9lis\u00e9<\/strong><\/p>\n<p style=\"text-align: center;\"><a href=\"https:\/\/jlec-pr.jp\/wp-content\/uploads\/2021\/03\/fr-frmenu03_12.pdf\" target=\"_blank\" rel=\"noopener noreferrer\">Menu<\/a><\/p>\n<\/div>\n<\/div>\n<div class=\"row\">\n<div class=\"col-12 col-md-4\">\n<img decoding=\"async\" class=\"img-fluid mx-auto d-block \" src=\"https:\/\/jlec-pr.jp\/wp-content\/uploads\/2021\/03\/fr-menu03_13.jpg\" alt=\"Tranche de ronde de wagyu roul\u00e9e et r\u00f4tie dans un c\u00e9leri\" ><\/p>\n<p style=\"text-align: center;\"><strong>Tranche de ronde de wagyu roul\u00e9e et r\u00f4tie dans un c\u00e9leri<\/strong><\/p>\n<p style=\"text-align: center;\"><a href=\"https:\/\/jlec-pr.jp\/wp-content\/uploads\/2021\/03\/fr-frmenu03_13.pdf\" target=\"_blank\" rel=\"noopener noreferrer\">Menu<\/a><\/p>\n<\/div>\n<div class=\"col-12 col-md-4\">\n<img decoding=\"async\" class=\"img-fluid mx-auto d-block \" src=\"https:\/\/jlec-pr.jp\/wp-content\/uploads\/2021\/03\/fr-menu03_14.jpg\" alt=\"B\u0153uf wagyu fum\u00e9 \u00e0 la flouve odorante, ravioles de mains de Bouddha, carottes et cl\u00e9mentines\" ><\/p>\n<p style=\"text-align: center;\"><strong>B\u0153uf wagyu fum\u00e9 \u00e0 la flouve odorante, ravioles de mains de Bouddha, carottes et cl\u00e9mentines<\/strong><\/p>\n<p style=\"text-align: center;\"><a href=\"https:\/\/jlec-pr.jp\/wp-content\/uploads\/2021\/03\/fr-frmenu03_14.pdf\" target=\"_blank\" rel=\"noopener noreferrer\">Menu<\/a><\/p>\n<\/div>\n<div class=\"col-12 col-md-4\">\n<img decoding=\"async\" class=\"img-fluid mx-auto d-block \" src=\"https:\/\/jlec-pr.jp\/wp-content\/uploads\/2021\/03\/fr-menu03_15.jpg\" alt=\"Sukiyaki don\" ><\/p>\n<p style=\"text-align: center;\"><strong>Sukiyaki don<\/strong><\/p>\n<p style=\"text-align: center;\"><a href=\"https:\/\/jlec-pr.jp\/wp-content\/uploads\/2021\/03\/fr-frmenu03_15.pdf\" target=\"_blank\" rel=\"noopener noreferrer\">Menu<\/a><\/p>\n<\/div>\n<\/div>\n<div class=\"row\">\n<div class=\"col-12 col-md-4\">\n<img decoding=\"async\" class=\"img-fluid mx-auto d-block \" src=\"https:\/\/jlec-pr.jp\/wp-content\/uploads\/2021\/03\/fr-menu03_16.jpg\" alt=\"Wagyu japonais fum\u00e9 au gen\u00e9vrier, gnocchis de gaudes au beaufort, jus \u00e0 la mondeuse\" ><\/p>\n<p style=\"text-align: center;\"><strong>Wagyu japonais fum\u00e9 au gen\u00e9vrier, gnocchis de gaudes au beaufort, jus \u00e0 la mondeuse<\/strong><\/p>\n<p style=\"text-align: center;\"><a href=\"https:\/\/jlec-pr.jp\/wp-content\/uploads\/2021\/03\/fr-frmenu03_16.pdf\" target=\"_blank\" rel=\"noopener noreferrer\">Menu<\/a><\/p>\n<\/div>\n<div class=\"col-12 col-md-4\">\n<img decoding=\"async\" class=\"img-fluid mx-auto d-block \" src=\"https:\/\/jlec-pr.jp\/wp-content\/uploads\/2021\/03\/fr-menu03_17.jpg\" alt=\"Rosbif de tende de tranche de wagyu, churros de pommes de terre, chou pointu, sauce marini\u00e8re\" ><\/p>\n<p style=\"text-align: center;\"><strong>Rosbif de tende de tranche de wagyu, churros de pommes de terre, chou pointu, sauce marini\u00e8re<\/strong><\/p>\n<p style=\"text-align: center;\"><a href=\"https:\/\/jlec-pr.jp\/wp-content\/uploads\/2021\/03\/fr-frmenu03_17.pdf\" target=\"_blank\" rel=\"noopener noreferrer\">Menu<\/a><\/p>\n<\/div>\n<div class=\"col-12 col-md-4\">\n<img decoding=\"async\" class=\"img-fluid mx-auto d-block \" src=\"https:\/\/jlec-pr.jp\/wp-content\/uploads\/2021\/03\/fr-menu03_18.jpg\" alt=\"B\u0153uf wagyu en tartare aux hu\u00eetres de Camargue et caviar, l\u00e9g\u00e8rement acidul\u00e9 aux l\u00e9gumes hivernaux\" ><\/p>\n<p style=\"text-align: center;\"><strong>B\u0153uf wagyu en tartare aux hu\u00eetres de Camargue et caviar, l\u00e9g\u00e8rement acidul\u00e9 aux l\u00e9gumes hivernaux<\/strong><\/p>\n<p style=\"text-align: center;\"><a href=\"https:\/\/jlec-pr.jp\/wp-content\/uploads\/2021\/03\/fr-frmenu03_18.pdf\" target=\"_blank\" rel=\"noopener noreferrer\">Menu<\/a><\/p>\n<\/div>\n<\/div>\n<div class=\"row\">\n<div class=\"col-12 col-md-4\">\n<img decoding=\"async\" class=\"img-fluid mx-auto d-block \" src=\"https:\/\/jlec-pr.jp\/wp-content\/uploads\/2021\/03\/fr-menu03_19.jpg\" alt=\"B\u0153uf wagyu, pulpe de pistache iod\u00e9e, \u00ab Pot\u00e9e blanche \u00bb parfum\u00e9e au foin et diamant noir\" ><\/p>\n<p style=\"text-align: center;\"><strong>B\u0153uf wagyu, pulpe de pistache iod\u00e9e, \u00ab Pot\u00e9e blanche \u00bb parfum\u00e9e au foin et diamant noir<\/strong><\/p>\n<p style=\"text-align: center;\"><a href=\"https:\/\/jlec-pr.jp\/wp-content\/uploads\/2021\/03\/fr-frmenu03_19.pdf\" target=\"_blank\" rel=\"noopener noreferrer\">Menu<\/a><\/p>\n<\/div>\n<div class=\"col-12 col-md-4\">\n<img decoding=\"async\" class=\"img-fluid mx-auto d-block \" src=\"https:\/\/jlec-pr.jp\/wp-content\/uploads\/2021\/03\/fr-menu03_20.jpg\" alt=\"Wagyu juste saisi, pain perdu \u00e0 la ch\u00e2taigne et voile de c\u00e9leri, cr\u00e9meux aux c\u00e8pes et granola de c\u00e9r\u00e9ales aux dr\u00eaches\" ><\/p>\n<p style=\"text-align: center;\"><strong>Wagyu juste saisi, pain perdu \u00e0 la ch\u00e2taigne et voile de c\u00e9leri, cr\u00e9meux aux c\u00e8pes et granola de c\u00e9r\u00e9ales aux dr\u00eaches<\/strong><\/p>\n<p style=\"text-align: center;\"><a href=\"https:\/\/jlec-pr.jp\/wp-content\/uploads\/2021\/03\/fr-frmenu03_20.pdf\" target=\"_blank\" rel=\"noopener noreferrer\">Menu<\/a><\/p>\n<\/div>\n<div class=\"col-12 col-md-4\">\n<img decoding=\"async\" class=\"img-fluid mx-auto d-block \" src=\"https:\/\/jlec-pr.jp\/wp-content\/uploads\/2021\/03\/fr-menu03_21.jpg\" alt=\"Tende de tranche de wagyu fum\u00e9 au bois de gen\u00e9vrier, l\u00e9gumes du potager, jus \u00e0 l\u2019\u00d4 de Jo\" ><\/p>\n<p style=\"text-align: center;\"><strong>Tende de tranche de wagyu fum\u00e9 au bois de gen\u00e9vrier, l\u00e9gumes du potager, jus \u00e0 l\u2019\u00d4 de Jo<\/strong><\/p>\n<p style=\"text-align: center;\"><a href=\"https:\/\/jlec-pr.jp\/wp-content\/uploads\/2021\/03\/fr-frmenu03_21.pdf\" target=\"_blank\" rel=\"noopener noreferrer\">Menu<\/a><\/p>\n<\/div>\n<\/div>\n<div class=\"row\">\n<div class=\"col-12 col-md-4\">\n<img decoding=\"async\" class=\"img-fluid mx-auto d-block \" src=\"https:\/\/jlec-pr.jp\/wp-content\/uploads\/2021\/03\/fr-menu03_22.jpg\" alt=\"Pot\u00e9e lorraine\" ><\/p>\n<p style=\"text-align: center;\"><strong>Pot\u00e9e lorraine<\/strong><\/p>\n<p style=\"text-align: center;\"><a href=\"https:\/\/jlec-pr.jp\/wp-content\/uploads\/2021\/03\/fr-frmenu03_22.pdf\" target=\"_blank\" rel=\"noopener noreferrer\">Menu<\/a><\/p>\n<\/div>\n<div class=\"col-12 col-md-4\">\n<img decoding=\"async\" class=\"img-fluid mx-auto d-block \" src=\"https:\/\/jlec-pr.jp\/wp-content\/uploads\/2021\/03\/fr-menu03_23.jpg\" alt=\"Bao de b\u0153uf wagyu, gyosho, sardines, c\u00e9leri et bouillon grill\u00e9\" ><\/p>\n<p style=\"text-align: center;\"><strong>Bao de b\u0153uf wagyu, gyosho, sardines, c\u00e9leri et bouillon grill\u00e9<\/strong><\/p>\n<p style=\"text-align: center;\"><a href=\"https:\/\/jlec-pr.jp\/wp-content\/uploads\/2021\/03\/fr-frmenu03_23.pdf\" target=\"_blank\" rel=\"noopener noreferrer\">Menu<\/a><\/p>\n<\/div>\n<div class=\"col-12 col-md-4\">\n<img decoding=\"async\" class=\"img-fluid mx-auto d-block \" src=\"https:\/\/jlec-pr.jp\/wp-content\/uploads\/2021\/03\/fr-menu03_24.jpg\" alt=\"R\u00f4ti de b\u0153uf wagyu, risotto aux champignons de saison, sauce au porto\" ><\/p>\n<p style=\"text-align: center;\"><strong>R\u00f4ti de b\u0153uf wagyu, risotto aux champignons de saison, sauce au porto<\/strong><\/p>\n<p style=\"text-align: center;\"><a href=\"https:\/\/jlec-pr.jp\/wp-content\/uploads\/2021\/03\/fr-frmenu03_24.pdf\" target=\"_blank\" rel=\"noopener noreferrer\">Menu<\/a><\/p>\n<\/div>\n<\/div>\n<ul class=\"menu mnav2 clearfix\">\n<li><a href=\"https:\/\/jlec-pr.jp\/wp-content\/uploads\/2021\/03\/fr-frmenu03.pdf\" target=\"_blank\" rel=\"noopener noreferrer\">T\u00e9l\u00e9chargez toutes les recettes (PDF)<\/a><\/li>\n<\/ul>\n","protected":false},"excerpt":{"rendered":"<p>Menu autour du b\u0153uf Wagyu japonais compos\u00e9 par des grands chefs en France3 vol.03 vol.02 vol.01 Morceau de wagyu vivement saisi au grill, cuit &#8211; cru de l\u00e9gumes et fruits d\u2019automne &#8211; condiment \u00e0 l\u2019oignon de Savoie Menu B\u0153uf wagyu japonais, carottes de mara\u00eecher confites \u00e0 l\u2019ail noir, jus bourguignon au dulse Menu Steak de [&hellip;]<\/p>\n","protected":false},"author":2,"featured_media":0,"parent":218,"menu_order":0,"comment_status":"closed","ping_status":"closed","template":"page-template\/beef-fr-template.php","meta":{"_acf_changed":false,"_locale":"fr_FR","_original_post":"http:\/\/jlec-pr.jp\/?page_id=10242","footnotes":""},"class_list":["post-10331","page","type-page","status-publish","hentry","fr-FR"],"acf":[],"_links":{"self":[{"href":"https:\/\/jlec-pr.jp\/wp-json\/wp\/v2\/pages\/10331","targetHints":{"allow":["GET"]}}],"collection":[{"href":"https:\/\/jlec-pr.jp\/wp-json\/wp\/v2\/pages"}],"about":[{"href":"https:\/\/jlec-pr.jp\/wp-json\/wp\/v2\/types\/page"}],"author":[{"embeddable":true,"href":"https:\/\/jlec-pr.jp\/wp-json\/wp\/v2\/users\/2"}],"replies":[{"embeddable":true,"href":"https:\/\/jlec-pr.jp\/wp-json\/wp\/v2\/comments?post=10331"}],"version-history":[{"count":2,"href":"https:\/\/jlec-pr.jp\/wp-json\/wp\/v2\/pages\/10331\/revisions"}],"predecessor-version":[{"id":10359,"href":"https:\/\/jlec-pr.jp\/wp-json\/wp\/v2\/pages\/10331\/revisions\/10359"}],"up":[{"embeddable":true,"href":"https:\/\/jlec-pr.jp\/wp-json\/wp\/v2\/pages\/218"}],"wp:attachment":[{"href":"https:\/\/jlec-pr.jp\/wp-json\/wp\/v2\/media?parent=10331"}],"curies":[{"name":"wp","href":"https:\/\/api.w.org\/{rel}","templated":true}]}}