{"id":968,"date":"2020-02-20T15:05:02","date_gmt":"2020-02-20T06:05:02","guid":{"rendered":"http:\/\/jlec-pr.jp\/?page_id=968"},"modified":"2020-02-26T22:49:09","modified_gmt":"2020-02-26T13:49:09","slug":"japanese-eggrecipe","status":"publish","type":"page","link":"https:\/\/jlec-pr.jp\/es\/egg\/japanese-eggrecipe\/","title":{"rendered":"La p\u00e1gina de destino no est\u00e1 en espa\u00f1ol."},"content":{"rendered":"<p><center>La p\u00e1gina de destino no est\u00e1 en espa\u00f1ol.<\/center><\/p>\n","protected":false},"excerpt":{"rendered":"<p>La p\u00e1gina de destino no est\u00e1 en espa\u00f1ol.<\/p>\n","protected":false},"author":1,"featured_media":0,"parent":461,"menu_order":0,"comment_status":"closed","ping_status":"closed","template":"page-template\/egg-sp-template.php","meta":{"_acf_changed":false,"_locale":"es_ES","_original_post":"964","footnotes":""},"class_list":["post-968","page","type-page","status-publish","hentry","es-ES"],"acf":[],"_links":{"self":[{"href":"https:\/\/jlec-pr.jp\/wp-json\/wp\/v2\/pages\/968","targetHints":{"allow":["GET"]}}],"collection":[{"href":"https:\/\/jlec-pr.jp\/wp-json\/wp\/v2\/pages"}],"about":[{"href":"https:\/\/jlec-pr.jp\/wp-json\/wp\/v2\/types\/page"}],"author":[{"embeddable":true,"href":"https:\/\/jlec-pr.jp\/wp-json\/wp\/v2\/users\/1"}],"replies":[{"embeddable":true,"href":"https:\/\/jlec-pr.jp\/wp-json\/wp\/v2\/comments?post=968"}],"version-history":[{"count":2,"href":"https:\/\/jlec-pr.jp\/wp-json\/wp\/v2\/pages\/968\/revisions"}],"predecessor-version":[{"id":8527,"href":"https:\/\/jlec-pr.jp\/wp-json\/wp\/v2\/pages\/968\/revisions\/8527"}],"up":[{"embeddable":true,"href":"https:\/\/jlec-pr.jp\/wp-json\/wp\/v2\/pages\/461"}],"wp:attachment":[{"href":"https:\/\/jlec-pr.jp\/wp-json\/wp\/v2\/media?parent=968"}],"curies":[{"name":"wp","href":"https:\/\/api.w.org\/{rel}","templated":true}]}}