{"id":545,"date":"2020-02-12T15:58:09","date_gmt":"2020-02-12T06:58:09","guid":{"rendered":"http:\/\/jlec-pr.jp\/?page_id=545"},"modified":"2020-02-17T21:54:16","modified_gmt":"2020-02-17T12:54:16","slug":"chicken-logomark","status":"publish","type":"page","link":"https:\/\/jlec-pr.jp\/es\/chicken\/chicken-logomark\/","title":{"rendered":"Presentaci\u00f3n del logotipo unificado de pollo"},"content":{"rendered":"<h2>Presentaci\u00f3n del logotipo unificado de pollo<\/h2>\n<p class=\"thumbs_left\"><img decoding=\"async\" style=\"display: block; margin-left: auto; margin-right: auto; border: 2px solid #cccccc; padding: 20px;\" src=\"https:\/\/jlec-pr.jp\/wp-content\/uploads\/2020\/02\/chiken-logo.png\" alt=\"Unified logo\" width=\"300\" \/><\/p>\n<h3>Prueba de confianza sobre el pollo japon\u00e9s que se puede disfrutarlo seguro y delicioso.<\/h3>\n<p>Con el fin de distribuir al mundo entero el pollo producido en Jap\u00f3n, se estableci\u00f3 el respectivo sello unificado de pollo en 2015.<br \/>El pollo japon\u00e9s es criado bajo un ambiente limpio y buenas condiciones, y producido bajo estricto control de calidad y por esta raz\u00f3n recibe \u300cel sello unificado de pollo\u300dEste es la prueba de confianza sobre el seguro y delicioso pollo japon\u00e9s.<\/p>\n","protected":false},"excerpt":{"rendered":"<p>Presentaci\u00f3n del logotipo unificado de pollo Prueba de confianza sobre el pollo japon\u00e9s que se puede disfrutarlo seguro y delicioso. Con el fin de distribuir al mundo entero el pollo producido en Jap\u00f3n, se estableci\u00f3 el respectivo sello unificado de pollo en 2015.El pollo japon\u00e9s es criado bajo un ambiente limpio y buenas condiciones, y [&hellip;]<\/p>\n","protected":false},"author":1,"featured_media":0,"parent":517,"menu_order":0,"comment_status":"closed","ping_status":"closed","template":"page-template\/chicken-sp-template.php","meta":{"_acf_changed":false,"_locale":"es_ES","_original_post":"162","footnotes":""},"class_list":["post-545","page","type-page","status-publish","hentry","es-ES"],"acf":[],"_links":{"self":[{"href":"https:\/\/jlec-pr.jp\/wp-json\/wp\/v2\/pages\/545","targetHints":{"allow":["GET"]}}],"collection":[{"href":"https:\/\/jlec-pr.jp\/wp-json\/wp\/v2\/pages"}],"about":[{"href":"https:\/\/jlec-pr.jp\/wp-json\/wp\/v2\/types\/page"}],"author":[{"embeddable":true,"href":"https:\/\/jlec-pr.jp\/wp-json\/wp\/v2\/users\/1"}],"replies":[{"embeddable":true,"href":"https:\/\/jlec-pr.jp\/wp-json\/wp\/v2\/comments?post=545"}],"version-history":[{"count":4,"href":"https:\/\/jlec-pr.jp\/wp-json\/wp\/v2\/pages\/545\/revisions"}],"predecessor-version":[{"id":4148,"href":"https:\/\/jlec-pr.jp\/wp-json\/wp\/v2\/pages\/545\/revisions\/4148"}],"up":[{"embeddable":true,"href":"https:\/\/jlec-pr.jp\/wp-json\/wp\/v2\/pages\/517"}],"wp:attachment":[{"href":"https:\/\/jlec-pr.jp\/wp-json\/wp\/v2\/media?parent=545"}],"curies":[{"name":"wp","href":"https:\/\/api.w.org\/{rel}","templated":true}]}}