{"id":531,"date":"2020-02-07T14:41:32","date_gmt":"2020-02-07T05:41:32","guid":{"rendered":"http:\/\/jlec-pr.jp\/?page_id=531"},"modified":"2020-02-28T11:26:13","modified_gmt":"2020-02-28T02:26:13","slug":"chicken-tokutyou","status":"publish","type":"page","link":"https:\/\/jlec-pr.jp\/es\/chicken\/chicken-tokutyou\/","title":{"rendered":"Caracteristicas del pollo"},"content":{"rendered":"<h2>Caracteristicas del pollo<\/h2>\n<div class=\"row\">\n<div class=\"col-12 col-md-5\">\n<img decoding=\"async\" src=\"https:\/\/jlec-pr.jp\/wp-content\/uploads\/2020\/02\/chicken-01.jpg\" class=\"img-fluid mx-auto d-block img-rd-lg mg-md\" alt=\"about 01\" \/>\n<\/div>\n<div class=\"col\">\n<h3>\nLas aves de corral de Jap\u00f3n orientadas a  la  salud<br \/>\n<\/h3>\n<p class=\"mb-35\">\nEl pollo japon\u00e9s cuenta con abundantes variedades y cada una de las variedades como el pollo criollo, pollo de marca y pollo a la parrilla, cada uno posee la \u00fanica carnocidad, textura y sabor y  es aplicable a toda clase de culinaria y no debe de faltar en la cocina japonesa.<\/p>\n<ol>\n<li>Que contenga&nbsp; en forma abundante y balanceada amino\u00e1cidos esenciales las cuales no se puede sintetizar en&nbsp; el cueropo humano.<\/li>\n<li>que sea rico en&nbsp; la vitamina A que mantiene sana la membrana mucosa.<\/li>\n<li>Que sea rico en prote\u00edna y bajo de grasa.<\/li>\n<li>Que tenga alto contenido de&nbsp; dip\u00e9ptido imidazol que es antioxidante( Anserina carnosina) y&nbsp; tenga efecto de recuperaci\u00f3n de fatiga y elimine el ox\u00edgeno activo.<\/li>\n<\/ol>\n<h3>\nCompromiso con la seguridad y exiqusitez<br \/>\n<\/h3>\n<p class=\"mb-35\">\nEl pollo japon\u00e9s es criado bajo un ambiente limpio y buena condici\u00f3n y en cuanto a los materiales para la producci\u00f3n como el cebo y f\u00e1lmaco es estrictamente oboligado a usar cumpliendo  con diversas leyes y reglamentos para la seguridad alimentaria.<br \/>\nReferente al procesamiento de aves, son despachadas solo aquellas aves que sean aprobadas en las inspeciones de la seguridad que consta de  tres etapas  de acuerdo con  las leyes y regulaciones.<br \/>\nAdem\u00e1s, por la seguridad de los alimentos, se realizan controles estrictos  sobre la base de las leyes y reglamentos.<\/p>\n<p>El pollo japon\u00e9s es una especie nativa y  se cr\u00eda bajo una determinada condici\u00f3n durante un largo tiempo.<br \/>\nEl pollo criollo con su sabor original, cuerpo y moderadamente masticable y  el pollo de marca se cr\u00eda con especial cuidado en la selecci\u00f3n de especie y el manejo del cebo , lo cual resulta ser un pollo suave a pesar de su cierta incipidez en general pero sin olor a pollo,  mientras que el pollo para asado demuestra su caracter\u00edstica de un sabor sencillo y suave. As\u00ed hay muchas clases de pollos de tal modo que se puede aprovechar a escoger para toda clase de platos que se desea preparar.\n<\/p>\n<\/div>\n<\/div>\n<div class=\"row voffset-md\">\n<div class=\"align-self-center col-12 col-md-7\">\n<h3>\nAves japonesas con car\u00e1cter \u00fanico<br \/>\n<\/h3>\n<p class=\"mb-35\">\nEn Jap\u00f3n existen 38 especies de pollos que se colonizaron como nativos los cuales fueron introducidos al pa\u00eds hace m\u00e1s de 100 a\u00f1os .<br \/>\nSeg\u00fan la norma de JAS ( norma del Ministerio de agricultura, silvicultura y pesca) se denomina como  pollo criollo aquellos que tengan 50% de la sangre de la especie nativa , criados sueltos despues de 28 d\u00edas de nacidos luego que se hayan criado<br \/>\n10 aves en una jaula de 2 metros cuadrados durante los siguientes 75 d\u00edas o m\u00e1s.<br \/>\nEn todo el territorio del Jap\u00f3n se encuentra los pollos que satisfacen esta norma del Ministerio aproximadamente 60 especies ,   se muestran una caracter\u00edstica \u00fanica.<\/p>\n<p>Mediante la comprensi\u00f3n de las caracter\u00edsticas de cada especie, se puede disfrutar de pollo el gusto y sabor originales, una masticada moderada en los dientes.\n<\/p>\n<h4>\nPollo criollo tipico de Jap\u00f3n<br \/>\n<\/h4>\n<div class=\"row\">\n<div class=\"col\">\n<img decoding=\"async\" src=\"https:\/\/jlec-pr.jp\/wp-content\/uploads\/2020\/02\/pic03.jpg\" class=\"img-fluid mx-auto d-block\" alt=\"pic03\" \/><\/p>\n<p class=\"mb-35 text-lg-center\">\nPollo Hinai\n<\/p>\n<\/div>\n<div class=\"col\">\n<img decoding=\"async\" src=\"https:\/\/jlec-pr.jp\/wp-content\/uploads\/2020\/02\/pic04.jpg\" class=\"img-fluid mx-auto d-block\" alt=\"pic04\" \/><\/p>\n<p class=\"mb-35 text-lg-center\">\nVariedad de Nagoya\n<\/p>\n<\/div>\n<div class=\"col\">\n<img decoding=\"async\" src=\"https:\/\/jlec-pr.jp\/wp-content\/uploads\/2020\/02\/pic05.jpg\" class=\"img-fluid mx-auto d-block\" alt=\"pic05\" \/><\/p>\n<p class=\"mb-35 text-lg-center\">\nPollo criollo de Satsuma\n<\/p>\n<\/div>\n<\/div>\n<\/div>\n<div class=\"col d-sm-block d-none\">\n<img decoding=\"async\" src=\"https:\/\/jlec-pr.jp\/wp-content\/uploads\/2020\/02\/chicken-02.jpg\" class=\"img-fluid mx-auto img-rd-lg mg-lg d-md-block  d-none\" alt=\"about 02\" \/>\n<\/div>\n<\/div>\n<div class=\"row voffset-md\">\n<div class=\"col d-block\">\n<h3>\nPlatos de pollo delicioso del pa\u00eds Nippon<br \/>\n<\/h3>\n<p class=\"mb-35\">\nLa Cocina Japonesa , la tradicional cultura culinaria de Jap\u00f3n, est\u00e1 registrada como el patrimonio  cultural intangible de la UNESCO<br \/>\nLa comida  japonesa se ha vuelto  un boom por todo el mundo por  lo que se prepara aprovechando el  sabor propio de los ingredientes y su nutrici\u00f3n, por ende est\u00e1 calificada como muy buena para la salud<br \/>\nSon  indispensables las aves producidas en Jap\u00f3n como el pollo criollo  cuando se trata de  preparar la cocina japonesa.\n<\/p>\n<div class=\"row\">\n<div class=\"col-lg-4 col-md-6\">\n<img decoding=\"async\" src=\"https:\/\/jlec-pr.jp\/wp-content\/uploads\/2020\/02\/pic06.jpg\" class=\"img-fluid mx-auto d-block\" alt=\"pic06\" \/><\/p>\n<h4>\nMizutaki de pollo<\/h4>\n<p class=\"mb-35\">\nEn Jap\u00f3n, cuando llega el oto\u00f1o y el invierno fr\u00edo, en los comedores se suele ver platos del pollo con mucha frecuencia.<br \/>\n\u300cMizutaki de pollo\u300des uno de los platos con olla, tipicos del Jap\u00f3n que se prepara, el pollo con huesos  con caldo en una olla solo con ingrediente de  alga  marina.<\/p>\n<\/div>\n<div class=\"col-lg-4 col-md-6\">\n<img decoding=\"async\" src=\"https:\/\/jlec-pr.jp\/wp-content\/uploads\/2020\/02\/pic07.jpg\" class=\"img-fluid mx-auto d-block\" alt=\"pic07\" \/><\/p>\n<h4>\npollo y huevo en el arroz <\/h4>\n<p class=\"mb-35\">\nEs uno de los t\u00edpicos platos de pollo y representativo s en  Jap\u00f3n<br \/>\nEs un menu sencillo que se prepara cocinando  el  pollo y la cebolla cabezona junto con huevos , y colocar este  guiso  encima del arroz caliente.<\/p>\n<\/div>\n<div class=\"col-lg-4 col-md-6\">\n<img decoding=\"async\" src=\"https:\/\/jlec-pr.jp\/wp-content\/uploads\/2020\/02\/pic08.jpg\" class=\"img-fluid mx-auto d-block\" alt=\"pic08\" \/><\/p>\n<h4>\nPincho de pollo asado a la parrilla<\/h4>\n<p class=\"mb-35\">\nYakitori japon\u00e9s ( pincho de pollo a la parrilla) se  prepara  pinchando pedazos de pollo y asarlos  a la parrilla. Se disfruta comunmente dandoles el sabor con salsa de soya o sal.<br \/>\nCon gusto se puede disfrutar el pollo  con su sabor original.<\/p>\n<\/div>\n<div class=\"col-lg-4 col-md-6\">\n<img decoding=\"async\" src=\"https:\/\/jlec-pr.jp\/wp-content\/uploads\/2020\/02\/pic09.jpg\" class=\"img-fluid mx-auto d-block\" alt=\"pic09\" \/><\/p>\n<h4>\nPollo frito  a la Tatsuta<\/h4>\n<p class=\"mb-35\">\nSazonando inicialmente el pollo, luego se esparce la f\u00e9cula de patata y se fr\u00ede.<br \/>\nEs  la t\u00edpica forma original de freir al estilo japon\u00e9s, que es  sabrosa la f\u00e9cula que resulta crocante.<\/p>\n<\/div>\n<div class=\"col-lg-4 col-md-6\">\n<img decoding=\"async\" src=\"https:\/\/jlec-pr.jp\/wp-content\/uploads\/2020\/02\/pic10.jpg\" class=\"img-fluid mx-auto d-block\" alt=\"pic10\" \/><\/p>\n<h4>\nEscabeche Nanban  de pollo<\/h4>\n<p class=\"mb-35\">\nA uno le abre  el apetito el aroma de vinagre fresca el cual se frecuenta al usarlo  en la cocina japonesa. <br \/> <br \/>\nEs uno de los platos famosos con pollo<\/p>\n<\/div>\n<div class=\"col-lg-4 col-md-6\">\n<img decoding=\"async\" src=\"https:\/\/jlec-pr.jp\/wp-content\/uploads\/2020\/02\/pic11.jpg\" class=\"img-fluid mx-auto d-block\" alt=\"pic11\" \/><\/p>\n<h4>\nBukkake de Udon de pollo al vapor<\/h4>\n<p class=\"mb-35\">\nUdon cubierta con  pollo al vapor y ciruela, es un men\u00fa popular en el verano.\n<\/p>\n<\/div>\n<div class=\"col-md-6 col-lg-4\">\n<img decoding=\"async\" src=\"https:\/\/jlec-pr.jp\/wp-content\/uploads\/2020\/02\/pic12.jpg\" class=\"img-fluid mx-auto d-block\" alt=\"pic12\" \/><\/p>\n<h4>\nTempura de pollo<\/h4>\n<p class=\"mb-35\">\nEs tempura de pollo. Tempura  es un plato reprentativo de cocina japonesa, disfruten el sabor original del  pollo\n<\/p>\n<\/div>\n<\/div>\n<\/div>\n<\/div>\n","protected":false},"excerpt":{"rendered":"<p>Caracteristicas del pollo Las aves de corral de Jap\u00f3n orientadas a la salud El pollo japon\u00e9s cuenta con abundantes variedades y cada una de las variedades como el pollo criollo, pollo de marca y pollo a la parrilla, cada uno posee la \u00fanica carnocidad, textura y sabor y es aplicable a toda clase de culinaria [&hellip;]<\/p>\n","protected":false},"author":1,"featured_media":0,"parent":517,"menu_order":0,"comment_status":"closed","ping_status":"closed","template":"page-template\/chicken-sp-template.php","meta":{"_acf_changed":false,"_locale":"es_ES","_original_post":"83","footnotes":""},"class_list":["post-531","page","type-page","status-publish","hentry","es-ES"],"acf":[],"_links":{"self":[{"href":"https:\/\/jlec-pr.jp\/wp-json\/wp\/v2\/pages\/531","targetHints":{"allow":["GET"]}}],"collection":[{"href":"https:\/\/jlec-pr.jp\/wp-json\/wp\/v2\/pages"}],"about":[{"href":"https:\/\/jlec-pr.jp\/wp-json\/wp\/v2\/types\/page"}],"author":[{"embeddable":true,"href":"https:\/\/jlec-pr.jp\/wp-json\/wp\/v2\/users\/1"}],"replies":[{"embeddable":true,"href":"https:\/\/jlec-pr.jp\/wp-json\/wp\/v2\/comments?post=531"}],"version-history":[{"count":8,"href":"https:\/\/jlec-pr.jp\/wp-json\/wp\/v2\/pages\/531\/revisions"}],"predecessor-version":[{"id":8801,"href":"https:\/\/jlec-pr.jp\/wp-json\/wp\/v2\/pages\/531\/revisions\/8801"}],"up":[{"embeddable":true,"href":"https:\/\/jlec-pr.jp\/wp-json\/wp\/v2\/pages\/517"}],"wp:attachment":[{"href":"https:\/\/jlec-pr.jp\/wp-json\/wp\/v2\/media?parent=531"}],"curies":[{"name":"wp","href":"https:\/\/api.w.org\/{rel}","templated":true}]}}