{"id":489,"date":"2020-02-07T15:27:36","date_gmt":"2020-02-07T06:27:36","guid":{"rendered":"http:\/\/jlec-pr.jp\/?page_id=489"},"modified":"2020-02-28T11:17:40","modified_gmt":"2020-02-28T02:17:40","slug":"egg-tokutyou","status":"publish","type":"page","link":"https:\/\/jlec-pr.jp\/es\/egg\/egg-tokutyou\/","title":{"rendered":"Caracteristicas del pollo"},"content":{"rendered":"<h2>Caracteristica de los huevos de pollo<\/h2>\n<div class=\"row\">\n<div class=\"col-12 col-md-5\"><img decoding=\"async\" class=\"img-fluid mx-auto d-block img-rd-lg mg-md\" src=\"https:\/\/jlec-pr.jp\/wp-content\/uploads\/2020\/02\/egg-02.jpg\" alt=\"about 01\" \/><\/div>\n<div class=\"col\">\n<h3>Nosotros empezamos a criar a la gallina madre de la gallina que pone huevos.-  Hasta eso lo hacemos nosotros los japoneses para obtener  \u00bbTAMAGO( = huevo)\u00bb japon\u00e9s.&#8217;<\/h3>\n<p class=\"mb-35\">Granja av\u00edcola  en Jap\u00f3n se divide en tres clases a grandes rasgos.<br \/>\nCriar la gallina  abuela y el gallo abuelo de aquella gallina que pone huevos para ser despachados.<br \/>\n\u300cGranja reproductora \u300dde gallinas y gallos para producir futuras gallinas ponedoras<br \/>\nHuevos fertilizados que nacen ah\u00ed se sombrea para que aparezca pollitos \u00bb incubadora\u00bb<br \/>\nSe cr\u00edan las polluelas sanas y fuertes y  despu\u00e9s ser\u00e1n gallinas para que pongan huevos ( Granja de gallinas ponedoras )<br \/>\nSe cr\u00edan  las gallinas madres y las  gallinas hijas ponedoras O sea se cr\u00edan estas tres generaciones cada una en su respectiva granja donde con frecuencia se chequea contra salmonella y  tambi\u00e9n se aplica vacuna en forma adecuada. <\/p>\n<\/div>\n<\/div>\n<div class=\"row\">\n<div class=\"col-12 col-md-5\"><img decoding=\"async\" class=\"img-fluid img-rd-lg mg-md float-lg-none\" src=\"https:\/\/jlec-pr.jp\/wp-content\/uploads\/2020\/02\/pic02.jpg\" alt=\"about 01\" \/><\/div>\n<div class=\"col\">\n<h3>Exhaustivas medidas de prevenci\u00f3n de epidemias<br \/>\n(Bioseguridad)<\/h3>\n<p class=\"mb-35\">En Jap\u00f3n se recomienda que una granja av\u00edcola  ( de gallina ponedora) est\u00e9 distanciada de la otra m\u00e1s de 1000 metros  y tambi\u00e9n tenga la distancia a m\u00e1s  de 300 metros de la carretera.<br \/>\nSe hace tambi\u00e9n una rigurosa gesti\u00f3n de higiene de los galpones de gallinas colocando mallas y vallas de prevenci\u00f3n de intrusiones de animales e insectos y se prohibe la entrada de los visitantes.<br \/>\nAntes de que los trabajadopres de la granja entren en los galpones, ellos cambian de vestido al uniforme de trabajo en el vestier y se hace la desinfecci\u00f3n de las manos.<br \/>\nTodo esto es una medida contra la posible invasi\u00f3n de Salmonella  o virus de la gripe de pollo.<\/p>\n<\/div>\n<\/div>\n<div class=\"row voffset-md\">\n<div class=\"col-12 col-md-7\">\n<h3>Despachar \u2018\u2019TAMAGO\u2019\u2019( = huevo)  seguro ,bajo estricta inspecci\u00f3n<\/h3>\n<p class=\"mb-35\">Despu\u00e9s de que est\u00e9n  puestos los huevos son recolectados en el Centro de GP ( Centro de Clasificaci\u00f3n y Empaque) , all\u00ed se lavan la superficie ( c\u00e1scara ) , se desinfecta, y luego se seca y nuevamente se esteriliza.<br \/>\nAdem\u00e1s,rigurosamente se chequean los diferentes clases de eq\u00f1uipos detectores de defectos de los huevos como huevos con mancha de  sangre, huevos sucios, los cuales ser\u00e1n excluidos por considerar no aptos para consumir.<br \/>\nSobre la materia prima  a comprar, se hace tambi\u00e9n una exhaustiva medida de prevenci\u00f3n contra la contaminaci\u00f3n durante el transporte, almacenamiento y el proceso de fabricaci\u00f3n., y tambi\u00e9n se inspecciona periodicamente contra la Salmonella.<\/p>\n<\/div>\n<div class=\"col d-sm-block d-none\"><img decoding=\"async\" class=\"img-fluid mx-auto img-rd-lg mb-35 d-md-block d-none\" src=\"https:\/\/jlec-pr.jp\/wp-content\/uploads\/2020\/02\/pic03-1.jpg\" alt=\"about 02\" \/><\/div>\n<\/div>\n<div class=\"row voffset-md\">\n<div class=\"col-12 col-md-7\">\n<h3>En la vida diaria consuman  \u2018\u2019TAMAGO\u2019\u2019(= huevos) que son altamente nutritivos<\/h3>\n<p class=\"mb-35\">Los huevos de galllina se conocen como una nutrici\u00f3n completa  por lo que los huevos contienen de manera eficiente una variedad de nutrientes como \u00b4prote\u00ednas, vitaminas, minerales etc.<br \/>\nEn particular consumir los huevos en el desayuno, la temperatura corporal que hab\u00eda descendido  mientras dorm\u00eda uno, se puede comenzar  las actividades del d\u00eda con mucha energ\u00eda.<br \/>\nTratemos de llevar una vida saludable con alimentos sanos, consumiendo a diario  \u00bbTamago\u00bb seguro.<\/p>\n<\/div>\n<div class=\"col d-sm-block d-none\"><img decoding=\"async\" class=\"img-fluid mx-auto img-rd-lg mb-35 d-md-block d-none\" src=\"https:\/\/jlec-pr.jp\/wp-content\/uploads\/2020\/02\/pic04-1.jpg\" alt=\"about 02\" \/><\/div>\n<\/div>\n<div class=\"row voffset-md\">\n<div class=\"col d-block\">\n<h3 class=\"text-lg-center\">Se puede comer crudo con una vigencia de 3 semanas<\/h3>\n<p class=\"mb-35\">La fecha de vigencia de  \u00bb TAMAGO\u00bb es,  a los 21 d\u00edas a aprtir de  la fecha de puesta de huevos en caso del  Jap\u00f3n. Si para la  gente que vive en el exterior 21 d\u00edas le parecer\u00e1n muy corto tiempo.<br \/>\nSin embargo, esto es en realidad un per\u00edodo de tiempo para comer en  \u00abcrudo\u00bb. se vierte un huevo crudo  sobre el arroz caliente mezclado con salsa de soya crudo y en caso del plato como \u00bbSukiyaki\u00bb  se hunta en el huevo crudo las verduras o la carne etc\u00bb.  Comer huevos crudos es m\u00fay com\u00fan en Jap\u00f3n.<br \/>\nJap\u00f3n \u00abde TAMAGO\u00bb Es por eso que se adhieren a la seguridad, es que se puede.<br \/>\nSe puede comer as\u00ed crudo por lo que se trata de \u00bbTAMAGO\u00bb japon\u00e9s por el cual  persistimos a fondo con la seguridad.<\/p>\n<div class=\"row\">\n<div class=\"col-lg-4 col-md-6\"><img decoding=\"async\" class=\"img-fluid mx-auto d-block\" src=\"https:\/\/jlec-pr.jp\/wp-content\/uploads\/2020\/02\/pic05-1.jpg\" alt=\"pic05 1\" \/><\/p>\n<h4>Huevo escalfado<\/h4>\n<p class=\"mb-35\">Huevo escalfado( huevo tibio) que se puede cocinar r\u00e1pidamente. Se puede comer con m\u00e1s tranquilidad si son  \u00abde TAMAGO\u00bb<\/p>\n<\/div>\n<div class=\"col-lg-4 col-md-6\"><img decoding=\"async\" class=\"img-fluid mx-auto d-block\" src=\"https:\/\/jlec-pr.jp\/wp-content\/uploads\/2020\/02\/pic06-1.jpg\" alt=\"pic06 1\" \/><\/p>\n<h4>huevos Benedict<\/h4>\n<p class=\"mb-35\">Men\u00fa que no debe faltar para el desayuno.  Estamos tranquilos aunque sea medio cocido.<\/p>\n<\/div>\n<div class=\"col-lg-4 col-md-6\"><img decoding=\"async\" class=\"img-fluid mx-auto d-block\" src=\"https:\/\/jlec-pr.jp\/wp-content\/uploads\/2020\/02\/pic07-1.jpg\" alt=\"pic07 1\" \/><\/p>\n<h4>carbonara<\/h4>\n<p class=\"mb-35\">Factor decisivo es colocar el huevo en el final justo antes de la cocci\u00f3n.  Se ve destacada con la adici\u00f3n de  \u00abde TAMAGO\u00bb.<\/p>\n<\/div>\n<div class=\"col-lg-4 col-md-6\"><img decoding=\"async\" class=\"img-fluid mx-auto d-block\" src=\"https:\/\/jlec-pr.jp\/wp-content\/uploads\/2020\/02\/pic08-1.jpg\" alt=\"pic08 1\" \/><\/p>\n<h4>Ensalada con  huevo puesto<\/h4>\n<p class=\"mb-35\">Vamos a comer el plato de la ensalada con huevo escalfado ( huevo tibio) al estilo japon\u00e9s  y as\u00ed tratamos de no desvanecer el valor nutricional.<\/p>\n<\/div>\n<div class=\"col-lg-4 col-md-6\"><img decoding=\"async\" class=\"img-fluid mx-auto d-block\" src=\"https:\/\/jlec-pr.jp\/wp-content\/uploads\/2020\/02\/pic09-1.jpg\" alt=\"pic09 1\" \/><\/p>\n<h4>Huevos con cangrejo<\/h4>\n<p class=\"mb-35\">El huevo con cangrejo se  sofrie r\u00e1pido  y sale un plato esponjoso y suave.<\/p>\n<\/div>\n<div class=\"col-lg-4 col-md-6\"><img decoding=\"async\" class=\"img-fluid mx-auto d-block\" src=\"https:\/\/jlec-pr.jp\/wp-content\/uploads\/2020\/02\/pic10-1.jpg\" alt=\"pic10 1\" \/><\/p>\n<h4>Tortilla de arroz<\/h4>\n<p class=\"mb-35\">La mam\u00e1 puede mostrar su especialidad envolviendo el arroz con tortilla de huevo<br \/>\nmuy esponjoso.<\/p>\n<\/div>\n<div class=\"col-md-6 col-lg-4\"><img decoding=\"async\" class=\"img-fluid mx-auto d-block\" src=\"https:\/\/jlec-pr.jp\/wp-content\/uploads\/2020\/02\/pic11-1.jpg\" alt=\"pic11 1\" \/><\/p>\n<h4>Huevos revueltos<\/h4>\n<p class=\"mb-35\">Quienquiera que prepare, resulta ser un plato con huevos esponjosos y medio derretidos.<\/p>\n<\/div>\n<div class=\"col-md-6 col-lg-4\"><img decoding=\"async\" class=\"img-fluid mx-auto d-block\" src=\"https:\/\/jlec-pr.jp\/wp-content\/uploads\/2020\/02\/pic12-1.jpg\" alt=\"pic12 1\" \/><\/p>\n<h4>Chofan con cangrejo<\/h4>\n<p class=\"mb-35\">Este Chofan est\u00e1 m\u00e1s suave que de costumbre.  Es chafan de s de lujo con \u2018\u2019TAMAGO\u2019\u2019<\/p>\n<\/div>\n<\/div>\n<\/div>\n<\/div>\n","protected":false},"excerpt":{"rendered":"<p>Caracteristica de los huevos de pollo Nosotros empezamos a criar a la gallina madre de la gallina que pone huevos.- Hasta eso lo hacemos nosotros los japoneses para obtener \u00bbTAMAGO( = huevo)\u00bb japon\u00e9s.&#8217; Granja av\u00edcola en Jap\u00f3n se divide en tres clases a grandes rasgos. Criar la gallina abuela y el gallo abuelo de aquella [&hellip;]<\/p>\n","protected":false},"author":1,"featured_media":0,"parent":461,"menu_order":0,"comment_status":"closed","ping_status":"closed","template":"page-template\/egg-sp-template.php","meta":{"_acf_changed":false,"_locale":"es_ES","_original_post":"111","footnotes":""},"class_list":["post-489","page","type-page","status-publish","hentry","es-ES"],"acf":[],"_links":{"self":[{"href":"https:\/\/jlec-pr.jp\/wp-json\/wp\/v2\/pages\/489","targetHints":{"allow":["GET"]}}],"collection":[{"href":"https:\/\/jlec-pr.jp\/wp-json\/wp\/v2\/pages"}],"about":[{"href":"https:\/\/jlec-pr.jp\/wp-json\/wp\/v2\/types\/page"}],"author":[{"embeddable":true,"href":"https:\/\/jlec-pr.jp\/wp-json\/wp\/v2\/users\/1"}],"replies":[{"embeddable":true,"href":"https:\/\/jlec-pr.jp\/wp-json\/wp\/v2\/comments?post=489"}],"version-history":[{"count":5,"href":"https:\/\/jlec-pr.jp\/wp-json\/wp\/v2\/pages\/489\/revisions"}],"predecessor-version":[{"id":8797,"href":"https:\/\/jlec-pr.jp\/wp-json\/wp\/v2\/pages\/489\/revisions\/8797"}],"up":[{"embeddable":true,"href":"https:\/\/jlec-pr.jp\/wp-json\/wp\/v2\/pages\/461"}],"wp:attachment":[{"href":"https:\/\/jlec-pr.jp\/wp-json\/wp\/v2\/media?parent=489"}],"curies":[{"name":"wp","href":"https:\/\/api.w.org\/{rel}","templated":true}]}}