{"id":475,"date":"2020-02-12T16:23:38","date_gmt":"2020-02-12T07:23:38","guid":{"rendered":"http:\/\/jlec-pr.jp\/?page_id=475"},"modified":"2020-08-31T19:21:02","modified_gmt":"2020-08-31T10:21:02","slug":"egg-video","status":"publish","type":"page","link":"https:\/\/jlec-pr.jp\/es\/egg\/egg-video\/","title":{"rendered":"Huevos de gallina de Jap\u00f3n Video"},"content":{"rendered":"<h2>Huevos de gallina de Jap\u00f3n Video<\/h2>\n<h3>TAMAGO \u2013 JAPAN EGG<\/h3>\n<p>En el Jap\u00f3n la vigencia de los huevos es el periodo durante el cual se puede comer en \u00abcrudo\u00bb, esto es excepcional en el mundo.<br \/>\nPara  distribuir al mundo entero  los excelentes  huevos ,  producidos del Jap\u00f3n, ustedes ver\u00e1n c\u00f3mo los productores realizan gestiones rigurosas de control de huevos como productos seguros al  distribuir para  el consumo..  En este video muestra desde la produccion de huevos , procesamiento y tambi\u00e9n  algunos ejemplos de los platos japoneses con huevos.<\/p>\n<h3>TANAGO \u2013 JAPAN EGG<br \/>\nVersi\u00f3n en idioma canton\u00e9s  5 minutos<\/h3>\n<div style=\"position: relative; padding-bottom: 56.25%;\"><iframe style=\"position: absolute; top: 0; left: 0; width: 100%; height: 100%;\" src=\"https:\/\/www.youtube.com\/embed\/-_fcWQF3efs\" frameborder=\"0\" allowfullscreen=\"allowfullscreen\"><br \/>\n<\/iframe><\/div>\n<h3>TANAGO \u2013 JAPAN EGG<br \/>\nVersi\u00f3n en idioma canton\u00e9s  20 minutos<\/h3>\n<div style=\"position: relative; padding-bottom: 56.25%;\"><iframe style=\"position: absolute; top: 0; left: 0; width: 100%; height: 100%;\" src=\"https:\/\/www.youtube.com\/embed\/xemu3xNywUc\" frameborder=\"0\" allowfullscreen=\"allowfullscreen\"><br \/>\n<\/iframe><\/div>\n","protected":false},"excerpt":{"rendered":"<p>Huevos de gallina de Jap\u00f3n Video TAMAGO \u2013 JAPAN EGG En el Jap\u00f3n la vigencia de los huevos es el periodo durante el cual se puede comer en \u00abcrudo\u00bb, esto es excepcional en el mundo. Para distribuir al mundo entero los excelentes huevos , producidos del Jap\u00f3n, ustedes ver\u00e1n c\u00f3mo los productores realizan gestiones rigurosas [&hellip;]<\/p>\n","protected":false},"author":1,"featured_media":0,"parent":461,"menu_order":0,"comment_status":"closed","ping_status":"closed","template":"page-template\/egg-sp-template.php","meta":{"_acf_changed":false,"_locale":"es_ES","_original_post":"168","footnotes":""},"class_list":["post-475","page","type-page","status-publish","hentry","es-ES"],"acf":[],"_links":{"self":[{"href":"https:\/\/jlec-pr.jp\/wp-json\/wp\/v2\/pages\/475","targetHints":{"allow":["GET"]}}],"collection":[{"href":"https:\/\/jlec-pr.jp\/wp-json\/wp\/v2\/pages"}],"about":[{"href":"https:\/\/jlec-pr.jp\/wp-json\/wp\/v2\/types\/page"}],"author":[{"embeddable":true,"href":"https:\/\/jlec-pr.jp\/wp-json\/wp\/v2\/users\/1"}],"replies":[{"embeddable":true,"href":"https:\/\/jlec-pr.jp\/wp-json\/wp\/v2\/comments?post=475"}],"version-history":[{"count":6,"href":"https:\/\/jlec-pr.jp\/wp-json\/wp\/v2\/pages\/475\/revisions"}],"predecessor-version":[{"id":9546,"href":"https:\/\/jlec-pr.jp\/wp-json\/wp\/v2\/pages\/475\/revisions\/9546"}],"up":[{"embeddable":true,"href":"https:\/\/jlec-pr.jp\/wp-json\/wp\/v2\/pages\/461"}],"wp:attachment":[{"href":"https:\/\/jlec-pr.jp\/wp-json\/wp\/v2\/media?parent=475"}],"curies":[{"name":"wp","href":"https:\/\/api.w.org\/{rel}","templated":true}]}}