{"id":433,"date":"2020-02-07T15:01:47","date_gmt":"2020-02-07T06:01:47","guid":{"rendered":"http:\/\/jlec-pr.jp\/?page_id=433"},"modified":"2020-02-28T11:32:01","modified_gmt":"2020-02-28T02:32:01","slug":"pork-tokutyou","status":"publish","type":"page","link":"https:\/\/jlec-pr.jp\/es\/pork\/pork-tokutyou\/","title":{"rendered":"Caracteristicas de la carne de cerdo"},"content":{"rendered":"<h2>Caracteristicas de la carne de cerdo<\/h2>\n<div class=\"row\">\n<div class=\"col-12 col-md-5\">\n<img decoding=\"async\" src=\"https:\/\/jlec-pr.jp\/wp-content\/uploads\/2020\/01\/pork-02.jpg\" class=\"img-fluid mx-auto d-block img-rd-lg mg-md\" alt=\"about 01\" \/>\n<\/div>\n<div class=\"col\">\n<h3>Secreyto de exquisitez<\/h3>\n<p class=\"mb-35\">Durante los \u00faltimos a\u00f1os, El mundo ha puesto los ojos a la comida japonesa.<br \/>\nDicen que esto es debido a que mucha gente que ha visitado al Japon ha experimentado el sabor de los platos japoneses y de los alimentos del pa\u00eds y luego a trav\u00e9s de boca en boca o via internet se ha venido divulgando la culinaria japonesa..<br \/>\nAdem\u00e1s, la comida japonesa tiene la fama de ser deliciosa, saludable o sea buena para el cuerpo.<br \/>\nDe hecho, la comida japonesa es por s\u00ed una culinaria balanceada en nutrici\u00f3n.<br \/>\npero quisi\u00e9ramos que tambien se fijaran en los ingredientes que contribuyen a la comida japonesa.<\/p>\n<p>El cerdo japon\u00e9s es uno de los ingredientes que posee el sabor y la calidad que nos enorgullecen ante el mundo, y  su sabor jugoso y excelente textura contribuyen a ser exiquisito.<\/p>\n<p>El cerdo japon\u00e9s tiene una caracteristica en el sentido de que cada productor de diferentes regiones se compromete en obtener excelente cebo y as\u00ed producir  carne de cerdo especial  en cada regi\u00f3n.  Les recomendamos  que disfruten comer platos de diferentes variedades de sabores.<\/p>\n<h3>\n\t\t\t\t\t\t\tPersecusi\u00f3n de exiquisites y  salubridad<br \/>\n\t\t\t\t\t\t<\/h3>\n<h4>\n\t\t\t\t\t\t\tEl factor decisivo es el sabor de la grasa<br \/>\n\t\t\t\t\t\t<\/h4>\n<p class=\"mb-35\">\n\t\t\t\t\t\t\tLa calidad  del  sabor de la carne de cerdo es que generalmente tiende a determinar que sea suave y jugosa en su textura.<br \/>\nSin embargo, el cerdo japon\u00e9s no solo se determina ah\u00ed sino tambi\u00e9n, hemos venido  mejorando el sabor fuera del contexto-, como el sabor de la grasa y la forma de disolverse dentro de la boca.<br \/>\nPor contener la grasa en forma adecuada hemos logrado  obtener una carne de cerdo el\u00e1stica, sueave , jugosa y con mucho cuerpo que no existe en otra parte..\n\t\t\t\t\t\t<\/p>\n<h4>\n\t\t\t\t\t\t\tMejoramos  la textura de la carne con nuestros propios cebos especiales.<br \/>\n\t\t\t\t\t\t<\/h4>\n<p class=\"mb-35\">\n\t\t\t\t\t\t\tEl cebo para  cerdos en general es el pienso mezclado  de ma\u00edz  y soya como componente principal.<br \/>\nAdem\u00e1s, en los \u00faltimos a\u00f1os , como un alimento rico en valor nutritivo. para la cr\u00eda de cerdos se est\u00e1n utilizando tanto el arroz mejorado  como el  residuo de la comida como recurso org\u00e1nico que antes se botaba..\n\t\t\t\t\t\t<\/p>\n<\/p><\/div>\n<\/p><\/div>\n<div class=\"row voffset\">\n<div class=\"align-self-center col-12 col-md-7\">\n<h3 class=\"mg-sm tc-dark-lava tit-h3-min text-lg-right\">\n\t\t\t\t\t\t\tEn b\u00fasqueda del sabor  \u00fanico<br \/>\n\t\t\t\t\t\t<\/h3>\n<h4>\n\t\t\t\t\t\t\tAcerca de  los  cerdos  de la propia marca  japonesa<br \/>\n\t\t\t\t\t\t<\/h4>\n<p class=\"mg-md\">\n\t\t\t\t\t\t\tEn los \u00faltimos a\u00f1os en Jap\u00f3n se han venido criando  cerdos \u00fanicos  en cada granja de cada regi\u00f3n y hoy en d\u00eda ya se cuentan con m\u00e1s de 400 especies diferentes a lo largo del territorio japon\u00e9s.<br \/>\nEstas especies de marca poseen la caracter\u00edstica \u00fanica en torno al color, aroma y textura, y  son aprovechadas no solamente entre los profesionales de culinaria sino tambien las amas de casa las manejan dependiendo la clase de comida.<br \/>\nTambi\u00e9n es parte de placer el saborear este tipo de carne de cerdo con sabor vers\u00e1til\n\t\t\t\t\t\t<\/p>\n<h4>\n\t\t\t\t\t\t\tLa gesti\u00f3n de calidad basado en el lugar de HACCP en las plantas de procesamiento, varios de inspecci\u00f3n se ha almacenado.<br \/>\n\t\t\t\t\t\t<\/h4>\n<p class=\"mb-35\">\n\t\t\t\t\t\t\tEn Jap\u00f3n los cosumidores de alimentos tienen un alto nivel de la exigencia en cuanto a la seguridad de los alimentos, y cada a\u00f1o es m\u00e1s riguroso el control de calidad.<br \/>\nEn las granjas y plantas de procesamiento se han realizado una variedad de control de calidad o aplicar el HACCP,  En caso del cerdo japon\u00e9s,tambi\u00e9n est\u00e1n trabajando con la trazabilidad de cerdo hasta el proceso  de distribuci\u00f3n final.<\/p>\n<p>Se ha venido realizando la mejora de varios h\u00edbridos en busca de la carne de cerdo de alta calidad que demandan los consumidores.  Adem\u00e1s, no solo de alta calidad sino tambi\u00e9n se ha venido haciendo la b\u00fasqueda de sabor propio de cada regi\u00f3n ,el cual se pueda seleccionar seg\u00fan cada men\u00fa espec\u00edfico.<br \/>\nSe puede decir que todos y cada uno de estos esfuerzos de los terrenos que se han hecho para la producci\u00f3n de cerdos han venido contribuyendo el mejoramiento de la calidad de la carne  del cerdo japon\u00e9s.\n\t\t\t\t\t\t<\/p>\n<\/p><\/div>\n<div class=\"col\">\n\t\t\t\t\t\t<img decoding=\"async\" src=\"https:\/\/jlec-pr.jp\/wp-content\/uploads\/2020\/01\/pork-03.jpg\" class=\"img-fluid mx-auto d-block img-rd-lg mg-lg\" alt=\"about 02\" \/>\n\t\t\t\t\t<\/div>\n<\/p><\/div>\n<div class=\"row\">\n<div class=\"col-12 col-md-5\">\n\t\t\t\t\t\t<img decoding=\"async\" src=\"https:\/\/jlec-pr.jp\/wp-content\/uploads\/2020\/01\/pork-04.jpg\" class=\"img-fluid mx-auto d-block img-rd-lg mg-md\" alt=\"about 01\" \/>\n\t\t\t\t\t<\/div>\n<div class=\"col\">\n<h3>\n\t\t\t\t\t\t\tAtenci\u00f3n que  brinda  el pa\u00eds  de la cocina japonesa<br \/>\n\t\t\t\t\t\t<\/h3>\n<p class=\"mb-35\">\n\t\t\t\t\t\t\tCunado se trata de la carne de cerdo japon\u00e9s, se puede disfrutar del sabor jugoso que est\u00e1 libre de olor en cualquier parte de la carne.<br \/>\nAdem\u00e1s , se destaca cada especie de carne de cerdo adecuada para diferentes platos, por ejemplo si una carne es apta para Tonkatsu y otra para Shabu-sahabu , difrerenciando en blandura y el grado de dulce.<br \/>\nTambi\u00e9n sugerimos que sean para ustedes un placer buscar la especie adecuada para los platos de culinaria de cada pa\u00eds.<\/p>\n<\/div>\n<\/div>\n","protected":false},"excerpt":{"rendered":"<p>Caracteristicas de la carne de cerdo Secreyto de exquisitez Durante los \u00faltimos a\u00f1os, El mundo ha puesto los ojos a la comida japonesa. Dicen que esto es debido a que mucha gente que ha visitado al Japon ha experimentado el sabor de los platos japoneses y de los alimentos del pa\u00eds y luego a trav\u00e9s [&hellip;]<\/p>\n","protected":false},"author":1,"featured_media":0,"parent":419,"menu_order":0,"comment_status":"closed","ping_status":"closed","template":"page-template\/pork-sp-template.php","meta":{"_acf_changed":false,"_locale":"es_ES","_original_post":"70","footnotes":""},"class_list":["post-433","page","type-page","status-publish","hentry","es-ES"],"acf":[],"_links":{"self":[{"href":"https:\/\/jlec-pr.jp\/wp-json\/wp\/v2\/pages\/433","targetHints":{"allow":["GET"]}}],"collection":[{"href":"https:\/\/jlec-pr.jp\/wp-json\/wp\/v2\/pages"}],"about":[{"href":"https:\/\/jlec-pr.jp\/wp-json\/wp\/v2\/types\/page"}],"author":[{"embeddable":true,"href":"https:\/\/jlec-pr.jp\/wp-json\/wp\/v2\/users\/1"}],"replies":[{"embeddable":true,"href":"https:\/\/jlec-pr.jp\/wp-json\/wp\/v2\/comments?post=433"}],"version-history":[{"count":7,"href":"https:\/\/jlec-pr.jp\/wp-json\/wp\/v2\/pages\/433\/revisions"}],"predecessor-version":[{"id":8803,"href":"https:\/\/jlec-pr.jp\/wp-json\/wp\/v2\/pages\/433\/revisions\/8803"}],"up":[{"embeddable":true,"href":"https:\/\/jlec-pr.jp\/wp-json\/wp\/v2\/pages\/419"}],"wp:attachment":[{"href":"https:\/\/jlec-pr.jp\/wp-json\/wp\/v2\/media?parent=433"}],"curies":[{"name":"wp","href":"https:\/\/api.w.org\/{rel}","templated":true}]}}