{"id":367,"date":"2020-02-14T12:43:52","date_gmt":"2020-02-14T03:43:52","guid":{"rendered":"http:\/\/jlec-pr.jp\/?page_id=367"},"modified":"2020-03-26T20:47:24","modified_gmt":"2020-03-26T11:47:24","slug":"beef-miryoku","status":"publish","type":"page","link":"https:\/\/jlec-pr.jp\/es\/beef\/beef-miryoku\/","title":{"rendered":"Encanto de Wagyu"},"content":{"rendered":"<h2>Encanto de Wagyu<\/h2>\n<h3>Video<\/h3>\n<div class=\"row\">\n<div class=\"col-12 col-md-6\">\n<div style=\"position: relative; padding-bottom: 56.25%;\"><iframe style=\"position: absolute; top: 0; left: 0; width: 100%; height: 100%;\" src=\"https:\/\/www.youtube.com\/embed\/T9-POeLjHwQ\" frameborder=\"0\" allowfullscreen=\"allowfullscreen\"><br \/>\n<\/iframe><\/div>\n<p>Japanese Wagyu Beef\uff083min\uff09(Solo disponible la versi\u00f3n en ingl\u00e9s)<\/p>\n<\/div>\n<div class=\"col-12 col-md-6\">\n<div style=\"position: relative; padding-bottom: 56.25%;\"><iframe style=\"position: absolute; top: 0; left: 0; width: 100%; height: 100%;\" src=\"https:\/\/www.youtube.com\/embed\/1DKetaB7HMo\" frameborder=\"0\" allowfullscreen=\"allowfullscreen\"><br \/>\n<\/iframe><\/div>\n<p>Japanese Wagyu Beef\uff0816min\uff09(Solo disponible la versi\u00f3n en ingl\u00e9s)<\/p>\n<\/div>\n<\/div>\n<hr \/>\n<h3>Folleto<\/h3>\n<p>Est\u00e1 disponible un libro electr\u00f3nico en el cual presentamos la informaci\u00f3n de c\u00f3mo criar Wagyu y c\u00f3mo manejarlo con seguridad y tranquilidad.<\/p>\n<p class=\"more\"><a href=\"\/ebook\/es\/HTML5\/pc.html\" target=\"_blank\" rel=\"noopener noreferrer\">Folleto<\/a><\/p>\n","protected":false},"excerpt":{"rendered":"<p>Encanto de Wagyu Video Japanese Wagyu Beef\uff083min\uff09(Solo disponible la versi\u00f3n en ingl\u00e9s) Japanese Wagyu Beef\uff0816min\uff09(Solo disponible la versi\u00f3n en ingl\u00e9s) Folleto Est\u00e1 disponible un libro electr\u00f3nico en el cual presentamos la informaci\u00f3n de c\u00f3mo criar Wagyu y c\u00f3mo manejarlo con seguridad y tranquilidad. Folleto<\/p>\n","protected":false},"author":1,"featured_media":0,"parent":221,"menu_order":0,"comment_status":"closed","ping_status":"closed","template":"page-template\/beef-sp-template.php","meta":{"_acf_changed":false,"_locale":"es_ES","_original_post":"138","footnotes":""},"class_list":["post-367","page","type-page","status-publish","hentry","es-ES"],"acf":[],"_links":{"self":[{"href":"https:\/\/jlec-pr.jp\/wp-json\/wp\/v2\/pages\/367","targetHints":{"allow":["GET"]}}],"collection":[{"href":"https:\/\/jlec-pr.jp\/wp-json\/wp\/v2\/pages"}],"about":[{"href":"https:\/\/jlec-pr.jp\/wp-json\/wp\/v2\/types\/page"}],"author":[{"embeddable":true,"href":"https:\/\/jlec-pr.jp\/wp-json\/wp\/v2\/users\/1"}],"replies":[{"embeddable":true,"href":"https:\/\/jlec-pr.jp\/wp-json\/wp\/v2\/comments?post=367"}],"version-history":[{"count":3,"href":"https:\/\/jlec-pr.jp\/wp-json\/wp\/v2\/pages\/367\/revisions"}],"predecessor-version":[{"id":9146,"href":"https:\/\/jlec-pr.jp\/wp-json\/wp\/v2\/pages\/367\/revisions\/9146"}],"up":[{"embeddable":true,"href":"https:\/\/jlec-pr.jp\/wp-json\/wp\/v2\/pages\/221"}],"wp:attachment":[{"href":"https:\/\/jlec-pr.jp\/wp-json\/wp\/v2\/media?parent=367"}],"curies":[{"name":"wp","href":"https:\/\/api.w.org\/{rel}","templated":true}]}}