{"id":353,"date":"2020-02-12T17:23:01","date_gmt":"2020-02-12T08:23:01","guid":{"rendered":"http:\/\/jlec-pr.jp\/?page_id=353"},"modified":"2020-03-05T22:01:28","modified_gmt":"2020-03-05T13:01:28","slug":"beef-kaikata","status":"publish","type":"page","link":"https:\/\/jlec-pr.jp\/es\/beef\/beef-kaikata\/","title":{"rendered":"Como criar Wagyu"},"content":{"rendered":"<h2>Como criar Wagyu<\/h2>\n<h3>Carne de Wagyu exquisita, que es criado bajo la naturaleza del Jap\u00f3n y el afecto que recibe de los ganaderos.<br \/><small>(Solo disponible la versi\u00f3n en ingl\u00e9s)<\/small><\/h3>\n<div style=\"position: relative; padding-bottom: 56.25%;\"><iframe style=\"position: absolute; top: 0; left: 0; width: 100%; height: 100%;\" src=\"https:\/\/www.youtube.com\/embed\/JPMbUZokWC8\" frameborder=\"0\" allowfullscreen=\"allowfullscreen\"><br \/>\n<\/iframe><\/div>\n","protected":false},"excerpt":{"rendered":"<p>Como criar Wagyu Carne de Wagyu exquisita, que es criado bajo la naturaleza del Jap\u00f3n y el afecto que recibe de los ganaderos.(Solo disponible la versi\u00f3n en ingl\u00e9s)<\/p>\n","protected":false},"author":1,"featured_media":0,"parent":221,"menu_order":0,"comment_status":"closed","ping_status":"closed","template":"page-template\/beef-sp-template.php","meta":{"_acf_changed":false,"_locale":"es_ES","_original_post":"142","footnotes":""},"class_list":["post-353","page","type-page","status-publish","hentry","es-ES"],"acf":[],"_links":{"self":[{"href":"https:\/\/jlec-pr.jp\/wp-json\/wp\/v2\/pages\/353","targetHints":{"allow":["GET"]}}],"collection":[{"href":"https:\/\/jlec-pr.jp\/wp-json\/wp\/v2\/pages"}],"about":[{"href":"https:\/\/jlec-pr.jp\/wp-json\/wp\/v2\/types\/page"}],"author":[{"embeddable":true,"href":"https:\/\/jlec-pr.jp\/wp-json\/wp\/v2\/users\/1"}],"replies":[{"embeddable":true,"href":"https:\/\/jlec-pr.jp\/wp-json\/wp\/v2\/comments?post=353"}],"version-history":[{"count":6,"href":"https:\/\/jlec-pr.jp\/wp-json\/wp\/v2\/pages\/353\/revisions"}],"predecessor-version":[{"id":9048,"href":"https:\/\/jlec-pr.jp\/wp-json\/wp\/v2\/pages\/353\/revisions\/9048"}],"up":[{"embeddable":true,"href":"https:\/\/jlec-pr.jp\/wp-json\/wp\/v2\/pages\/221"}],"wp:attachment":[{"href":"https:\/\/jlec-pr.jp\/wp-json\/wp\/v2\/media?parent=353"}],"curies":[{"name":"wp","href":"https:\/\/api.w.org\/{rel}","templated":true}]}}