{"id":317,"date":"2020-02-12T17:20:06","date_gmt":"2020-02-12T08:20:06","guid":{"rendered":"http:\/\/jlec-pr.jp\/?page_id=317"},"modified":"2020-02-27T18:21:31","modified_gmt":"2020-02-27T09:21:31","slug":"beef-cutting-guide","status":"publish","type":"page","link":"https:\/\/jlec-pr.jp\/es\/beef\/beef-cutting-guide\/","title":{"rendered":"Gu\u00eda sobre el despiece (libro electr\u00f3nico)"},"content":{"rendered":"<h2>Gu\u00eda sobre el despiece (libro electr\u00f3nico)<\/h2>\n<div style=\"position: relative; padding-bottom: 56.25%;\"><iframe style=\"position: absolute; top: 0; left: 0; width: 100%; height: 100%;\" src=\"https:\/\/www.youtube.com\/embed\/Tj7kSSg2SHY\" frameborder=\"0\" allowfullscreen=\"allowfullscreen\"><br \/>\n<\/iframe><\/div>\n<p>Japanese Wagyu Beef &#8211; A Visual Guide to Efficient Cutting &#8211; (3min)<\/p>\n<h3>Folleto<\/h3>\n<p>Est\u00e1 disponible un libro electr\u00f3nico en el cual presentamos la informaci\u00f3n de c\u00f3mo criar Wagyu y c\u00f3mo manejarlo con seguridad y tranquilidad.<\/p>\n<p class=\"more\"><a href=\"https:\/\/jlec-pr.jp\/ebook\/cutting\/sp\/\" target=\"_blank\" rel=\"noopener noreferrer\">Folleto<\/a><\/p>\n","protected":false},"excerpt":{"rendered":"<p>Gu\u00eda sobre el despiece (libro electr\u00f3nico) Japanese Wagyu Beef &#8211; A Visual Guide to Efficient Cutting &#8211; (3min) Folleto Est\u00e1 disponible un libro electr\u00f3nico en el cual presentamos la informaci\u00f3n de c\u00f3mo criar Wagyu y c\u00f3mo manejarlo con seguridad y tranquilidad. Folleto<\/p>\n","protected":false},"author":1,"featured_media":0,"parent":221,"menu_order":0,"comment_status":"closed","ping_status":"closed","template":"page-template\/beef-sp-template.php","meta":{"_acf_changed":false,"_locale":"es_ES","_original_post":"140","footnotes":""},"class_list":["post-317","page","type-page","status-publish","hentry","es-ES"],"acf":[],"_links":{"self":[{"href":"https:\/\/jlec-pr.jp\/wp-json\/wp\/v2\/pages\/317","targetHints":{"allow":["GET"]}}],"collection":[{"href":"https:\/\/jlec-pr.jp\/wp-json\/wp\/v2\/pages"}],"about":[{"href":"https:\/\/jlec-pr.jp\/wp-json\/wp\/v2\/types\/page"}],"author":[{"embeddable":true,"href":"https:\/\/jlec-pr.jp\/wp-json\/wp\/v2\/users\/1"}],"replies":[{"embeddable":true,"href":"https:\/\/jlec-pr.jp\/wp-json\/wp\/v2\/comments?post=317"}],"version-history":[{"count":8,"href":"https:\/\/jlec-pr.jp\/wp-json\/wp\/v2\/pages\/317\/revisions"}],"predecessor-version":[{"id":8672,"href":"https:\/\/jlec-pr.jp\/wp-json\/wp\/v2\/pages\/317\/revisions\/8672"}],"up":[{"embeddable":true,"href":"https:\/\/jlec-pr.jp\/wp-json\/wp\/v2\/pages\/221"}],"wp:attachment":[{"href":"https:\/\/jlec-pr.jp\/wp-json\/wp\/v2\/media?parent=317"}],"curies":[{"name":"wp","href":"https:\/\/api.w.org\/{rel}","templated":true}]}}