{"id":306,"date":"2020-02-17T13:42:57","date_gmt":"2020-02-17T04:42:57","guid":{"rendered":"http:\/\/jlec-pr.jp\/?page_id=306"},"modified":"2023-05-01T12:00:44","modified_gmt":"2023-05-01T03:00:44","slug":"wagyunavi","status":"publish","type":"page","link":"https:\/\/jlec-pr.jp\/es\/beef\/wagyunavi\/","title":{"rendered":"WAGYUNAVI Restaurantes en donde se puede disfrutar del Wagyu en Jap\u00f3n"},"content":{"rendered":"<h2>WAGYUNAVI<br \/><small>Restaurantes en donde se puede disfrutar del Wagyu en Jap\u00f3n<\/small><\/h2>\n<div class=\"col-12\">\n<p><img decoding=\"async\" class=\"img-fluid mx-auto d-block\" src=\"https:\/\/jlec-pr.jp\/wp-content\/uploads\/2020\/02\/wagyunavi.jpg\" alt=\"wagyunavi\" \/><\/p>\n<p>&nbsp;<\/p>\n<div class=\"text-center\"><a class=\"btn btn-d btn-sq btn-lg button\" href=\"https:\/\/jlec-pr.jp\/en\/beef\/wagyunavi\/\">Solo disponible la versi\u00f3n en ingl\u00e9s<\/a><\/div>\n<\/div>\n<p><\/p>\n<div class=\"col-12\">\n<img decoding=\"async\" class=\"img-fluid mx-auto d-block\" src=\"https:\/\/jlec-pr.jp\/wp-content\/uploads\/2020\/04\/2020restaurant-guide.png\" alt=\"WAGYU RESTAURANT . SHOP GUIDE\" \/><\/p>\n<ul class=\"menu mnav2 clearfix\">\n<li><a href=\"https:\/\/en.beef-japan.jp\/\" target=\"_blank\" rel=\"noopener noreferrer\">America<\/a><\/li>\n<li><a href=\"https:\/\/sg.beef-japan.jp\/\" target=\"_blank\" rel=\"noopener noreferrer\">Singapore<\/a><\/li>\n<li><a href=\"https:\/\/tw.beef-japan.jp\/\" target=\"_blank\" rel=\"noopener noreferrer\">Taiwan<\/a><\/li>\n<li><a href=\"https:\/\/hk.beef-japan.jp\/\" target=\"_blank\" rel=\"noopener noreferrer\">Hong Kong<\/a><\/li>\n<li><a href=\"https:\/\/th.beef-japan.jp\/\" target=\"_blank\" rel=\"noopener noreferrer\">Thailand<\/a><\/li>\n<li><a href=\"https:\/\/fr.beef-japan.jp\/\" target=\"_blank\" rel=\"noopener noreferrer\">France<\/a><\/li>\n<li><a href=\"https:\/\/uk.beef-japan.jp\/\" target=\"_blank\" rel=\"noopener noreferrer\">United Kingdom<\/a><\/li>\n<li><a href=\"https:\/\/de.beef-japan.jp\/\" target=\"_blank\" rel=\"noopener noreferrer\">Germany<\/a><\/li>\n<li><a href=\"https:\/\/be.beef-japan.jp\/\" target=\"_blank\" rel=\"noopener noreferrer\">Belgium<\/a><\/li>\n<li><a href=\"https:\/\/nl.beef-japan.jp\/\" target=\"_blank\" rel=\"noopener noreferrer\">Netherlands<\/a><\/li>\n<li><a href=\"https:\/\/it.beef-japan.jp\/\" target=\"_blank\" rel=\"noopener noreferrer\">Italy<\/a><\/li>\n<\/ul>\n<\/div>\n","protected":false},"excerpt":{"rendered":"<p>WAGYUNAVIRestaurantes en donde se puede disfrutar del Wagyu en Jap\u00f3n &nbsp; Solo disponible la versi\u00f3n en ingl\u00e9s America Singapore Taiwan Hong Kong Thailand France United Kingdom Germany Belgium Netherlands Italy<\/p>\n","protected":false},"author":1,"featured_media":0,"parent":221,"menu_order":0,"comment_status":"closed","ping_status":"closed","template":"page-template\/beef-sp-template.php","meta":{"_acf_changed":false,"_locale":"es_ES","_original_post":"144","footnotes":""},"class_list":["post-306","page","type-page","status-publish","hentry","es-ES"],"acf":[],"_links":{"self":[{"href":"https:\/\/jlec-pr.jp\/wp-json\/wp\/v2\/pages\/306","targetHints":{"allow":["GET"]}}],"collection":[{"href":"https:\/\/jlec-pr.jp\/wp-json\/wp\/v2\/pages"}],"about":[{"href":"https:\/\/jlec-pr.jp\/wp-json\/wp\/v2\/types\/page"}],"author":[{"embeddable":true,"href":"https:\/\/jlec-pr.jp\/wp-json\/wp\/v2\/users\/1"}],"replies":[{"embeddable":true,"href":"https:\/\/jlec-pr.jp\/wp-json\/wp\/v2\/comments?post=306"}],"version-history":[{"count":8,"href":"https:\/\/jlec-pr.jp\/wp-json\/wp\/v2\/pages\/306\/revisions"}],"predecessor-version":[{"id":12406,"href":"https:\/\/jlec-pr.jp\/wp-json\/wp\/v2\/pages\/306\/revisions\/12406"}],"up":[{"embeddable":true,"href":"https:\/\/jlec-pr.jp\/wp-json\/wp\/v2\/pages\/221"}],"wp:attachment":[{"href":"https:\/\/jlec-pr.jp\/wp-json\/wp\/v2\/media?parent=306"}],"curies":[{"name":"wp","href":"https:\/\/api.w.org\/{rel}","templated":true}]}}