{"id":292,"date":"2020-02-11T17:02:20","date_gmt":"2020-02-11T08:02:20","guid":{"rendered":"http:\/\/jlec-pr.jp\/?page_id=292"},"modified":"2020-02-18T14:17:03","modified_gmt":"2020-02-18T05:17:03","slug":"milk-logomark","status":"publish","type":"page","link":"https:\/\/jlec-pr.jp\/es\/milk\/milk-logomark\/","title":{"rendered":"Presentaci\u00f3n del logotipo unificado de la leche y productos l\u00e1cteos"},"content":{"rendered":"<h2>Presentaci\u00f3n del logotipo unificado de la leche y productos l\u00e1cteos<\/h2>\n<p class=\"thumbs_left\"><img decoding=\"async\" style=\"display: block; margin-left: auto; margin-right: auto; border: 2px solid #cccccc; padding: 20px;\" src=\"https:\/\/jlec-pr.jp\/wp-content\/uploads\/2020\/02\/milk-logo.png\" alt=\" Milk and Dairy Products logo\" width=\"300\"\/><\/p>\n<h3><\/h3>\n<p>Debido a que se consumen diariamente, la leche y los productos l\u00e1cteos japoneses han pasado siempre bajo estrictos est\u00e1ndares de control, y se ha buscado siempre su m\u00e1ximo sabor.<br \/>Este logotipo certifica la leche y los productos l\u00e1cteos japoneses producidos por los granjeros y las f\u00e1bricas de productos l\u00e1cteos.<\/p>\n","protected":false},"excerpt":{"rendered":"<p>Presentaci\u00f3n del logotipo unificado de la leche y productos l\u00e1cteos Debido a que se consumen diariamente, la leche y los productos l\u00e1cteos japoneses han pasado siempre bajo estrictos est\u00e1ndares de control, y se ha buscado siempre su m\u00e1ximo sabor.Este logotipo certifica la leche y los productos l\u00e1cteos japoneses producidos por los granjeros y las f\u00e1bricas [&hellip;]<\/p>\n","protected":false},"author":1,"featured_media":0,"parent":264,"menu_order":0,"comment_status":"closed","ping_status":"closed","template":"page-template\/milk-sp-template.php","meta":{"_acf_changed":false,"_locale":"es_ES","_original_post":"172","footnotes":""},"class_list":["post-292","page","type-page","status-publish","hentry","es-ES"],"acf":[],"_links":{"self":[{"href":"https:\/\/jlec-pr.jp\/wp-json\/wp\/v2\/pages\/292","targetHints":{"allow":["GET"]}}],"collection":[{"href":"https:\/\/jlec-pr.jp\/wp-json\/wp\/v2\/pages"}],"about":[{"href":"https:\/\/jlec-pr.jp\/wp-json\/wp\/v2\/types\/page"}],"author":[{"embeddable":true,"href":"https:\/\/jlec-pr.jp\/wp-json\/wp\/v2\/users\/1"}],"replies":[{"embeddable":true,"href":"https:\/\/jlec-pr.jp\/wp-json\/wp\/v2\/comments?post=292"}],"version-history":[{"count":3,"href":"https:\/\/jlec-pr.jp\/wp-json\/wp\/v2\/pages\/292\/revisions"}],"predecessor-version":[{"id":4210,"href":"https:\/\/jlec-pr.jp\/wp-json\/wp\/v2\/pages\/292\/revisions\/4210"}],"up":[{"embeddable":true,"href":"https:\/\/jlec-pr.jp\/wp-json\/wp\/v2\/pages\/264"}],"wp:attachment":[{"href":"https:\/\/jlec-pr.jp\/wp-json\/wp\/v2\/media?parent=292"}],"curies":[{"name":"wp","href":"https:\/\/api.w.org\/{rel}","templated":true}]}}