{"id":278,"date":"2020-02-07T15:55:57","date_gmt":"2020-02-07T06:55:57","guid":{"rendered":"http:\/\/jlec-pr.jp\/?page_id=278"},"modified":"2022-02-02T12:10:36","modified_gmt":"2022-02-02T03:10:36","slug":"milk-tokutyou","status":"publish","type":"page","link":"https:\/\/jlec-pr.jp\/es\/milk\/milk-tokutyou\/","title":{"rendered":"Caracteristicas de la Leche\u00b7L\u00e1cteos"},"content":{"rendered":"<h2>Caracteristicas de la Leche\u00b7L\u00e1cteos<\/h2>\n<div class=\"row\">\n<div class=\"col-12 col-md-5\"><img decoding=\"async\" class=\"img-fluid mx-auto d-block img-rd-lg mg-sm\" src=\"https:\/\/jlec-pr.jp\/wp-content\/uploads\/2020\/02\/es_milk.jpg\" alt=\"about 01\" \/><\/p>\n<p class=\"mb-35\">Se diagnostica cuidadosamente la condici\u00f3n de salud de las vacas cabeza por cabeza, y as\u00ed controlar con el fin de mantenerlas en \u00f3ptima condici\u00f3n saludable.<\/p>\n<p><img decoding=\"async\" class=\"img-fluid img-rd-lg float-lg-none\" src=\"https:\/\/jlec-pr.jp\/wp-content\/uploads\/2020\/02\/pic03-2.jpg\" alt=\"about 01\" \/><\/p>\n<p class=\"mb-35\">Almacenando la leche en el enfriador de leche a granel , nuevamente se inspeciciona la leche cruda antes de su despacho.<\/p>\n<\/div>\n<div class=\"col\">\n<h3>Leche y productos lacteos<br \/>\nHecho en Jap\u00f3n<\/h3>\n<p class=\"mb-35\">Por lo que la leche de vaca se toma diario en los hogares, se ha venido haciendo el seguimiento a mantener la seguridad y la delicia bajo el estricto control.<br \/>\nPara que llegue la leche a nuestra boca para poder tomar con toda tranquildad y seguridad, trabajan conjunto dos actores,, es decir las fincas que se encargan de orde\u00f1ar las vacas y las f\u00e1bricas que se dedican a recoger la leche, y la procesan para producir los l\u00e1cteos junto con la leche.<\/p>\n<p class=\"mb-35\">Negocio de productos l\u00e1cteos de Jap\u00f3n comenz\u00f3 en forma hace unos 130 a\u00f1os.<\/p>\n<p>En comparaci\u00f3n con la historia occidental Como USA y Europa en la industria lechera , Jap\u00f3n es relativamente corta.<br \/>\nSin embargo, a lo largo de la globalizaci\u00f3n de la vida diaria , la leche y lacteo en Jap\u00f3n se volvio rapidamente indispensable para los hogares.<br \/>\nEn la actualidad tenemos 135 millones de cabezas de vacas lecheras y<br \/>\ntenemos la escala de la producci\u00f3n de leche de 7,43 millones de toneladas (2020).<\/p>\n<p>Podemos hacer incapi\u00e9 en el sentido de que mantenemos los estandares de calidad por el cual la gente pueda consumir con toda la tranquilidad.<br \/>\nTenemos mucha idea de innovaci\u00f3n para mejorar el sabor, y tambi\u00e9n la busqueda de nuevos sabores.<br \/>\nPor, favor les recomendamos que pruebe la leche producida en Jap\u00f3n.<\/p>\n<p>Nos aseguramos de que el sabor y la seguridad de la leche cruda, se logre bajo ambiente c\u00f3nfortable y control de alimentaci\u00f3n adecuada.<br \/>\nAdem\u00e1s ponemos mucha atenci\u00f3n en el proceso de orde\u00f1o.<br \/>\nEspecialmente consideramos que el punto crucial es la prevenci\u00f3n de mastitis.<\/p>\n<p>Referente a la leche, naturalmente se hace el chequeo de mastitis por cada cabeza al tiempo que tambi\u00e9n se inspecciona de nuevo la leche cruda que estaba almacenada en el enfriador de leche en granel en el momento de pasar la leche al cami\u00f3n tanque .<br \/>\nSolo al confirmar el control de calidad de la leche sea satisfactorio, se recoge y se centra la leche cruda en la instalaci\u00f3n de procesamiento.<\/p>\n<\/div>\n<\/div>\n<div class=\"row voffset-md\">\n<div class=\"col-12 col-md-7\">\n<h3>Safe &amp; Fresh First<\/h3>\n<p class=\"mb-35\">El reto m\u00e1s importante que se determine en la leche es la \u00abfrescura\u00bb y \u00abcalidad\u00bb. De hecho en Jap\u00f3n La industria lechera y lacteos hecha en Japon, ha logrado obtener la satisfaci\u00f3n de los compatriotas quienes tienen la fama de ser los consumidores m\u00e1s exigentes del mundo.<br \/>\nLa leche como materia prima , que es llevada y centrada en la instalacion de procesamiento es ispeccionada sobre el aspecto externo, tonalidad de color,sabor, porcentaje de grasa, fracci\u00f3n s\u00f3lida de leche sin grasa y otras pruebas tales como el n\u00famero de bacterias y prueva de antibi\u00f3ticos.<\/p>\n<p>La leche que ha pasado la inspecci\u00f3n, se esteriliza y se procesa, pero sin contacto con el aire. hasta ser empacada como un producto final.<\/p>\n<p>En muchas de las instalaciones de procesamiento de leche cruda, cuentan con el Manual y procedimientos basados en normas internacionales tales como HACCP e ISO9001 y ISO22000 de Seguridad Alimentaria, y as\u00ed de esta manera cubrimos las necesidades de seguridad y la tranquilidad que exigen los consumidores.<\/p>\n<\/div>\n<div class=\"col d-sm-block d-none\"><img decoding=\"async\" class=\"img-fluid mx-auto img-rd-lg mb-35 d-md-block d-none\" src=\"https:\/\/jlec-pr.jp\/wp-content\/uploads\/2020\/02\/pic05-2.jpg\" alt=\"about 02\" \/><\/div>\n<\/div>\n<div class=\"row voffset-md\">\n<div class=\"col-12 col-md-7\">\n<h3>De Jap\u00f3n hacia ustedes.<\/h3>\n<p class=\"mb-35\">Actualmente, la leche y los productos l\u00e1cteos se imponen m\u00e1s all\u00e1 del sentido com\u00fan del pasado. El men\u00fa del nuevo sabor y la textura se han desarrollado. Los avances de la tecnolog\u00eda de procesamiento de refrigerados y congelados, han hecho la realidad de fabricar un gran n\u00famero de variedades de postres l\u00e1cteos y helados que exigen los consumidores de hoy.<\/p>\n<p>Adem\u00e1s, no s\u00f3lo del sabor, ahora en el campo del yogur, se han desarrollado muchos alimentos con una caracter\u00edstica de alto rendimiento como productos en b\u00fasca de la salud.<br \/>\nNuestro reto es buscar nuevos sabores, y texturas y desarrollar nuevos productos. De esta manera hacer que los consumidores del mundo entero se deleiten de nuevos sabores.<br \/>\nFavor tener en cuenta que la leche y los productos l\u00e1cteos de fabricaci\u00f3n japonesa.como un producto con una fuerte presencia en el mundo donde se fabrica cualquier alimento para ser consumidos desde por los ni\u00f1os hasta por personas mayores.<\/p>\n<\/div>\n<div class=\"col d-sm-block d-none\"><img decoding=\"async\" class=\"img-fluid mx-auto img-rd-lg mg-lg d-md-block d-none\" src=\"https:\/\/jlec-pr.jp\/wp-content\/uploads\/2020\/02\/milk-02.jpg\" alt=\"about 02\" \/><\/div>\n<\/div>\n","protected":false},"excerpt":{"rendered":"<p>Caracteristicas de la Leche\u00b7L\u00e1cteos Se diagnostica cuidadosamente la condici\u00f3n de salud de las vacas cabeza por cabeza, y as\u00ed controlar con el fin de mantenerlas en \u00f3ptima condici\u00f3n saludable. Almacenando la leche en el enfriador de leche a granel , nuevamente se inspeciciona la leche cruda antes de su despacho. Leche y productos lacteos Hecho [&hellip;]<\/p>\n","protected":false},"author":1,"featured_media":0,"parent":264,"menu_order":0,"comment_status":"closed","ping_status":"closed","template":"page-template\/milk-sp-template.php","meta":{"_acf_changed":false,"_locale":"es_ES","_original_post":"125","footnotes":""},"class_list":["post-278","page","type-page","status-publish","hentry","es-ES"],"acf":[],"_links":{"self":[{"href":"https:\/\/jlec-pr.jp\/wp-json\/wp\/v2\/pages\/278","targetHints":{"allow":["GET"]}}],"collection":[{"href":"https:\/\/jlec-pr.jp\/wp-json\/wp\/v2\/pages"}],"about":[{"href":"https:\/\/jlec-pr.jp\/wp-json\/wp\/v2\/types\/page"}],"author":[{"embeddable":true,"href":"https:\/\/jlec-pr.jp\/wp-json\/wp\/v2\/users\/1"}],"replies":[{"embeddable":true,"href":"https:\/\/jlec-pr.jp\/wp-json\/wp\/v2\/comments?post=278"}],"version-history":[{"count":9,"href":"https:\/\/jlec-pr.jp\/wp-json\/wp\/v2\/pages\/278\/revisions"}],"predecessor-version":[{"id":11181,"href":"https:\/\/jlec-pr.jp\/wp-json\/wp\/v2\/pages\/278\/revisions\/11181"}],"up":[{"embeddable":true,"href":"https:\/\/jlec-pr.jp\/wp-json\/wp\/v2\/pages\/264"}],"wp:attachment":[{"href":"https:\/\/jlec-pr.jp\/wp-json\/wp\/v2\/media?parent=278"}],"curies":[{"name":"wp","href":"https:\/\/api.w.org\/{rel}","templated":true}]}}