{"id":249,"date":"2020-02-12T11:09:50","date_gmt":"2020-02-12T02:09:50","guid":{"rendered":"http:\/\/jlec-pr.jp\/?page_id=249"},"modified":"2023-06-29T11:32:07","modified_gmt":"2023-06-29T02:32:07","slug":"about","status":"publish","type":"page","link":"https:\/\/jlec-pr.jp\/es\/about\/","title":{"rendered":"Acerca del Consejo de promoci\u00f3n de exportaci\u00f3n de los productos ganaderos de Jap\u00f3n"},"content":{"rendered":"<p><img loading=\"lazy\" decoding=\"async\" class=\"img-fluid mx-auto d-block\" style=\"margin-bottom: 15px;\" src=\"https:\/\/jlec-pr.jp\/wp-content\/uploads\/2020\/02\/es_promote.jpg\" alt=\"All Japan\" width=\"700\" height=\"800\" \/><\/p>\n<h2>Objeto de actividades<\/h2>\n<div class=\"box-line2 clearfix\">\n<h5>Promocionar la exportaci\u00f3n del ganado dom\u00e9stico a trav\u00e9s de la recopilaci\u00f3n y suministro de la informaci\u00f3n relacionada a la exportaci\u00f3n del ganado dom\u00e9stico y a los negocios concernientes.<\/h5>\n<\/div>\n<h2>Generalidades de negocios , ( \u00edtems) , organizaci\u00f3n y el n\u00famero de miembros<\/h2>\n<h3>Contenido de los negocios<\/h3>\n<div class=\"box-line2\">\n<ol>\n<li>Estudio de la estrategia la exportaci\u00f3n integral de la exportaci\u00f3n de los productos ganaderos de Jap\u00f3n y su respectiva promoci\u00f3n.<\/li>\n<li>Recopilaci\u00f3n y suministro de la informaci\u00f3n acerca de la exportaci\u00f3n de los productos ganaderos a favor de los interesados coherentes a dicha exportaci\u00f3n<\/li>\n<li>romoci\u00f3n de exportaciones y otras actividades en el exterior.<\/li>\n<\/ol>\n<\/div>\n<h3>Generalidades<\/h3>\n<table class=\"ta-line\">\n<tbody>\n<tr>\n<th>Direcci\u00f3n de la Sede<\/p>\n<p>&nbsp;<\/th>\n<td>(c\/o Asociaci\u00f3n Central de Ganader\u00eda ; Corporaci\u00f3n del grupo de inter\u00e9s p\u00fablico ) Secretar\u00eda del Consejo de la promoci\u00f3n de exportaci\u00f3n de productos ganaderos de Jap\u00f3n 2-16-2 segunda CID edificio 9F C\u00f3digo postal\u3012101-0021, Soto Kanda, Chiyoda-ku, Tokio, Jap\u00f3n<\/td>\n<\/tr>\n<tr>\n<th>TEL<\/th>\n<td>+81-3-5577-5004<\/td>\n<\/tr>\n<tr>\n<th>FAX<\/th>\n<td>+81-3-5289-0890\n<\/td>\n<\/tr>\n<tr>\n<th>Comit\u00e9 y sub Comit\u00e9 para ser instalado bajo el Consejo<\/th>\n<td>\n<ul class=\"list-ico\">\n<li>Comit\u00e9 de exportaci\u00f3n de carne de res (Secretar\u00eda : Asociaci\u00f3n Central de Ganader\u00eda ; Corporaci\u00f3n del grupo de inter\u00e9s p\u00fablico)<\/li>\n<li>Comit\u00e9 de exportaci\u00f3n de carne de cerdo(Secretar\u00eda : Asociaci\u00f3n japonesa de porci- cultura ; Instituto)<\/li>\n<li>Comit\u00e9 de exportaci\u00f3n de carne de pollo (Secretar\u00eda: Asociaci\u00f3n japonesa de aves ;Instituto<\/li>\n<li>Comit\u00e9 de exportaci\u00f3n de huevos de gallina (Secretar\u00eda: La Asociaci\u00f3n Av\u00edcola japonesa)<\/li>\n<li>Comit\u00e9 de exportaci\u00f3n de leche y productos l\u00e1cteos ( Secretar\u00eda: Asociaci\u00f3n japonesa de l\u00e1cteos)<\/li>\n<\/ul>\n<\/td>\n<\/tr>\n<\/tbody>\n<\/table>\n<h3>Membrec\u00eda<\/h3>\n<div class=\"box-line2\">\n<p><strong>Los miembros son aquellos relacionados con la producci\u00f3n, distribuci\u00f3n o exportaci\u00f3n de los productos ganaderos.<\/strong><\/p>\n<\/div>\n<h3>Diagrama organizacional<\/h3>\n<div class=\"box-line2\">\n<p style=\"text-align: center;\"><img loading=\"lazy\" decoding=\"async\" src=\"https:\/\/jlec-pr.jp\/wp-content\/uploads\/2020\/02\/summary-es_diagram2020.png\" alt=\"Diagrama organizacional\" width=\"700\" height=\"640\" \/><\/p>\n<\/div>\n","protected":false},"excerpt":{"rendered":"<p>Objeto de actividades Promocionar la exportaci\u00f3n del ganado dom\u00e9stico a trav\u00e9s de la recopilaci\u00f3n y suministro de la informaci\u00f3n relacionada a la exportaci\u00f3n del ganado dom\u00e9stico y a los negocios concernientes. Generalidades de negocios , ( \u00edtems) , organizaci\u00f3n y el n\u00famero de miembros Contenido de los negocios Estudio de la estrategia la exportaci\u00f3n integral [&hellip;]<\/p>\n","protected":false},"author":1,"featured_media":0,"parent":0,"menu_order":0,"comment_status":"closed","ping_status":"closed","template":"","meta":{"_acf_changed":false,"_locale":"es_ES","_original_post":"76","footnotes":""},"class_list":["post-249","page","type-page","status-publish","hentry","es-ES"],"acf":[],"_links":{"self":[{"href":"https:\/\/jlec-pr.jp\/wp-json\/wp\/v2\/pages\/249","targetHints":{"allow":["GET"]}}],"collection":[{"href":"https:\/\/jlec-pr.jp\/wp-json\/wp\/v2\/pages"}],"about":[{"href":"https:\/\/jlec-pr.jp\/wp-json\/wp\/v2\/types\/page"}],"author":[{"embeddable":true,"href":"https:\/\/jlec-pr.jp\/wp-json\/wp\/v2\/users\/1"}],"replies":[{"embeddable":true,"href":"https:\/\/jlec-pr.jp\/wp-json\/wp\/v2\/comments?post=249"}],"version-history":[{"count":12,"href":"https:\/\/jlec-pr.jp\/wp-json\/wp\/v2\/pages\/249\/revisions"}],"predecessor-version":[{"id":12878,"href":"https:\/\/jlec-pr.jp\/wp-json\/wp\/v2\/pages\/249\/revisions\/12878"}],"wp:attachment":[{"href":"https:\/\/jlec-pr.jp\/wp-json\/wp\/v2\/media?parent=249"}],"curies":[{"name":"wp","href":"https:\/\/api.w.org\/{rel}","templated":true}]}}