{"id":206,"date":"2020-02-11T22:08:49","date_gmt":"2020-02-11T13:08:49","guid":{"rendered":"http:\/\/jlec-pr.jp\/?page_id=206"},"modified":"2020-02-20T11:47:31","modified_gmt":"2020-02-20T02:47:31","slug":"beef-media","status":"publish","type":"page","link":"https:\/\/jlec-pr.jp\/es\/beef\/beef-media\/","title":{"rendered":"Sobre el Wagyu que presentan los medios de comunicaci\u00f3n extranjeros"},"content":{"rendered":"<h2>Sobre el Wagyu que presentan los medios de comunicaci\u00f3n extranjeros<\/h2>\n<h3>Planet Food<\/h3>\n<p>\nPlanet Food en el Travel Channel es ofrecido por Pilot Productions en el Reino Unido. En el episodio de Planet Food: Jap\u00f3n, Merrilees Parker viaja a Jap\u00f3n para conocer su cultura gastron\u00f3mica \u00fanica. Escapando de la ciudad, Merrilees visita una granja que produce la carne Wagyu japonesa m\u00e1s cara del mundo. Las vacas se alimentan con manzanas y reciben masajes diarios. Tambi\u00e9n prueba Sukiyaki, que es conocida por ser una de las mejores formas de cocinar carne Wagyu.\n<\/p>\n<div style=\"position: relative; padding-bottom: 56.25%;\">\n  <iframe \n    style=\"position: absolute; top: 0; left: 0; width: 100%; height: 100%;\" \n    src=\"https:\/\/www.youtube.com\/embed\/XlHsoRTsmiI\" \n    frameborder=\"0\" \n    allow=\"autoplay; \n    encrypted-media\" \n    allowfullscreen><br \/>\n  <\/iframe>\n<\/div>\n<h3>Ruptly TV<\/h3>\n<p>\nLa noticia es producida por Ruptly, una agencia internacional de noticias que proporciona contenido de noticias visuales en tiempo real y de archivo a todos los medios y que tiene su sede en Berl\u00edn, Alemania. El restaurante Goldhorn Beefclub, que sirve algunos de los filetes m\u00e1s caros de Alemania, revel\u00f3 algunos de sus secretos a Ruptly en su tienda y restaurante de Berl\u00edn.\n<\/p>\n<div style=\"position: relative; padding-bottom: 56.25%;\">\n  <iframe \n    style=\"position: absolute; top: 0; left: 0; width: 100%; height: 100%;\" \n    src=\"https:\/\/www.youtube.com\/embed\/Si7lyGkkwv4\" \n    frameborder=\"0\" \n    allow=\"autoplay; \n    encrypted-media\" \n    allowfullscreen><br \/>\n  <\/iframe>\n<\/div>\n<h3>France 3<\/h3>\n<p>\nSe cubri\u00f3 la noticia en Edition nacionale de France 3 en Francia. El gobierno japon\u00e9s permiti\u00f3 exportar esta Wagyu especial japonesa a Francia. Se informa que se vender\u00eda a 230 \u20ac el kg. La Wagyu japonesa es una carne tradicional y tiene un sabor peculiar que otras carnes no tienen.\n<\/p>\n<div style=\"position: relative; padding-bottom: 56.25%;\">\n  <iframe \n    style=\"position: absolute; top: 0; left: 0; width: 100%; height: 100%;\" \n    src=\"https:\/\/www.youtube.com\/embed\/5_ZREPWxiLc\" \n    frameborder=\"0\" \n    allow=\"autoplay; \n    encrypted-media\" \n    allowfullscreen><br \/>\n  <\/iframe>\n<\/div>\n<h3>Mustard TV<\/h3>\n<p>Presenta la carne Wagyu que se sirve en un restaurante japon\u00e9s en Norfolk, Shiki.<\/p>\n<div style=\"position: relative; padding-bottom: 56.25%;\">\n  <iframe \n    style=\"position: absolute; top: 0; left: 0; width: 100%; height: 100%;\" \n    src=\"https:\/\/www.youtube.com\/embed\/ZPBYEK5Fvjo\" \n    frameborder=\"0\" \n    allow=\"autoplay; \n    encrypted-media\" \n    allowfullscreen><br \/>\n  <\/iframe>\n<\/div>\n","protected":false},"excerpt":{"rendered":"<p>Sobre el Wagyu que presentan los medios de comunicaci\u00f3n extranjeros Planet Food Planet Food en el Travel Channel es ofrecido por Pilot Productions en el Reino Unido. En el episodio de Planet Food: Jap\u00f3n, Merrilees Parker viaja a Jap\u00f3n para conocer su cultura gastron\u00f3mica \u00fanica. Escapando de la ciudad, Merrilees visita una granja que produce [&hellip;]<\/p>\n","protected":false},"author":1,"featured_media":0,"parent":221,"menu_order":0,"comment_status":"closed","ping_status":"closed","template":"page-template\/beef-sp-template.php","meta":{"_acf_changed":false,"_locale":"es_ES","_original_post":"200","footnotes":""},"class_list":["post-206","page","type-page","status-publish","hentry","es-ES"],"acf":[],"_links":{"self":[{"href":"https:\/\/jlec-pr.jp\/wp-json\/wp\/v2\/pages\/206","targetHints":{"allow":["GET"]}}],"collection":[{"href":"https:\/\/jlec-pr.jp\/wp-json\/wp\/v2\/pages"}],"about":[{"href":"https:\/\/jlec-pr.jp\/wp-json\/wp\/v2\/types\/page"}],"author":[{"embeddable":true,"href":"https:\/\/jlec-pr.jp\/wp-json\/wp\/v2\/users\/1"}],"replies":[{"embeddable":true,"href":"https:\/\/jlec-pr.jp\/wp-json\/wp\/v2\/comments?post=206"}],"version-history":[{"count":6,"href":"https:\/\/jlec-pr.jp\/wp-json\/wp\/v2\/pages\/206\/revisions"}],"predecessor-version":[{"id":5086,"href":"https:\/\/jlec-pr.jp\/wp-json\/wp\/v2\/pages\/206\/revisions\/5086"}],"up":[{"embeddable":true,"href":"https:\/\/jlec-pr.jp\/wp-json\/wp\/v2\/pages\/221"}],"wp:attachment":[{"href":"https:\/\/jlec-pr.jp\/wp-json\/wp\/v2\/media?parent=206"}],"curies":[{"name":"wp","href":"https:\/\/api.w.org\/{rel}","templated":true}]}}