{"id":191,"date":"2020-02-13T02:50:10","date_gmt":"2020-02-12T17:50:10","guid":{"rendered":"http:\/\/jlec-pr.jp\/?page_id=191"},"modified":"2020-02-28T11:35:28","modified_gmt":"2020-02-28T02:35:28","slug":"beef-logomark","status":"publish","type":"page","link":"https:\/\/jlec-pr.jp\/es\/beef\/beef-logomark\/","title":{"rendered":"Presentaci\u00f3n del logotipo unificado de Wagyu"},"content":{"rendered":"<h2>Presentaci\u00f3n del logotipo unificado de Wagyu<\/h2>\n<p class=\"thumbs_left\"><img decoding=\"async\" style=\"display: block; margin-left: auto; margin-right: auto; border: 2px solid #cccccc; padding: 20px;\" src=\"https:\/\/jlec-pr.jp\/wp-content\/uploads\/2020\/02\/beef-logo02.gif\" alt=\"Unified Wagyu logo\" width=\"300\" \/><\/p>\n<h3>Prueba de autenticidad \u300cSello unificado de Wagyu\u300d<\/h3>\n<p>Con el fin de distribuir al mundo entero el aut\u00e9ntico Wagyu del Jap\u00f3n, se estableci\u00f3 el respectivo sello  unificado de Wagyu en 2007. <br \/>Deseamos que la gente del mundo entero deleite su paladar con el  autentico Wagyu. El sello unificado de Wagyu indica la autenticidad del mismo.<\/p>\n<div class=\"clearfix\"><\/div>\n<h3 class=\"tit-tab\">Raza<\/h3>\n<h4>1.Pelo negro Raza japonesa ( Kurogewashu) ( todo el Jap\u00f3n)<\/h4>\n<table class=\"ta-line\">\n<tbody>\n<tr>\n<th style=\"width: 25%;\"><strong>Peso de la vaca madura  aprox.<\/strong><\/th>\n<td style=\"width: 75%;\">755\u338f<\/td>\n<\/tr>\n<tr>\n<th>Color del pelo<\/th>\n<td>Negro tirando un poco al color marron<\/td>\n<\/tr>\n<tr>\n<th>Caracter\u00edstica<\/th>\n<td>\n<ul class=\"list-ico\">\n<li>Una alta capacidad de producir carne de vacuno&nbsp; jaspeada<\/li>\n<li>Tiene el fisico m\u00e1s peque\u00f1o entre las 4 razas<\/li>\n<li>Ocupa 95% de todas razas de Wagyu<\/li>\n<li>Por esta raz\u00f3n muchas veces cuando se dice Wagyu, indica&nbsp; la variedad de Wagyu con el pelo negro.<\/li>\n<li>Variedades de la primera clase como la carne Matsusaka, carne Yonezawa&nbsp; y carne Hida, son la mayor\u00eda de la variedad japonesa del pelo negro.<\/li>\n<\/ul>\n<\/td>\n<\/tr>\n<\/tbody>\n<\/table>\n<h4>2.Variedad japonesa del pelo del color escarlata \u3010 Akagewashu \u3011( Prefectura de Kumamoto \u30fbPrefectura de Kochi)<\/h4>\n<table class=\"ta-line\">\n<tbody>\n<tr>\n<th style=\"width: 25%;\">El peso de la hembra madura&nbsp; aprox.<\/th>\n<td style=\"width: 75%;\">750kg<\/td>\n<\/tr>\n<tr>\n<th>Color del pelo<\/th>\n<td>Marr\u00f3n ligero<\/td>\n<\/tr>\n<tr>\n<th>Caracter\u00edstica<\/th>\n<td>\n<ul class=\"list-ico\">\n<li>Crece r\u00e1pido<\/li>\n<li>tiene el caracter docil , robusto y resistente al clima c\u00e1lido&nbsp; adem\u00e1s tiene la ventaja para disponerse de forraje<\/li>\n<\/ul>\n<\/td>\n<\/tr>\n<\/tbody>\n<\/table>\n<h4>3.variedad japonesa de cuerno corto \u3010Nihon tankaku-shu\u3011( Prefectura de Iwate, Prefectura de Aomori y Hokkaido )<\/h4>\n<table class=\"ta-line\">\n<tbody>\n<tr>\n<th style=\"width: 25%;\">El peso de la hembra madura&nbsp; aprox.<\/th>\n<td style=\"width: 75%;\">745kg<\/td>\n<\/tr>\n<tr>\n<th>Color del pelo<\/th>\n<td>Marr\u00f3n ligeramente oscuro<\/td>\n<\/tr>\n<tr>\n<th>Caracter\u00edstica<\/th>\n<td>\n<ul class=\"list-ico\">\n<li>Se puede contar buena disponibilidad de forraje para la cria , por otra parte se adapta al clima y ambiente del norte del&nbsp; Jap\u00f3n.<\/li>\n<li>Altamente adecuado para el pastoreo<\/li>\n<\/ul>\n<\/td>\n<\/tr>\n<\/tbody>\n<\/table>\n<h4>4. Variedad japonesa sin cacho \u3010mukaku washu \u3011 ( Prefetura de Yamaguchi\u3011<\/h4>\n<table class=\"ta-line\">\n<tbody>\n<tr>\n<th style=\"width: 25%;\">Color del pelo<\/th>\n<td style=\"width: 75%;\">Negro oscuro<\/td>\n<\/tr>\n<tr>\n<th>Caracter\u00edstica<\/th>\n<td>\n<ul class=\"list-ico\">\n<li>Sin cuerno<\/li>\n<li>Relativamente desde hace tiempo se ha venido promoviendo las mejoras de esta variedad,destinada principalmente para la carne,actualmente el n\u00famero de cabezas&nbsp; es muy poquito.<\/li>\n<\/ul>\n<\/td>\n<\/tr>\n<\/tbody>\n<\/table>\n<h4>5. h\u00edbridos por el cruce entre las 4 razas<\/h4>\n<h4>6.Que sea una especie h\u00edbrida por cruce entre variedad del&nbsp; 5 y varieddad&nbsp; del 1 al 5, y estas especies puedan ser certificadas a trav\u00e9s del sistema de registro en base <br \/>a la ley de reproduccion mejorada de ganado y a la vez que se pueda confirmar a trav\u00e9s del sistema de trasabilidad de ganado.<\/h4>\n<h3 class=\"tit-tab\">Aspecto del \u00e1mbito&nbsp; de crianza<\/h3>\n<div class=\"box-line2 bold-font\">\n<ol>\n<li>Que haya nacido y criado en el Jap\u00f3n<\/li>\n<li>Adem\u00e1s , el item 1 sea confirmado a traves del sistema de trasabilidad del ganado.<\/li>\n<\/ol>\n<\/div>\n","protected":false},"excerpt":{"rendered":"<p>Presentaci\u00f3n del logotipo unificado de Wagyu Prueba de autenticidad \u300cSello unificado de Wagyu\u300d Con el fin de distribuir al mundo entero el aut\u00e9ntico Wagyu del Jap\u00f3n, se estableci\u00f3 el respectivo sello unificado de Wagyu en 2007. Deseamos que la gente del mundo entero deleite su paladar con el autentico Wagyu. El sello unificado de Wagyu [&hellip;]<\/p>\n","protected":false},"author":1,"featured_media":0,"parent":221,"menu_order":0,"comment_status":"closed","ping_status":"closed","template":"page-template\/beef-sp-template.php","meta":{"_acf_changed":false,"_locale":"es_ES","_original_post":"152","footnotes":""},"class_list":["post-191","page","type-page","status-publish","hentry","es-ES"],"acf":[],"_links":{"self":[{"href":"https:\/\/jlec-pr.jp\/wp-json\/wp\/v2\/pages\/191","targetHints":{"allow":["GET"]}}],"collection":[{"href":"https:\/\/jlec-pr.jp\/wp-json\/wp\/v2\/pages"}],"about":[{"href":"https:\/\/jlec-pr.jp\/wp-json\/wp\/v2\/types\/page"}],"author":[{"embeddable":true,"href":"https:\/\/jlec-pr.jp\/wp-json\/wp\/v2\/users\/1"}],"replies":[{"embeddable":true,"href":"https:\/\/jlec-pr.jp\/wp-json\/wp\/v2\/comments?post=191"}],"version-history":[{"count":7,"href":"https:\/\/jlec-pr.jp\/wp-json\/wp\/v2\/pages\/191\/revisions"}],"predecessor-version":[{"id":8805,"href":"https:\/\/jlec-pr.jp\/wp-json\/wp\/v2\/pages\/191\/revisions\/8805"}],"up":[{"embeddable":true,"href":"https:\/\/jlec-pr.jp\/wp-json\/wp\/v2\/pages\/221"}],"wp:attachment":[{"href":"https:\/\/jlec-pr.jp\/wp-json\/wp\/v2\/media?parent=191"}],"curies":[{"name":"wp","href":"https:\/\/api.w.org\/{rel}","templated":true}]}}