{"id":12506,"date":"2023-05-22T14:52:02","date_gmt":"2023-05-22T05:52:02","guid":{"rendered":"http:\/\/jlec-pr.jp\/?page_id=12506"},"modified":"2023-05-23T15:56:11","modified_gmt":"2023-05-23T06:56:11","slug":"consultation-check","status":"publish","type":"page","link":"https:\/\/jlec-pr.jp\/es\/beef\/consultation-check\/","title":{"rendered":"Oficina de Consultas para la Importaci\u00f3n de Carne de Wagyu Japon\u00e9s"},"content":{"rendered":"<h2>Oficina de Consultas para la Importaci\u00f3n de Carne de Wagyu Japon\u00e9s<\/h2>\n<div class=\"consultation_box\">\n<p class=\"consultation_text\">Please check the details entered for errors.<\/p>\n<\/div>\n<p><!-- \u3053\u3053\u304b\u3089form --><br \/>\n[mwform_formkey key=\u00bb12454&#8243;]<br \/>\n<!-- end form --><\/p>\n","protected":false},"excerpt":{"rendered":"<p>Oficina de Consultas para la Importaci\u00f3n de Carne de Wagyu Japon\u00e9s Please check the details entered for errors. [mwform_formkey key=\u00bb12454&#8243;]<\/p>\n","protected":false},"author":7,"featured_media":0,"parent":221,"menu_order":0,"comment_status":"closed","ping_status":"closed","template":"page-template\/beef-sp-template.php","meta":{"_acf_changed":false,"_locale":"es_ES","_original_post":"http:\/\/jlec-pr.jp\/?page_id=12442","footnotes":""},"class_list":["post-12506","page","type-page","status-publish","hentry","es-ES"],"acf":[],"_links":{"self":[{"href":"https:\/\/jlec-pr.jp\/wp-json\/wp\/v2\/pages\/12506","targetHints":{"allow":["GET"]}}],"collection":[{"href":"https:\/\/jlec-pr.jp\/wp-json\/wp\/v2\/pages"}],"about":[{"href":"https:\/\/jlec-pr.jp\/wp-json\/wp\/v2\/types\/page"}],"author":[{"embeddable":true,"href":"https:\/\/jlec-pr.jp\/wp-json\/wp\/v2\/users\/7"}],"replies":[{"embeddable":true,"href":"https:\/\/jlec-pr.jp\/wp-json\/wp\/v2\/comments?post=12506"}],"version-history":[{"count":5,"href":"https:\/\/jlec-pr.jp\/wp-json\/wp\/v2\/pages\/12506\/revisions"}],"predecessor-version":[{"id":12620,"href":"https:\/\/jlec-pr.jp\/wp-json\/wp\/v2\/pages\/12506\/revisions\/12620"}],"up":[{"embeddable":true,"href":"https:\/\/jlec-pr.jp\/wp-json\/wp\/v2\/pages\/221"}],"wp:attachment":[{"href":"https:\/\/jlec-pr.jp\/wp-json\/wp\/v2\/media?parent=12506"}],"curies":[{"name":"wp","href":"https:\/\/api.w.org\/{rel}","templated":true}]}}