{"id":12476,"date":"2023-05-22T14:17:02","date_gmt":"2023-05-22T05:17:02","guid":{"rendered":"http:\/\/jlec-pr.jp\/?page_id=12476"},"modified":"2025-06-11T22:31:31","modified_gmt":"2025-06-11T13:31:31","slug":"consultation","status":"publish","type":"page","link":"https:\/\/jlec-pr.jp\/es\/beef\/consultation\/","title":{"rendered":"Oficina de Consultas para la Importaci\u00f3n de Carne de Wagyu Japon\u00e9s"},"content":{"rendered":"<h2>Oficina de Consultas para la Importaci\u00f3n de Carne de Wagyu Japon\u00e9s<\/h2>\n<div class=\"consultation_box\">\n<p class=\"consultation_text\">This is a contact point for consultation on Wagyu imports. Please feel free to consult us.<\/p>\n<div class=\"consultation_example\">\n<p>For example:<\/p>\n<ul class=\"example_list\">\n<li>\u30fbIf you are starting to consider importing Wagyu<\/li>\n<li>\u30fbIf you are considering a new importing country for Wagyu<\/li>\n<li>\u30fbIf you would like to know information on an importing country or about the procedures for imports<\/li>\n<\/ul><\/div>\n<p class=\"consultation_text\">An import supporter will provide free consultation.<br \/>To start, please use the form below to let us know what you would like to discuss.<br \/>We will check the inquiry details entered and then an import supporter will contact you.<br \/>(We do not provide e-mail responses on Saturdays, Sundays and public holidays.)<\/p>\n<\/div>\n<p><!-- \u3053\u3053\u304b\u3089form --><br \/>\n\n<div class=\"wpcf7 no-js\" id=\"wpcf7-f13956-o1\" lang=\"ja\" dir=\"ltr\" data-wpcf7-id=\"13956\">\n<div class=\"screen-reader-response\"><p role=\"status\" aria-live=\"polite\" aria-atomic=\"true\"><\/p> <ul><\/ul><\/div>\n<form action=\"\/es\/wp-json\/wp\/v2\/pages\/12476#wpcf7-f13956-o1\" method=\"post\" class=\"wpcf7-form init\" aria-label=\"\u30b3\u30f3\u30bf\u30af\u30c8\u30d5\u30a9\u30fc\u30e0\" novalidate=\"novalidate\" data-status=\"init\">\n<fieldset class=\"hidden-fields-container\"><input type=\"hidden\" name=\"_wpcf7\" value=\"13956\" \/><input type=\"hidden\" name=\"_wpcf7_version\" value=\"6.1.5\" \/><input type=\"hidden\" name=\"_wpcf7_locale\" value=\"ja\" \/><input type=\"hidden\" name=\"_wpcf7_unit_tag\" value=\"wpcf7-f13956-o1\" \/><input type=\"hidden\" name=\"_wpcf7_container_post\" value=\"0\" \/><input type=\"hidden\" name=\"_wpcf7_posted_data_hash\" value=\"\" \/>\n<\/fieldset>\n<div class=\"consultation_box\">\n\t<div class=\"form-box\">\n\t\t<div class=\"form-step step-input\">\n\t\t\t<div class=\"form-item\">\n\t\t\t\t<p><label for=\"company_name\">Company name<span class=\"required_item\">*<\/span><\/label>\n\t\t\t\t<\/p>\n\t\t\t\t<div class=\"input_box\">\n\t\t\t\t\t<p><span class=\"wpcf7-form-control-wrap\" data-name=\"company_name\"><input size=\"40\" maxlength=\"400\" class=\"wpcf7-form-control wpcf7-text wpcf7-validates-as-required input_cnt\" id=\"company_name\" aria-required=\"true\" aria-invalid=\"false\" value=\"\" type=\"text\" name=\"company_name\" \/><\/span>\n\t\t\t\t\t<\/p>\n\t\t\t\t<\/div>\n\t\t\t<\/div>\n\t\t\t<div class=\"form-item\">\n\t\t\t\t<p><label for=\"company_pic\">Your name<span class=\"required_item\">*<\/span><\/label>\n\t\t\t\t<\/p>\n\t\t\t\t<div class=\"input_box\">\n\t\t\t\t\t<p><span class=\"wpcf7-form-control-wrap\" data-name=\"company_pic\"><input size=\"40\" maxlength=\"400\" class=\"wpcf7-form-control wpcf7-text wpcf7-validates-as-required input_cnt\" id=\"company_pic\" aria-required=\"true\" aria-invalid=\"false\" value=\"\" type=\"text\" name=\"company_pic\" \/><\/span>\n\t\t\t\t\t<\/p>\n\t\t\t\t<\/div>\n\t\t\t<\/div>\n\t\t\t<div class=\"form-item\">\n\t\t\t\t<p><label for=\"mail\">Email address<span class=\"required_item\">*<\/span><\/label>\n\t\t\t\t<\/p>\n\t\t\t\t<div class=\"input_box\">\n\t\t\t\t\t<p><span class=\"wpcf7-form-control-wrap\" data-name=\"mail\"><input size=\"40\" maxlength=\"400\" class=\"wpcf7-form-control wpcf7-email wpcf7-validates-as-required wpcf7-text wpcf7-validates-as-email input_cnt\" id=\"mail\" aria-required=\"true\" aria-invalid=\"false\" value=\"\" type=\"email\" name=\"mail\" \/><\/span>\n\t\t\t\t\t<\/p>\n\t\t\t\t<\/div>\n\t\t\t<\/div>\n\t\t\t<div class=\"form-item\">\n\t\t\t\t<p><label for=\"tel\">Telephone number<span class=\"required_item\">*<\/span><\/label>\n\t\t\t\t<\/p>\n\t\t\t\t<div class=\"input_box\">\n\t\t\t\t\t<p><span class=\"wpcf7-form-control-wrap\" data-name=\"tel\"><input size=\"40\" maxlength=\"400\" class=\"wpcf7-form-control wpcf7-tel wpcf7-validates-as-required wpcf7-text wpcf7-validates-as-tel input_cnt\" id=\"tel\" aria-required=\"true\" aria-invalid=\"false\" value=\"\" type=\"tel\" name=\"tel\" \/><\/span>\n\t\t\t\t\t<\/p>\n\t\t\t\t<\/div>\n\t\t\t<\/div>\n\t\t\t<div class=\"form-item\">\n\t\t\t\t<p><label for=\"consultation_category\">Consultation category<span class=\"required_item\">*<\/span><\/label>\n\t\t\t\t<\/p>\n\t\t\t\t<div class=\"input_box category_selectbox\">\n\t\t\t\t\t<p><span class=\"wpcf7-form-control-wrap\" data-name=\"consultation_category\"><select class=\"wpcf7-form-control wpcf7-select wpcf7-validates-as-required input_cnt\" id=\"consultation_category\" aria-required=\"true\" aria-invalid=\"false\" name=\"consultation_category\"><option value=\"\">Please select<\/option><option value=\"Matters relating to import procedures\">Matters relating to import procedures<\/option><option value=\"Matters relating to import conditions and approved facilities\">Matters relating to import conditions and approved facilities<\/option><option value=\"Matters relating to business negotiations\">Matters relating to business negotiations<\/option><option value=\"Matters relating to the supply and demand situation in the importing country\">Matters relating to the supply and demand situation in the importing country<\/option><option value=\"Matters relating to the regulations in the importing country\">Matters relating to the regulations in the importing country<\/option><option value=\"Other\">Other<\/option><\/select><\/span>\n\t\t\t\t\t<\/p>\n\t\t\t\t<\/div>\n\t\t\t<\/div>\n\t\t\t<div class=\"form-item\">\n\t\t\t\t<p><label for=\"consultation_cnt\">Consultation details \/ Other<span class=\"required_item\">*<\/span><\/label>\n\t\t\t\t<\/p>\n\t\t\t\t<div class=\"input_box\">\n\t\t\t\t\t<p><span class=\"wpcf7-form-control-wrap\" data-name=\"consultation_cnt\"><textarea cols=\"40\" rows=\"5\" maxlength=\"2000\" class=\"wpcf7-form-control wpcf7-textarea wpcf7-validates-as-required input_cnt\" id=\"consultation_cnt\" aria-required=\"true\" aria-invalid=\"false\" name=\"consultation_cnt\"><\/textarea><\/span>\n\t\t\t\t\t<\/p>\n\t\t\t\t<\/div>\n\t\t\t<\/div>\n\t\t\t<div class=\"form-checkbox\">\n\t\t\t\t<p><label class=\"privacy-label\"><span class=\"wpcf7-form-control-wrap\" data-name=\"privacy_check\"><span class=\"wpcf7-form-control wpcf7-checkbox wpcf7-validates-as-required privacy_check\"><span class=\"wpcf7-list-item first last\"><label><input type=\"checkbox\" name=\"privacy_check[]\" value=\"I accept the\" \/><span class=\"wpcf7-list-item-label\">I accept the<\/span><\/label><\/span><\/span><\/span><span class=\"privacy-text\">I accept the <a href=\"https:\/\/jlec-pr.jp\/en\/about\/privacypolicy\/\" target=\"_blank\">privacy policy.<\/a><\/span><br \/>\n<\/label>\n\t\t\t\t<\/p>\n\t\t\t<\/div>\n\t\t\t<div class=\"form-next\">\n\t\t\t\t<p><button type=\"button\" class=\"next-to-confirm\">Confirm<\/button>\n\t\t\t\t<\/p>\n\t\t\t<\/div>\n\t\t<\/div>\n\t\t<div class=\"form-step step-confirm\" style=\"display:none;\">\n\t\t\t<p class=\"confirm-message\">Please check the details entered for errors.\n\t\t\t<\/p>\n\t\t\t<div class=\"confirm-row\">\n\t\t\t\t<div class=\"confirm-label\">\n\t\t\t\t\t<p>Company name<span class=\"required_item\">*<\/span>\n\t\t\t\t\t<\/p>\n\t\t\t\t<\/div>\n\t\t\t\t<div class=\"confirm-value\" data-confirm=\"company_name\">\n\t\t\t\t<\/div>\n\t\t\t<\/div>\n\t\t\t<div class=\"confirm-row\">\n\t\t\t\t<div class=\"confirm-label\">\n\t\t\t\t\t<p>Your name<span class=\"required_item\">*<\/span>\n\t\t\t\t\t<\/p>\n\t\t\t\t<\/div>\n\t\t\t\t<div class=\"confirm-value\" data-confirm=\"company_pic\">\n\t\t\t\t<\/div>\n\t\t\t<\/div>\n\t\t\t<div class=\"confirm-row\">\n\t\t\t\t<div class=\"confirm-label\">\n\t\t\t\t\t<p>Email address<span class=\"required_item\">*<\/span>\n\t\t\t\t\t<\/p>\n\t\t\t\t<\/div>\n\t\t\t\t<div class=\"confirm-value\" data-confirm=\"mail\">\n\t\t\t\t<\/div>\n\t\t\t<\/div>\n\t\t\t<div class=\"confirm-row\">\n\t\t\t\t<div class=\"confirm-label\">\n\t\t\t\t\t<p>Telephone number<span class=\"required_item\">*<\/span>\n\t\t\t\t\t<\/p>\n\t\t\t\t<\/div>\n\t\t\t\t<div class=\"confirm-value\" data-confirm=\"tel\">\n\t\t\t\t<\/div>\n\t\t\t<\/div>\n\t\t\t<div class=\"confirm-row\">\n\t\t\t\t<div class=\"confirm-label\">\n\t\t\t\t\t<p>Consultation category<span class=\"required_item\">*<\/span>\n\t\t\t\t\t<\/p>\n\t\t\t\t<\/div>\n\t\t\t\t<div class=\"confirm-value\" data-confirm=\"consultation_category\">\n\t\t\t\t<\/div>\n\t\t\t<\/div>\n\t\t\t<div class=\"confirm-row\">\n\t\t\t\t<div class=\"confirm-label\">\n\t\t\t\t\t<p>Consultation details \/ Other<span class=\"required_item\">*<\/span>\n\t\t\t\t\t<\/p>\n\t\t\t\t<\/div>\n\t\t\t\t<div class=\"confirm-value\" data-confirm=\"consultation_cnt\">\n\t\t\t\t<\/div>\n\t\t\t<\/div>\n\t\t\t<div class=\"form-next\">\n\t\t\t\t<p><input class=\"wpcf7-form-control wpcf7-submit has-spinner form_check\" type=\"submit\" value=\"Submit\" \/>\n\t\t\t\t<\/p>\n\t\t\t<\/div>\n\t\t<\/div>\n\t<\/div>\n<\/div><div class=\"wpcf7-response-output\" aria-hidden=\"true\"><\/div>\n<\/form>\n<\/div>\n<br \/>\n<!-- end form --><\/p>\n","protected":false},"excerpt":{"rendered":"<p>Oficina de Consultas para la Importaci\u00f3n de Carne de Wagyu Japon\u00e9s This is a contact point for consultation on Wagyu imports. Please feel free to consult us. For example: \u30fbIf you are starting to consider importing Wagyu \u30fbIf you are considering a new importing country for Wagyu \u30fbIf you would like to know information on [&hellip;]<\/p>\n","protected":false},"author":7,"featured_media":0,"parent":221,"menu_order":0,"comment_status":"closed","ping_status":"closed","template":"page-template\/beef-sp-template.php","meta":{"_acf_changed":false,"_locale":"es_ES","_original_post":"http:\/\/jlec-pr.jp\/?page_id=12428","footnotes":""},"class_list":["post-12476","page","type-page","status-publish","hentry","es-ES"],"acf":[],"_links":{"self":[{"href":"https:\/\/jlec-pr.jp\/wp-json\/wp\/v2\/pages\/12476","targetHints":{"allow":["GET"]}}],"collection":[{"href":"https:\/\/jlec-pr.jp\/wp-json\/wp\/v2\/pages"}],"about":[{"href":"https:\/\/jlec-pr.jp\/wp-json\/wp\/v2\/types\/page"}],"author":[{"embeddable":true,"href":"https:\/\/jlec-pr.jp\/wp-json\/wp\/v2\/users\/7"}],"replies":[{"embeddable":true,"href":"https:\/\/jlec-pr.jp\/wp-json\/wp\/v2\/comments?post=12476"}],"version-history":[{"count":3,"href":"https:\/\/jlec-pr.jp\/wp-json\/wp\/v2\/pages\/12476\/revisions"}],"predecessor-version":[{"id":13972,"href":"https:\/\/jlec-pr.jp\/wp-json\/wp\/v2\/pages\/12476\/revisions\/13972"}],"up":[{"embeddable":true,"href":"https:\/\/jlec-pr.jp\/wp-json\/wp\/v2\/pages\/221"}],"wp:attachment":[{"href":"https:\/\/jlec-pr.jp\/wp-json\/wp\/v2\/media?parent=12476"}],"curies":[{"name":"wp","href":"https:\/\/api.w.org\/{rel}","templated":true}]}}