{"id":544,"date":"2020-02-11T22:56:05","date_gmt":"2020-02-11T13:56:05","guid":{"rendered":"http:\/\/jlec-pr.jp\/?page_id=544"},"modified":"2020-02-21T15:19:31","modified_gmt":"2020-02-21T06:19:31","slug":"chicken-logomark","status":"publish","type":"page","link":"https:\/\/jlec-pr.jp\/de\/chicken\/chicken-logomark\/","title":{"rendered":"Universelle japanische H\u00fchnerfleisch-Markierung"},"content":{"rendered":"<h2>Universelle japanische H\u00fchnerfleisch-Markierung<\/h2>\n<p class=\"thumbs_left\"><img decoding=\"async\" style=\"display: block; margin-left: auto; margin-right: auto; border: 2px solid #cccccc; padding: 20px;\" src=\"https:\/\/jlec-pr.jp\/wp-content\/uploads\/2020\/02\/chiken-logo.png\" alt=\"Unified logo\" width=\"300\" \/><\/p>\n<h3>Das Logo steht f\u00fcr Sicherheit und guten Geschmack des japanischen H\u00fchnerfleisches<\/h3>\n<p>Um das Image von sicherem und gut schmeckenden H\u00fchnerfleisch weltweit korrekt vermitteln zu k\u04e7nnen, wurde im Jahr 2015 das \u201eEinheitslogo f\u00fcr H\u00fchnerfleisch\u201c eingef\u00fchrt.<br \/>Nur Fleisch von H\u00fchnern, die in einer sauberen und guten Umgebung aufgezogen wurden und strengen Qualit\u00e4tskontrollen unterliegen, darf mit dem \u201eEinheitslogo f\u00fcr H\u00fchnerfleisch\u201c ausgezeichnet werden: das ist ein Ausdruck des Vertrauens in sicheres und gut schmeckendes H\u00fchnerfleisch.<\/p>\n","protected":false},"excerpt":{"rendered":"<p>Universelle japanische H\u00fchnerfleisch-Markierung Das Logo steht f\u00fcr Sicherheit und guten Geschmack des japanischen H\u00fchnerfleisches Um das Image von sicherem und gut schmeckenden H\u00fchnerfleisch weltweit korrekt vermitteln zu k\u04e7nnen, wurde im Jahr 2015 das \u201eEinheitslogo f\u00fcr H\u00fchnerfleisch\u201c eingef\u00fchrt.Nur Fleisch von H\u00fchnern, die in einer sauberen und guten Umgebung aufgezogen wurden und strengen Qualit\u00e4tskontrollen unterliegen, darf mit [&hellip;]<\/p>\n","protected":false},"author":1,"featured_media":0,"parent":516,"menu_order":0,"comment_status":"closed","ping_status":"closed","template":"page-template\/chicken-gr-template.php","meta":{"_acf_changed":false,"_locale":"de_DE","_original_post":"162","footnotes":""},"class_list":["post-544","page","type-page","status-publish","hentry","de-DE"],"acf":[],"_links":{"self":[{"href":"https:\/\/jlec-pr.jp\/wp-json\/wp\/v2\/pages\/544","targetHints":{"allow":["GET"]}}],"collection":[{"href":"https:\/\/jlec-pr.jp\/wp-json\/wp\/v2\/pages"}],"about":[{"href":"https:\/\/jlec-pr.jp\/wp-json\/wp\/v2\/types\/page"}],"author":[{"embeddable":true,"href":"https:\/\/jlec-pr.jp\/wp-json\/wp\/v2\/users\/1"}],"replies":[{"embeddable":true,"href":"https:\/\/jlec-pr.jp\/wp-json\/wp\/v2\/comments?post=544"}],"version-history":[{"count":5,"href":"https:\/\/jlec-pr.jp\/wp-json\/wp\/v2\/pages\/544\/revisions"}],"predecessor-version":[{"id":6020,"href":"https:\/\/jlec-pr.jp\/wp-json\/wp\/v2\/pages\/544\/revisions\/6020"}],"up":[{"embeddable":true,"href":"https:\/\/jlec-pr.jp\/wp-json\/wp\/v2\/pages\/516"}],"wp:attachment":[{"href":"https:\/\/jlec-pr.jp\/wp-json\/wp\/v2\/media?parent=544"}],"curies":[{"name":"wp","href":"https:\/\/api.w.org\/{rel}","templated":true}]}}