{"id":446,"date":"2020-02-11T22:49:03","date_gmt":"2020-02-11T13:49:03","guid":{"rendered":"http:\/\/jlec-pr.jp\/?page_id=446"},"modified":"2020-02-28T12:18:01","modified_gmt":"2020-02-28T03:18:01","slug":"pork-logomark","status":"publish","type":"page","link":"https:\/\/jlec-pr.jp\/de\/pork\/pork-logomark\/","title":{"rendered":"Universelle japanische Schweinefleisch-Markierung"},"content":{"rendered":"<h2>Universelle japanische Schweinefleisch-Markierung<\/h2>\n<p class=\"thumbs_left\"><img decoding=\"async\" style=\"display: block; margin-left: auto; margin-right: auto; border: 2px solid #cccccc; padding: 20px;\" src=\"https:\/\/jlec-pr.jp\/wp-content\/uploads\/2020\/02\/pork-logo.png\" alt=\"Unified logo\" width=\"300\" \/><\/p>\n<h3>Diese Logo-Markierung ist ein Symbol f\u00fcr geschmackvolles japanisches Schweinefleisch<\/h3>\n<p>In Japan, einem Land mit vier deutlich ausgepr\u00e4gten Jahreszeiten, bem\u00fchen sich die Hersteller um die Produktion von sicherem und hochqualitativem Schweinefleisch, indem sie gro\u00dfen Wert auf Wachstums- und Gesundheitskontrolle sowie Futterzusammensetzung legen. <br \/>\nIhr Ziel ist es, Schweinefleisch zu produzieren, bei dem die Besonderheiten der Rasse und der jeweiligen Region zur Geltung kommen. <br \/>\nDie feine Fleischqualit\u00e4t und der angenehm s\u00fc\u00df-milde Fettanteil sind die besonderen Merkmale japanischen Schweinefleisches und  das Logo ist der Beweis daf\u00fcr.<\/p>\n","protected":false},"excerpt":{"rendered":"<p>Universelle japanische Schweinefleisch-Markierung Diese Logo-Markierung ist ein Symbol f\u00fcr geschmackvolles japanisches Schweinefleisch In Japan, einem Land mit vier deutlich ausgepr\u00e4gten Jahreszeiten, bem\u00fchen sich die Hersteller um die Produktion von sicherem und hochqualitativem Schweinefleisch, indem sie gro\u00dfen Wert auf Wachstums- und Gesundheitskontrolle sowie Futterzusammensetzung legen. Ihr Ziel ist es, Schweinefleisch zu produzieren, bei dem die Besonderheiten [&hellip;]<\/p>\n","protected":false},"author":1,"featured_media":0,"parent":418,"menu_order":0,"comment_status":"closed","ping_status":"closed","template":"page-template\/pork-gr-template.php","meta":{"_acf_changed":false,"_locale":"de_DE","_original_post":"159","footnotes":""},"class_list":["post-446","page","type-page","status-publish","hentry","de-DE"],"acf":[],"_links":{"self":[{"href":"https:\/\/jlec-pr.jp\/wp-json\/wp\/v2\/pages\/446","targetHints":{"allow":["GET"]}}],"collection":[{"href":"https:\/\/jlec-pr.jp\/wp-json\/wp\/v2\/pages"}],"about":[{"href":"https:\/\/jlec-pr.jp\/wp-json\/wp\/v2\/types\/page"}],"author":[{"embeddable":true,"href":"https:\/\/jlec-pr.jp\/wp-json\/wp\/v2\/users\/1"}],"replies":[{"embeddable":true,"href":"https:\/\/jlec-pr.jp\/wp-json\/wp\/v2\/comments?post=446"}],"version-history":[{"count":6,"href":"https:\/\/jlec-pr.jp\/wp-json\/wp\/v2\/pages\/446\/revisions"}],"predecessor-version":[{"id":8818,"href":"https:\/\/jlec-pr.jp\/wp-json\/wp\/v2\/pages\/446\/revisions\/8818"}],"up":[{"embeddable":true,"href":"https:\/\/jlec-pr.jp\/wp-json\/wp\/v2\/pages\/418"}],"wp:attachment":[{"href":"https:\/\/jlec-pr.jp\/wp-json\/wp\/v2\/media?parent=446"}],"curies":[{"name":"wp","href":"https:\/\/api.w.org\/{rel}","templated":true}]}}