{"id":432,"date":"2020-02-07T15:00:17","date_gmt":"2020-02-07T06:00:17","guid":{"rendered":"http:\/\/jlec-pr.jp\/?page_id=432"},"modified":"2020-02-28T12:20:42","modified_gmt":"2020-02-28T03:20:42","slug":"pork-tokutyou","status":"publish","type":"page","link":"https:\/\/jlec-pr.jp\/de\/pork\/pork-tokutyou\/","title":{"rendered":"Merkmale von Schweinefleisch"},"content":{"rendered":"<h2>Merkmale von Schweinefleisch<\/h2>\n<div class=\"row\">\n<div class=\"col-12 col-md-5\"><img decoding=\"async\" class=\"img-fluid mx-auto d-block img-rd-lg mg-md\" src=\"https:\/\/jlec-pr.jp\/wp-content\/uploads\/2020\/01\/pork-02.jpg\" alt=\"about 01\" \/><\/div>\n<div class=\"col\">\n<h3>Das Geheimnis des guten Geschmacks<\/h3>\n<p>In den letzten Jahren hat Washoku, die traditionelle japanische K\u00fcche, weltweit immer mehr Beachtung gefunden.<br \/>\nDer Grund daf\u00fcr ist, dass viele Besucher \u2013 sei es Touristen oder auch Gesch\u00e4ftsleute \u2013 nach Japan kommen und dort Erfahrungen mit japanischem Essen und japanischen Nahrungsmitteln machen.<br \/>\nDiese Erfahrungen geben sie dann m\u00fcndlich oder per Internet weiter und somit wird die japanische K\u00fcche immer bekannter.<br \/>\nJapanisches Essen schmeckt nicht nur sehr gut, es steht auch in dem Ruf, gesund und gut f\u00fcr den K\u04e7rper zu sein.<br \/>\nIn der Tat ist Washoku eine Kochart mit exzellenter N\u00e4hrstoff-Balance, aber besonders die verschiedenen Nahrungsmittel, die verwendet werden, verdienen unsere Aufmerksamkeit.<br \/>\nJapanisches Schweinefleisch ist eines dieser Nahrungsmittel, auf deren Geschmack und Qualit\u00e4t man in Japan stolz sein kann.<br \/>\nDer saftige Geschmack und die Konsistenz des Schweinefleisches sind ein Grund f\u00fcr den exzellenten Geschmack des japanischen Essens.<\/p>\n<p>Die Besonderheit des japanischen Schweinefleisch ist, dass man sehr gro\u00dfen Wert auf die Qualit\u00e4t und das Futter legt und die Hersteller je nach Region Schweinefleischsorten mit besonderen Eigenschaften produzieren.<br \/>\nProbieren Sie einfach einmal die zahlreichen, verschiedenen Geschmacksrichtungen!<\/p>\n<h3>Wir legen Wert auf Geschmack und gesundes Fleisch<\/h3>\n<h4>Der gute Geschmack des Fettes ist entscheidend<\/h4>\n<p class=\"mb-35\">Wenn man von gutschmeckendem Schweinefleisch spricht, legt man dabei im allgemeinen Wert auf die Weichheit und Saftigkeit des Fleisches, den Geschmack und die Fleischqualit\u00e4t. <br \/>\nAber bei japanischem Schweinefleisch sind nicht nur diese Faktoren wichtig, sondern man bem\u00fcht sich auch darum, die Geschmacksbereiche, die au\u00dferhalb des Standards liegen, zu verbessern, wie z.B. eine Verbesserung des Fettgeschmackes. <br \/>\nDurch entsprechende Fetteinlagerungen wird das Fleisch elastisch und weich und bekommt au\u00dferdem einen Feuchtigkeitsgehalt und ein intensives Aroma, das andere Schweinefleischarten nicht aufweisen.<\/p>\n<h4>Verbesserung der Fleischqualit\u00e4t durch besonderes Futter<\/h4>\n<p class=\"mb-35\">F\u00fcr Schweine wird \u00fcblicherweise ein Mischfutter, das haupts\u00e4chlich aus Mais und Sojabohnen besteht, angewendet. <br \/>\nIn den letzten Jahren hat man aber auch angefangen, speziell f\u00fcr Schweinefutter entwickelten Reis zu f\u00fcttern sowie auch Lebensmittel, die man bisher entsorgte, als organische Futterstoffe (\u201eEcofield\u201c) f\u00fcr ein n\u00e4hrstoffreiches Futter zu verwenden.<\/p>\n<\/div>\n<\/div>\n<div class=\"row voffset\">\n<div class=\"align-self-center col-12 col-md-7\">\n<h3>Der Suche nach dem besonderen Geschmack<\/h3>\n<h4>Japanische Marken-Schweine<\/h4>\n<p class=\"mg-md\">In den letzten Jahren begannen in Japan mehr und mehr einzelne Farmer in den jeweiligen Regionen individuell Schweine zu z\u00fcchten und aufzuziehen, so dass es jetzt landesweit circa 400 Rassen von Markenschweinen gibt. <br \/>\nDiese Markenschweine haben \u2013 was das Fleisch betrifft &#8211; ihre eigene besondere Farbe, Aroma und Fleischqualit\u00e4t, und ihr Fleisch wird in Japan nicht nur von professionellen K\u04e7chen, sondern auch von ganz normalen Hausfrauen je nach Gericht differenziert verwendet. <br \/>\nDiese vielf\u00e4ltige Geschmacksindiviualit\u00e4t genie\u00dfen zu k\u04e7nnen, ist das Besondere an japanischem Schweinefleisch.<\/p>\n<h4>R\u00fcckverfolgbarkeitssystem und Qualit\u00e4tskontrolle durch HACCP (Hazard Analysis and Critical Control Point System)<\/h4>\n<p class=\"mb-35\">In Japan ist der Anspruch der Verbraucher in bezug auf Lebensmittelsicherheit sehr hoch und die Qualit\u00e4tskontrolle wird von Jahr zu Jahr strenger. <br \/>\nAuf den Farmen und in den Verarbeitungsbetrieben verwendet man HACCP und verschiedenste andere Qualit\u00e4tskontrollen.<br \/>\nF\u00fcr japanisches Schweinefleisch besteht auch ein besonderes R\u00fcckverfolgbarkeitssystem, angefangen von der Produktion \u00fcber die Verarbeitung bis hin zur Distribution.<br \/>\nAufgrund der hohen Qualit\u00e4t, die der Verbraucher fordert, bem\u00fcht man sich auch um eine Verbesserung der verschiedensten Kreuzungen. <br \/>\nNicht nur der hohen Qualit\u00e4tsanforderung soll entsprochen werden, sondern auch dem individuellen regionalen Geschmack, der je nach Kochart variiert. <br \/>\nJede dieser einzelnen Anstrengungen der Produzenten f\u00fchren letztendlich zur Steigerung der Qualit\u00e4t von japanischem Schweinefleisch.<\/p>\n<\/div>\n<div class=\"col\"><img decoding=\"async\" class=\"img-fluid mx-auto d-block img-rd-lg mg-lg\" src=\"https:\/\/jlec-pr.jp\/wp-content\/uploads\/2020\/01\/pork-03.jpg\" alt=\"about 02\" \/><\/div>\n<\/div>\n<div class=\"row\">\n<div class=\"col-12 col-md-5\"><img decoding=\"async\" class=\"img-fluid mx-auto d-block img-rd-lg mg-md\" src=\"https:\/\/jlec-pr.jp\/wp-content\/uploads\/2020\/01\/pork-04.jpg\" alt=\"about 01\" \/><\/div>\n<div class=\"col\">\n<h3>Gastfreundschaft im Landes des \u201eWashoku\u201d<\/h3>\n<p class=\"mb-35\">Japanisches Schweinefleisch ist bekannt daf\u00fcr, dass egal, welchen Teil des Fleisches man w\u00e4hlt, dieses Fleisch saftig ist und keinen unangenehmen Nebengeschmack hat. <br \/>\nEs gibt Schweinefleischsorten, die sich f\u00fcr Tonkatsu eignen, andere, die man f\u00fcr Shabu shabu benutzt, je nach Zubereitungsmethode, ist die Weichheit und der Geschmack des Fleisches anders.<br \/>\nProbieren Sie doch einmal, welche japanische Schweinefleischsorte am besten zur K\u00fcche Ihres eigenen Heimatlandes passt!<\/p>\n<\/div>\n<\/div>\n","protected":false},"excerpt":{"rendered":"<p>Merkmale von Schweinefleisch Das Geheimnis des guten Geschmacks In den letzten Jahren hat Washoku, die traditionelle japanische K\u00fcche, weltweit immer mehr Beachtung gefunden. Der Grund daf\u00fcr ist, dass viele Besucher \u2013 sei es Touristen oder auch Gesch\u00e4ftsleute \u2013 nach Japan kommen und dort Erfahrungen mit japanischem Essen und japanischen Nahrungsmitteln machen. Diese Erfahrungen geben sie [&hellip;]<\/p>\n","protected":false},"author":1,"featured_media":0,"parent":418,"menu_order":0,"comment_status":"closed","ping_status":"closed","template":"page-template\/pork-gr-template.php","meta":{"_acf_changed":false,"_locale":"de_DE","_original_post":"70","footnotes":""},"class_list":["post-432","page","type-page","status-publish","hentry","de-DE"],"acf":[],"_links":{"self":[{"href":"https:\/\/jlec-pr.jp\/wp-json\/wp\/v2\/pages\/432","targetHints":{"allow":["GET"]}}],"collection":[{"href":"https:\/\/jlec-pr.jp\/wp-json\/wp\/v2\/pages"}],"about":[{"href":"https:\/\/jlec-pr.jp\/wp-json\/wp\/v2\/types\/page"}],"author":[{"embeddable":true,"href":"https:\/\/jlec-pr.jp\/wp-json\/wp\/v2\/users\/1"}],"replies":[{"embeddable":true,"href":"https:\/\/jlec-pr.jp\/wp-json\/wp\/v2\/comments?post=432"}],"version-history":[{"count":7,"href":"https:\/\/jlec-pr.jp\/wp-json\/wp\/v2\/pages\/432\/revisions"}],"predecessor-version":[{"id":8820,"href":"https:\/\/jlec-pr.jp\/wp-json\/wp\/v2\/pages\/432\/revisions\/8820"}],"up":[{"embeddable":true,"href":"https:\/\/jlec-pr.jp\/wp-json\/wp\/v2\/pages\/418"}],"wp:attachment":[{"href":"https:\/\/jlec-pr.jp\/wp-json\/wp\/v2\/media?parent=432"}],"curies":[{"name":"wp","href":"https:\/\/api.w.org\/{rel}","templated":true}]}}