{"id":291,"date":"2020-02-11T23:18:15","date_gmt":"2020-02-11T14:18:15","guid":{"rendered":"http:\/\/jlec-pr.jp\/?page_id=291"},"modified":"2020-02-21T15:19:51","modified_gmt":"2020-02-21T06:19:51","slug":"milk-logomark","status":"publish","type":"page","link":"https:\/\/jlec-pr.jp\/de\/milk\/milk-logomark\/","title":{"rendered":"Universelle Markierung f\u00fcr japanische Milch- und Molkereiprodukte"},"content":{"rendered":"<h2>Universelle Markierung f\u00fcr japanische Milch- und Molkereiprodukte<\/h2>\n<p class=\"thumbs_left\"><img decoding=\"async\" style=\"display: block; margin-left: auto; margin-right: auto; border: 2px solid #cccccc; padding: 20px;\" src=\"https:\/\/jlec-pr.jp\/wp-content\/uploads\/2020\/02\/milk-logo.png\" alt=\" Milk and Dairy Products logo\" width=\"300\"\/><\/p>\n<h3><\/h3>\n<p>Da japanische Milch und Milchprodukte t\u00e4glich verzehrt werden, sind wir mit strengem Qualit\u00e4tsmanagement stets um h\u00f6chste Lebensmittelsicherheit und besten Geschmack bem\u00fcht.<br \/>Dieses Einheitslogo verb\u00fcrgt sich f\u00fcr japanische Milch und Milchprodukte, die von Milchbauern und Molkereien in Einheit hergestellt werden.<\/p>\n","protected":false},"excerpt":{"rendered":"<p>Universelle Markierung f\u00fcr japanische Milch- und Molkereiprodukte Da japanische Milch und Milchprodukte t\u00e4glich verzehrt werden, sind wir mit strengem Qualit\u00e4tsmanagement stets um h\u00f6chste Lebensmittelsicherheit und besten Geschmack bem\u00fcht.Dieses Einheitslogo verb\u00fcrgt sich f\u00fcr japanische Milch und Milchprodukte, die von Milchbauern und Molkereien in Einheit hergestellt werden.<\/p>\n","protected":false},"author":1,"featured_media":0,"parent":263,"menu_order":0,"comment_status":"closed","ping_status":"closed","template":"page-template\/milk-gr-template.php","meta":{"_acf_changed":false,"_locale":"de_DE","_original_post":"172","footnotes":""},"class_list":["post-291","page","type-page","status-publish","hentry","de-DE"],"acf":[],"_links":{"self":[{"href":"https:\/\/jlec-pr.jp\/wp-json\/wp\/v2\/pages\/291","targetHints":{"allow":["GET"]}}],"collection":[{"href":"https:\/\/jlec-pr.jp\/wp-json\/wp\/v2\/pages"}],"about":[{"href":"https:\/\/jlec-pr.jp\/wp-json\/wp\/v2\/types\/page"}],"author":[{"embeddable":true,"href":"https:\/\/jlec-pr.jp\/wp-json\/wp\/v2\/users\/1"}],"replies":[{"embeddable":true,"href":"https:\/\/jlec-pr.jp\/wp-json\/wp\/v2\/comments?post=291"}],"version-history":[{"count":4,"href":"https:\/\/jlec-pr.jp\/wp-json\/wp\/v2\/pages\/291\/revisions"}],"predecessor-version":[{"id":6021,"href":"https:\/\/jlec-pr.jp\/wp-json\/wp\/v2\/pages\/291\/revisions\/6021"}],"up":[{"embeddable":true,"href":"https:\/\/jlec-pr.jp\/wp-json\/wp\/v2\/pages\/263"}],"wp:attachment":[{"href":"https:\/\/jlec-pr.jp\/wp-json\/wp\/v2\/media?parent=291"}],"curies":[{"name":"wp","href":"https:\/\/api.w.org\/{rel}","templated":true}]}}