{"id":263,"date":"2020-02-07T15:54:35","date_gmt":"2020-02-07T06:54:35","guid":{"rendered":"http:\/\/jlec-pr.jp\/?page_id=263"},"modified":"2020-03-11T01:49:59","modified_gmt":"2020-03-10T16:49:59","slug":"milk","status":"publish","type":"page","link":"https:\/\/jlec-pr.jp\/de\/milk\/","title":{"rendered":"Milch und Milchprodukte"},"content":{"rendered":"<p><!-- cat-tobira-1 --><\/p>\n<div class=\"bloc bg-milk\" id=\"cat-tobira-1\">\n<div class=\"container bloc-md\">\n<div class=\"row\">\n<div class=\"box-hd offset-md-3 col-md-6 offset-2 col-8 col-lg-6 offset-lg-3\">\n<div class=\"row\">\n<div class=\"col-lg-3 offset-lg-1 offset-sm-0 col-sm-5 align-self-center\">\n<img decoding=\"async\" src=\"\/wp-content\/themes\/jlec\/img\/milk\/mark_05.jpg\" class=\"img-fluid mx-auto d-block img-mark--style mg-sm\" alt=\"JAPAN MILK\" \/>\n<\/div>\n<div class=\"col align-self-center\">\n<h1 class=\"tit-h1 mg-clear tc-dark-lava text-lg-left text-sm-left\">Milch und Milchprodukte<\/h1>\n<\/div>\n<\/div>\n<\/div>\n<\/div>\n<\/div>\n<\/div>\n<p><!-- cat-tobira-1 END --><\/p>\n<p><!-- cat-tobira-2 --><\/p>\n<div class=\"bloc cat-milk none bgc-anti-flash-white d-sm-flex d-none\" id=\"cat-tobira-2\">\n<div class=\"container bloc-sm\">\n<div class=\"row\">\n<div class=\"col box-line-red\">\n<div class=\"row\">\n<div class=\"col\">\n<h2 class=\"mg-md tit-h2 text-lg-center\">\n\u00dcber Milch und Milchprodukte<\/h2>\n<div class=\"row\">\n<div class=\"col-lg-4 offset-lg-2 col-md-6 col-sm-6\"> <a href=\"\/de\/milk\/milk-tokutyou\"><img decoding=\"async\" src=\"\/wp-content\/themes\/jlec\/img\/de\/de_mi_feature.png\" class=\"img-fluid mx-auto d-block img-rd-md\" alt=\"The feature:Milk and dairy products\" \/><\/a>\n<\/div>\n<div class=\"col-lg-4 col-md-6 col-sm-6\">  <a href=\"\/de\/milk\/milk-logomark\"><img decoding=\"async\" src=\"\/wp-content\/themes\/jlec\/img\/de\/de_mi_mark.png\" class=\"img-fluid mx-auto d-block img-rd-md\" alt=\"Universal Japan Milk and Dairy Products Mark\" \/><\/a>\n<\/div>\n<\/div>\n<\/div>\n<\/div>\n<\/div>\n<\/div>\n<\/div>\n<\/div>\n<p><!-- cat-tobira-2 END --><\/p>\n<p><!--  sp --><\/p>\n<div class=\"none d-sm-none\">\n<p><!-- bloc-21 --><\/p>\n<div class=\"bloc cat-milk none bgc-anti-flash-white\" id=\"bloc-21\">\n<div class=\"container bloc-sm\">\n<div class=\"row\">\n<div class=\"col box-line-red\">\n<h2 class=\"tit-h2\">\n\u00dcber Milch und Milchprodukte<\/h2>\n<div class=\"row\">\n<div class=\"col-md-6 col-sm-6 col-12 col-lg-6\">\n<div class=\"card border-0 box-menu\">\n<div class=\"card-body\" onClick=\"location.href='\/de\/milk\/milk-tokutyou'\">\n<div class=\"row no-gutters\">\n<div class=\"col-4 col-lg-2\">\n<img decoding=\"async\" src=\"\/wp-content\/themes\/jlec\/img\/milk\/icon-other_12.jpg\" class=\"img-fluid mx-auto d-block img-style\" alt=\"Milk\" \/>\n<\/div>\n<div class=\"col align-self-center\">\n<h3>\nMerkmale von Milch und Milchprodukten<\/h3>\n<\/div>\n<\/div>\n<\/div>\n<\/div>\n<\/div>\n<div class=\"col-md-6 col-sm-6 col-12 col-lg-6\">\n<div class=\"card border-0 box-menu\">\n<div class=\"card-body\" onClick=\"location.href='\/de\/milk\/milk-logomark'\">\n<div class=\"row no-gutters\">\n<div class=\"col-4 col-lg-2\">\n<img decoding=\"async\" src=\"\/wp-content\/themes\/jlec\/img\/milk\/icon-other_13.jpg\" class=\"img-fluid mx-auto d-block img-style\" alt=\"Milk\" \/>\n<\/div>\n<div class=\"col align-self-center\">\n<h3>\nUniverselle Markierung f\u00fcr japanische Milch- und Molkereiprodukte<\/h3>\n<\/div>\n<\/div>\n<\/div>\n<\/div>\n<\/div>\n<\/div>\n<\/div>\n<\/div>\n<\/div>\n<\/div>\n<p><!-- bloc-21 END --><\/p>\n<\/div>\n<p><!-- sp END --><\/p>\n","protected":false},"excerpt":{"rendered":"<p>Milch und Milchprodukte \u00dcber Milch und Milchprodukte \u00dcber Milch und Milchprodukte Merkmale von Milch und Milchprodukten Universelle Markierung f\u00fcr japanische Milch- und Molkereiprodukte<\/p>\n","protected":false},"author":1,"featured_media":0,"parent":0,"menu_order":0,"comment_status":"closed","ping_status":"closed","template":"page-full.php","meta":{"_acf_changed":false,"_locale":"de_DE","_original_post":"20","footnotes":""},"class_list":["post-263","page","type-page","status-publish","hentry","de-DE"],"acf":[],"_links":{"self":[{"href":"https:\/\/jlec-pr.jp\/wp-json\/wp\/v2\/pages\/263","targetHints":{"allow":["GET"]}}],"collection":[{"href":"https:\/\/jlec-pr.jp\/wp-json\/wp\/v2\/pages"}],"about":[{"href":"https:\/\/jlec-pr.jp\/wp-json\/wp\/v2\/types\/page"}],"author":[{"embeddable":true,"href":"https:\/\/jlec-pr.jp\/wp-json\/wp\/v2\/users\/1"}],"replies":[{"embeddable":true,"href":"https:\/\/jlec-pr.jp\/wp-json\/wp\/v2\/comments?post=263"}],"version-history":[{"count":18,"href":"https:\/\/jlec-pr.jp\/wp-json\/wp\/v2\/pages\/263\/revisions"}],"predecessor-version":[{"id":9129,"href":"https:\/\/jlec-pr.jp\/wp-json\/wp\/v2\/pages\/263\/revisions\/9129"}],"wp:attachment":[{"href":"https:\/\/jlec-pr.jp\/wp-json\/wp\/v2\/media?parent=263"}],"curies":[{"name":"wp","href":"https:\/\/api.w.org\/{rel}","templated":true}]}}