{"id":220,"date":"2020-02-07T14:05:31","date_gmt":"2020-02-07T05:05:31","guid":{"rendered":"http:\/\/jlec-pr.jp\/?page_id=220"},"modified":"2023-06-19T14:29:44","modified_gmt":"2023-06-19T05:29:44","slug":"beef","status":"publish","type":"page","link":"https:\/\/jlec-pr.jp\/de\/beef\/","title":{"rendered":"Rindfleisch"},"content":{"rendered":"<p><!-- cat-tobira-1 --><\/p>\n<div class=\"bloc bg-beef\" id=\"cat-tobira-1\">\n<div class=\"container bloc-md\">\n<div class=\"row\">\n<div class=\"box-hd offset-md-3 col-md-6 offset-2 col-8 col-lg-6 offset-lg-3\">\n<div class=\"row\">\n<div class=\"col-sm-4 offset-sm-2 col-lg-3 offset-lg-3\">\n  <img decoding=\"async\" src=\"\/wp-content\/themes\/jlec\/img\/beef\/mark_01.jpg\" class=\"img-fluid mx-auto d-block img-mark--style mg-sm\" alt=\"beef-JAPAN\" \/>\n  <\/div>\n<div class=\"col align-self-center\">\n<h1 class=\"tit-h1 mg-clear text-lg-left text-sm-left\">\n  Rindfleisch<br \/>\n  <\/h1>\n<\/p><\/div>\n<\/p><\/div>\n<\/p><\/div>\n<\/p><\/div>\n<\/p><\/div>\n<\/p><\/div>\n<p>  <!-- cat-tobira-1 END --><\/p>\n<p>  <!-- cat-tobira-2 --><\/p>\n<div class=\"bloc none bgc-anti-flash-white l-bloc d-sm-flex d-none\" id=\"cat-tobira-2\">\n<div class=\"container bloc-sm\">\n<div class=\"row\">\n<div class=\"col box-line-red\">\n<div class=\"row\">\n<div class=\"col\">\n<h2 class=\"mg-md tit-h2 text-lg-center tc-persian-red\">\n  \u00dcber Wagyu<\/h2>\n<div class=\"row\">\n<div class=\"col-lg-4 col-sm-6\">\n  <a href=\"\/de\/beef\/beef-tokutyou\/\"><img decoding=\"async\" src=\"\/wp-content\/themes\/jlec\/img\/de\/de_be_feature.png\" class=\"img-fluid mx-auto d-block img-rd-md mg-sm\" alt=\"Merkmale von Wagyu\" \/><\/a>\n  <\/div>\n<div class=\"col-lg-4 col-sm-6\"> <a href=\"\/de\/beef\/beef-miryoku\"><img decoding=\"async\" src=\"\/wp-content\/themes\/jlec\/img\/de\/de_be_charm.png\" class=\"img-fluid mx-auto d-block img-rd-md\" alt=\"Der Reiz von Wagyu (Video\/Brosch\u00fcre)\" \/><\/a>\n  <\/div>\n<div class=\"col-lg-4 col-sm-6\"> <a href=\"\/de\/beef\/beef-cutting-guide\/\"><img decoding=\"async\" src=\"\/wp-content\/themes\/jlec\/img\/de\/de_be_cutting.png\" class=\"img-fluid mx-auto d-block img-rd-md mg-sm\" alt=\"Schneideanleitung (E-Book) \" \/><\/a>\n  <\/div>\n<div class=\"col-lg-4 col-sm-6\"> <a href=\"\/de\/beef\/beef-kaikata\/\"><img decoding=\"async\" src=\"\/wp-content\/themes\/jlec\/img\/de\/de_be_howto.png\" class=\"img-fluid mx-auto d-block img-rd-md mg-sm\" alt=\"Zucht und Haltung von Wagyu-Rinder (Video)\" \/><\/a>\n  <\/div>\n<div class=\"col-lg-4 col-sm-6\"> <a href=\"\/de\/beef\/quality-safety\/\"><img decoding=\"async\" src=\"\/wp-content\/themes\/jlec\/img\/de\/de_be_quality.png\" class=\"img-fluid mx-auto d-block img-rd-md mg-sm\" alt=\"\u00dcber die Sicherheit und hohe Qualit\u00e4t von Wagyu (von der Aufzucht bis zum Verzehr) \" \/><\/a>\n  <\/div>\n<div class=\"col-lg-4 col-sm-6\"> <a href=\"http:\/\/search.jlec-pr.jp\/01kensaku_de.php\" target=\"_blank\" rel=\"noopener noreferrer\"><img decoding=\"async\" src=\"\/wp-content\/themes\/jlec\/img\/de\/de_be_search.png\" class=\"img-fluid mx-auto d-block img-rd-md mg-sm\" alt=\"Suchsystem f\u00fcr individuelle Identifikationsnummern\" \/><\/a>\n  <\/div>\n<div class=\"col-lg-4 col-sm-6\"> <a href=\"\/de\/beef\/beef-nwc12\/\"><img decoding=\"async\" src=\"\/wp-content\/themes\/jlec\/img\/de\/de_be_nwc.png\" class=\"img-fluid mx-auto d-block img-rd-md\" alt=\"Nationaler Wagyu-Wettbewerb\" \/><\/a>\n  <\/div>\n<\/p><\/div>\n<\/p><\/div>\n<\/p><\/div>\n<\/p><\/div>\n<\/p><\/div>\n<\/p><\/div>\n<\/p><\/div>\n<p>  <!-- cat-tobira-2 END --><\/p>\n<p>  <!-- cat-tobira-3 --><\/p>\n<div class=\"bloc none d-sm-flex d-none bgc-gainsboro l-bloc\" id=\"cat-tobira-3\">\n<div class=\"container bloc-sm\">\n<div class=\"row\">\n<div class=\"col box-line-red\">\n<div class=\"row\">\n<div class=\"col\">\n<h2 class=\"mg-md tit-h2 text-lg-center tc-persian-red\">\n  Lecker essen<\/h2>\n<div class=\"row\">\n<div class=\"col-lg-4 col-sm-6\"> <a href=\"\/de\/beef\/wagyunavi\/\"><img decoding=\"async\" src=\"\/wp-content\/themes\/jlec\/img\/de\/de_be_wagyunavi.png\" class=\"img-fluid mx-auto d-block img-rd-md mg-sm\" alt=\"WAGYUNAVI -Restaurants in denen Sie in Japan Wagyu genie\u00dfen k\u00f6nnen\" \/><\/a>\n  <\/div>\n<div class=\"col-lg-4 col-sm-6\"> <a href=\"\/de\/beef\/beef-recipe-britain\/\"><img decoding=\"async\" src=\"\/wp-content\/themes\/jlec\/img\/de\/de_be_britain-recipes.png\" class=\"img-fluid mx-auto d-block img-rd-md mg-sm\" alt=\"Japanische Wagyu-Rindfleischkarte von Spitzenk\u00f6chen in England\" \/><\/a>\n  <\/div>\n<div class=\"col-lg-4 col-sm-6\"> <a href=\"\/de\/beef\/beef-recipe-america\/\"><img decoding=\"async\" src=\"\/wp-content\/themes\/jlec\/img\/de\/de_be_american-recipes.png\" class=\"img-fluid mx-auto d-block img-rd-md mg-sm\" alt=\"Japanische Wagyu-Rindfleischkarte von Spitzenk\u00f6chen in Amerika created\" \/><\/a>\n  <\/div>\n<div class=\"col-lg-4 col-sm-6\"> <a href=\"\/de\/beef\/beef-italian\/\"><img decoding=\"async\" src=\"\/wp-content\/themes\/jlec\/img\/de\/de_be_italian-recipes.png\" class=\"img-fluid mx-auto d-block img-rd-md mg-sm\" alt=\"Italienische Rezeptideen f\u00fcr Wagyu\" \/><\/a>\n  <\/div>\n<div class=\"col-lg-4 col-sm-6\"> <a href=\"\/de\/beef\/beef-chef\/beef-chef2\/\"><img decoding=\"async\" src=\"\/wp-content\/themes\/jlec\/img\/de\/de_be_chefs-advice.png\" class=\"img-fluid mx-auto d-block img-rd-md mg-sm\" alt=\"Italienische Rezeptideen f\u00fcr Wagyu\" \/><\/a>\n  <\/div>\n<div class=\"col-lg-4 col-sm-6\"> <a href=\"\/de\/beef\/beef-menu\/\"><img decoding=\"async\" src=\"\/wp-content\/themes\/jlec\/img\/de\/de_be_france-recipes.png\" class=\"img-fluid mx-auto d-block img-rd-md mg-sm\" alt=\"Japanische Wagyu-Rindfleischkarte von Spitzenk\u00f6chen in Frankreich created\" \/><\/a>\n  <\/div>\n<div class=\"col-lg-4 col-sm-6\"> <a href=\"\/de\/beef\/beef-recipe\/\"><img decoding=\"async\" src=\"\/wp-content\/themes\/jlec\/img\/de\/de_be_classic-recipes.png\" class=\"img-fluid mx-auto d-block img-rd-md mg-sm\" alt=\"Die 20 klassischsten Wagyu-Rezepte\" \/><\/a>\n  <\/div>\n<div class=\"col-lg-4 col-sm-6\"> <a href=\"\/de\/beef\/50-cutrecipe\/\"><img decoding=\"async\" src=\"\/wp-content\/themes\/jlec\/img\/de\/de_be_cut-recipes.png\" class=\"img-fluid mx-auto d-block img-rd-md mg-sm\" alt=\"50 Wagyu-Rezepte nach Teilst\u00fcck\" \/><\/a>\n  <\/div>\n<\/p><\/div>\n<\/p><\/div>\n<\/p><\/div>\n<\/p><\/div>\n<\/p><\/div>\n<\/p><\/div>\n<\/p><\/div>\n<p>  <!-- cat-tobira-3 END --><\/p>\n<p>  <!-- cat-tobira-4 --><\/p>\n<div class=\"bloc none bgc-anti-flash-white l-bloc d-sm-flex d-none\" id=\"cat-tobira-4\">\n<div class=\"container bloc-sm\">\n<div class=\"row\">\n<div class=\"col box-line-red\">\n<div class=\"row\">\n<div class=\"col\">\n<h2 class=\"mg-md tit-h2 text-lg-center tc-persian-red\">\n  Erfahren Sie mehr<\/h2>\n<div class=\"row\">\n<div class=\"col-lg-4 col-sm-6\"> <a href=\"\/de\/beef\/beef-logomark\"><img decoding=\"async\" src=\"\/wp-content\/themes\/jlec\/img\/de\/de_be_mark.png\" class=\"img-fluid mx-auto d-block img-rd-md mg-sm\" alt=\"Universelle Wagyu-Markierung\" \/><\/a>\n  <\/div>\n<div class=\"col-lg-4 col-sm-6\"> <a href=\"\/de\/beef\/beef-media\/\"><img decoding=\"async\" src=\"\/wp-content\/themes\/jlec\/img\/de\/de_be_media.png\" class=\"img-fluid mx-auto d-block img-rd-md mg-sm\" alt=\"\u00dcber Wagyu in ausl\u00e4ndischen Medien\" \/><\/a><\/div>\n<div class=\"col-lg-4 col-sm-6\"> <a href=\"\/de\/beef\/consultation\/\"><img decoding=\"async\" src=\"\/wp-content\/themes\/jlec\/img\/de\/de_be_consultation.png\" class=\"img-fluid mx-auto d-block img-rd-md mg-sm\" alt=\"\u00dcber Wagyu in ausl\u00e4ndischen Medien\" \/><\/a><\/div>\n<\/p><\/div>\n<\/p><\/div>\n<\/p><\/div>\n<\/p><\/div>\n<\/p><\/div>\n<\/p><\/div>\n<\/p><\/div>\n<p>  <!-- cat-tobira-4 END --><\/p>\n<p>  <!--  sp --><\/p>\n<div class=\"none d-sm-none\">\n<p>  <!-- bloc-7 --><\/p>\n<div class=\"bloc bgc-anti-flash-white\" id=\"bloc-7\">\n<div class=\"container bloc-md\">\n<h2 class=\"tit-h2 tc-persian-red\">\n  \u00dcber Wagyu<\/h2>\n<div class=\"row\">\n<div class=\"col-lg-6 col-md-6 col-sm-6 col-12\">\n<div class=\"card border-0 box-menu\">\n<div class=\"card-body\" onClick=\"location.href='\/de\/beef\/beef-tokutyou'\">\n<div class=\"row no-gutters\">\n<div class=\"col-4 col-lg-2\">\n  <img decoding=\"async\" src=\"https:\/\/jlec-pr.jp\/wp-content\/uploads\/2020\/02\/icon-beef_01.jpg\" class=\"img-fluid mx-auto d-block img-style\" alt=\"beef\" \/>\n  <\/div>\n<div class=\"col align-self-center\">\n<h3>\n  Merkmale von Wagyu<\/h3>\n<\/p><\/div>\n<\/p><\/div>\n<\/p><\/div>\n<\/p><\/div>\n<\/p><\/div>\n<div class=\"col-lg-6 col-md-6 col-sm-6 col-12\">\n<div class=\"card border-0 box-menu\">\n<div class=\"card-body\" onClick=\"location.href='\/de\/beef\/beef-miryoku\/'\">\n<div class=\"row no-gutters\">\n<div class=\"col-4 col-lg-2\">\n  <img decoding=\"async\" src=\"https:\/\/jlec-pr.jp\/wp-content\/uploads\/2020\/02\/icon-beef_02.jpg\" class=\"img-fluid mx-auto d-block img-style\" alt=\"beef\" \/>\n  <\/div>\n<div class=\"col align-self-center\">\n<h3>\n  Der Reiz von Wagyu (Video\/Brosch\u00fcre)<\/h3>\n<\/p><\/div>\n<\/p><\/div>\n<\/p><\/div>\n<\/p><\/div>\n<\/p><\/div>\n<div class=\"col-12 col-md-6 col-sm-6\">\n<div class=\"card border-0 box-menu\">\n<div class=\"card-body\" onClick=\"location.href='\/de\/beef\/beef-cutting-guide\/'\">\n<div class=\"row no-gutters\">\n<div class=\"col-4 col-lg-2\">\n  <img decoding=\"async\" src=\"https:\/\/jlec-pr.jp\/wp-content\/uploads\/2020\/02\/icon-beef_03.jpg\" class=\"img-fluid mx-auto d-block img-style\" alt=\"beef\" \/>\n  <\/div>\n<div class=\"col align-self-center\">\n<h3 class=\"mg-clear tit-menu-h3\">\n  Schneideanleitung (E-Book)<\/h3>\n<\/p><\/div>\n<\/p><\/div>\n<\/p><\/div>\n<\/p><\/div>\n<\/p><\/div>\n<div class=\"col-12 col-md-6 col-sm-6\">\n<div class=\"card border-0 box-menu\">\n<div class=\"card-body\" onClick=\"location.href='\/de\/beef\/beef-kaikata\/'\">\n<div class=\"row no-gutters\">\n<div class=\"col-4 col-lg-2\">\n  <img decoding=\"async\" src=\"https:\/\/jlec-pr.jp\/wp-content\/uploads\/2020\/02\/icon-beef_04.jpg\" class=\"img-fluid mx-auto d-block img-style\" alt=\"beef\" \/>\n  <\/div>\n<div class=\"col align-self-center\">\n<h3 class=\"mg-clear tit-menu-h3\">\n  Zucht und Haltung von Wagyu-Rinder (Video)<\/h3>\n<\/p><\/div>\n<\/p><\/div>\n<\/p><\/div>\n<\/p><\/div>\n<\/p><\/div>\n<div class=\"col-12 col-md-6 col-sm-6\">\n<div class=\"card border-0 box-menu\">\n<div class=\"card-body\" onClick=\"location.href='\/de\/beef\/quality-safety\/'\">\n<div class=\"row no-gutters\">\n<div class=\"col-lg-2 col-4 align-self-center\">\n  <img decoding=\"async\" src=\"https:\/\/jlec-pr.jp\/wp-content\/uploads\/2020\/02\/icon-menu-en_02.jpg\" class=\"img-fluid mx-auto d-block img-style\" alt=\"beef\" \/>\n  <\/div>\n<div class=\"col align-self-center\">\n<h3 class=\"mg-clear tit-menu-h3\">\n  \u00dcber die Sicherheit und hohe Qualit\u00e4t von Wagyu (von der Aufzucht bis zum Verzehr)<\/h3>\n<\/p><\/div>\n<\/p><\/div>\n<\/p><\/div>\n<\/p><\/div>\n<\/p><\/div>\n<div class=\"col-12 col-md-6 col-sm-6\">\n<div class=\"card border-0 box-menu\">\n<div class=\"card-body\" onclick=\"window.open('http:\/\/search.jlec-pr.jp\/01kensaku_de.php','_blank')\">\n<div class=\"row no-gutters\">\n<div class=\"col-lg-2 col-4 align-self-center\">\n  <img decoding=\"async\" src=\"https:\/\/jlec-pr.jp\/wp-content\/uploads\/2020\/02\/icon-menu-en_01.jpg\" class=\"img-fluid mx-auto d-block img-style\" alt=\"beef\" \/>\n  <\/div>\n<div class=\"col align-self-center\">\n<h3 class=\"tit-menu-h3 mg-clear\">\n  Suchsystem f\u00fcr individuelle Identifikationsnummern<\/h3>\n<\/p><\/div>\n<\/p><\/div>\n<\/p><\/div>\n<\/p><\/div>\n<\/p><\/div>\n<div class=\"col-12 col-md-6 col-sm-6\">\n<div class=\"card border-0 box-menu\">\n<div class=\"card-body\" onClick=\"location.href='\/de\/beef\/beef-nwc12\/'\">\n<div class=\"row no-gutters\">\n<div class=\"col-lg-2 col-4 align-self-center\">\n    <img decoding=\"async\" src=\"https:\/\/jlec-pr.jp\/wp-content\/themes\/jlec\/img\/beef\/icon-nwc.jpg\" class=\"img-fluid mx-auto d-block img-style\" alt=\"beef\" \/>\n    <\/div>\n<div class=\"col align-self-center\">\n<h3 class=\"mg-clear tit-menu-h3\">\n      Nationaler Wagyu-Wettbewerb<\/h3>\n<\/p><\/div>\n<\/p><\/div>\n<\/p><\/div>\n<\/p><\/div>\n<\/p><\/div>\n<\/p><\/div>\n<\/p><\/div>\n<\/p><\/div>\n<p>  <!-- bloc-7 END --><\/p>\n<p>  <!-- bloc-8 --><\/p>\n<div class=\"bloc bgc-terra-cotta\" id=\"bloc-8\">\n<div class=\"container bloc-md\">\n<h2 class=\"tit-h2 tc-white\">\n  Lecker essen<\/h2>\n<div class=\"row\">\n<div class=\"col-lg-6 col-md-6 col-sm-6 col-12\">\n<div class=\"card border-0 box-menu\">\n<div class=\"card-body\" onClick=\"location.href='\/de\/beef\/wagyunavi\/'\">\n<div class=\"row no-gutters\">\n<div class=\"col-4 col-lg-2\">\n  <img decoding=\"async\" src=\"https:\/\/jlec-pr.jp\/wp-content\/uploads\/2020\/02\/icon-beef_06.jpg\" class=\"img-fluid mx-auto d-block img-style\" alt=\"beef\" \/>\n  <\/div>\n<div class=\"col align-self-center\">\n<h3>\n  WAGYUNAVI<br \/>\n  <\/h3>\n<p class=\"mg-clear\">\n  Restaurants in denen Sie in Japan Wagyu genie\u00dfen k\u00f6nnen<\/p>\n<\/p><\/div>\n<\/p><\/div>\n<\/p><\/div>\n<\/p><\/div>\n<\/p><\/div>\n<div class=\"col-lg-6 col-md-6 col-sm-6 col-12\">\n<div class=\"card border-0 box-menu\">\n<div class=\"card-body\" onClick=\"location.href='\/de\/beef\/beef-recipe-britain\/'\">\n<div class=\"row no-gutters\">\n<div class=\"col-4 col-lg-2\">\n    <img decoding=\"async\" src=\"https:\/\/jlec-pr.jp\/wp-content\/themes\/jlec\/img\/beef\/icon-recipebook_britain.jpg\" class=\"img-fluid mx-auto d-block img-style\" alt=\"beef\" \/>\n    <\/div>\n<div class=\"col align-self-center\">\n<h3>\n      Japanische Wagyu-Rindfleischkarte von Spitzenk\u00f6chen in England<\/h3>\n<\/p><\/div>\n<\/p><\/div>\n<\/p><\/div>\n<\/p><\/div>\n<\/p><\/div>\n<div class=\"col-lg-6 col-md-6 col-sm-6 col-12\">\n<div class=\"card border-0 box-menu\">\n<div class=\"card-body\" onClick=\"location.href='\/de\/beef\/beef-recipe-america\/'\">\n<div class=\"row no-gutters\">\n<div class=\"col-4 col-lg-2\">\n      <img decoding=\"async\" src=\"https:\/\/jlec-pr.jp\/wp-content\/themes\/jlec\/img\/beef\/icon-beef_18.jpg\" class=\"img-fluid mx-auto d-block img-style\" alt=\"beef\" \/>\n      <\/div>\n<div class=\"col align-self-center\">\n<h3>\n        Japanische Wagyu-Rindfleischkarte von Spitzenk\u00f6chen in Amerika created<\/h3>\n<\/p><\/div>\n<\/p><\/div>\n<\/p><\/div>\n<\/p><\/div>\n<\/p><\/div>\n<div class=\"col-12 col-md-6 col-sm-6\">\n<div class=\"card border-0 box-menu\">\n<div class=\"card-body\" onClick=\"location.href='\/de\/beef\/beef-italian\/'\">\n<div class=\"row no-gutters\">\n<div class=\"col-4 col-lg-2\">\n    <img decoding=\"async\" src=\"https:\/\/jlec-pr.jp\/wp-content\/uploads\/2020\/02\/icon-beef_10.jpg\" class=\"img-fluid mx-auto d-block img-style\" alt=\"beef\" \/>\n    <\/div>\n<div class=\"col align-self-center\">\n<h3 class=\"mg-clear tit-menu-h3\">\n    Italienische Rezeptideen f\u00fcr Wagyu<\/h3>\n<\/p><\/div>\n<\/p><\/div>\n<\/p><\/div>\n<\/p><\/div>\n<\/p><\/div>\n<div class=\"col-lg-6 col-sm-6\">\n<div class=\"card border-0 box-menu\">\n<div class=\"card-body\" onClick=\"location.href='\/de\/beef\/beef-chef\/'\">\n<div class=\"row no-gutters\">\n<div class=\"col-lg-2 col-4\">\n    <img decoding=\"async\" src=\"https:\/\/jlec-pr.jp\/wp-content\/uploads\/2020\/02\/icon-beef_09.jpg\" class=\"img-fluid mx-auto d-block img-style\" alt=\"beef\" \/>\n    <\/div>\n<div class=\"col align-self-center\">\n<h3 class=\"mg-clear tit-menu-h3\">\n    Italienische Rezeptideen f\u00fcr Wagyu<\/h3>\n<\/p><\/div>\n<\/p><\/div>\n<\/p><\/div>\n<\/p><\/div>\n<\/p><\/div>\n<div class=\"col-lg-6 col-md-6 col-sm-6 col-12\">\n<div class=\"card border-0 box-menu\">\n<div class=\"card-body\" onClick=\"location.href='\/de\/beef\/beef-recipe\/'\">\n<div class=\"row no-gutters\">\n<div class=\"col-4 col-lg-2\">\n  <img decoding=\"async\" src=\"https:\/\/jlec-pr.jp\/wp-content\/uploads\/2020\/02\/icon-beef_07.jpg\" class=\"img-fluid mx-auto d-block img-style\" alt=\"beef\" \/>\n  <\/div>\n<div class=\"col align-self-center\">\n<h3>\n  Die 20 klassischsten Wagyu-Rezepte<\/h3>\n<\/p><\/div>\n<\/p><\/div>\n<\/p><\/div>\n<\/p><\/div>\n<\/p><\/div>\n<div class=\"col-12 col-md-6 col-sm-6\">\n<div class=\"card border-0 box-menu\">\n<div class=\"card-body\" onClick=\"location.href='\/de\/beef\/beef-menu\/'\">\n<div class=\"row no-gutters\">\n<div class=\"col-4 col-lg-2\">\n  <img decoding=\"async\" src=\"https:\/\/jlec-pr.jp\/wp-content\/uploads\/2020\/02\/icon-beef_08.jpg\" class=\"img-fluid mx-auto d-block img-style\" alt=\"beef\" \/>\n  <\/div>\n<div class=\"col align-self-center\">\n<h3 class=\"mg-clear tit-menu-h3\">\n  Japanische Wagyu-Rindfleischkarte von Spitzenk\u00f6chen in Frankreich created<\/h3>\n<\/p><\/div>\n<\/p><\/div>\n<\/p><\/div>\n<\/p><\/div>\n<\/p><\/div>\n<div class=\"col-12 col-md-6 col-sm-6\">\n<div class=\"card border-0 box-menu\">\n<div class=\"card-body\" onClick=\"location.href='\/de\/beef\/50-cutrecipe\/'\">\n<div class=\"row no-gutters\">\n<div class=\"col-lg-2 col-4\">\n  <img decoding=\"async\" src=\"https:\/\/jlec-pr.jp\/wp-content\/uploads\/2020\/02\/icon-menu-en_03.jpg\" class=\"img-fluid mx-auto d-block img-style\" alt=\"beef\" \/>\n  <\/div>\n<div class=\"col align-self-center\">\n<h3 class=\"mg-clear tit-menu-h3\">\n  50 Wagyu-Rezepte nach Teilst\u00fcck<\/h3>\n<\/p><\/div>\n<\/p><\/div>\n<\/p><\/div>\n<\/p><\/div>\n<\/p><\/div>\n<\/p><\/div>\n<\/p><\/div>\n<\/p><\/div>\n<p>  <!-- bloc-8 END --><\/p>\n<p>  <!-- bloc-9 --><\/p>\n<div class=\"bloc bgc-anti-flash-white\" id=\"bloc-9\">\n<div class=\"container bloc-md\">\n<h2 class=\"tit-h2 tc-persian-red\">\n  Erfahren Sie mehr<\/h2>\n<div class=\"row\">\n<div class=\"col-lg-6 col-md-6 col-sm-6 col-12\">\n<div class=\"card border-0 box-menu\">\n<div class=\"card-body\" onClick=\"location.href='\/de\/beef\/beef-logomark'\">\n<div class=\"row no-gutters\">\n<div class=\"col-4 col-lg-2\">\n  <img decoding=\"async\" src=\"https:\/\/jlec-pr.jp\/wp-content\/uploads\/2020\/02\/icon-beef_11.jpg\" class=\"img-fluid mx-auto d-block img-style\" alt=\"beef\" \/>\n  <\/div>\n<div class=\"col align-self-center\">\n<h3>\n  Universelle Wagyu-Markierung<\/h3>\n<\/p><\/div>\n<\/p><\/div>\n<\/p><\/div>\n<\/p><\/div>\n<\/p><\/div>\n<div class=\"col-lg-6 col-md-6 col-sm-6 col-12\">\n<div class=\"card border-0 box-menu\">\n<div class=\"card-body\" onClick=\"location.href='\/de\/beef\/beef-media\/'\">\n<div class=\"row no-gutters\">\n<div class=\"col-4 col-lg-2\">\n    <img decoding=\"async\" src=\"https:\/\/jlec-pr.jp\/wp-content\/uploads\/2020\/02\/icon-menu-en_4.jpg\" class=\"img-fluid mx-auto d-block img-style\" alt=\"beef\" \/>\n    <\/div>\n<div class=\"col align-self-center\">\n<h3>\n    \u00dcber Wagyu in ausl\u00e4ndischen Medien<\/h3>\n<\/p><\/div>\n<\/p><\/div>\n<\/p><\/div>\n<\/p><\/div>\n<\/p><\/div>\n<div class=\"col-lg-6 col-md-6 col-sm-6 col-12\">\n<div class=\"card border-0 box-menu\">\n<div class=\"card-body\" onClick=\"location.href='\/de\/beef\/consultation\/'\">\n<div class=\"row no-gutters\">\n<div class=\"col-4 col-lg-2\">\n    <img decoding=\"async\" src=\"\/wp-content\/themes\/jlec\/img\/beef\/icon-consultation.jpg\" class=\"img-fluid mx-auto d-block img-style\" alt=\"beef\" \/>\n    <\/div>\n<div class=\"col align-self-center\">\n<h3>\n      Beratungsstelle f\u00fcr Import von japanischem Wagyu-Rindfleisch<\/h3>\n<\/p><\/div>\n<\/p><\/div>\n<\/p><\/div>\n<\/p><\/div>\n<\/p><\/div>\n<\/p><\/div>\n<\/p><\/div>\n<\/p><\/div>\n<p>  <!-- bloc-9 END --><\/p><\/div>\n<p>  <!-- sp END --><\/p>\n","protected":false},"excerpt":{"rendered":"<p>Rindfleisch \u00dcber Wagyu Lecker essen Erfahren Sie mehr \u00dcber Wagyu Merkmale von Wagyu Der Reiz von Wagyu (Video\/Brosch\u00fcre) Schneideanleitung (E-Book) Zucht und Haltung von Wagyu-Rinder (Video) \u00dcber die Sicherheit und hohe Qualit\u00e4t von Wagyu (von der Aufzucht bis zum Verzehr) Suchsystem f\u00fcr individuelle Identifikationsnummern Nationaler Wagyu-Wettbewerb Lecker essen WAGYUNAVI Restaurants in denen Sie in Japan [&hellip;]<\/p>\n","protected":false},"author":1,"featured_media":0,"parent":0,"menu_order":0,"comment_status":"closed","ping_status":"closed","template":"page-full.php","meta":{"_acf_changed":false,"_locale":"de_DE","_original_post":"12","footnotes":""},"class_list":["post-220","page","type-page","status-publish","hentry","de-DE"],"acf":[],"_links":{"self":[{"href":"https:\/\/jlec-pr.jp\/wp-json\/wp\/v2\/pages\/220","targetHints":{"allow":["GET"]}}],"collection":[{"href":"https:\/\/jlec-pr.jp\/wp-json\/wp\/v2\/pages"}],"about":[{"href":"https:\/\/jlec-pr.jp\/wp-json\/wp\/v2\/types\/page"}],"author":[{"embeddable":true,"href":"https:\/\/jlec-pr.jp\/wp-json\/wp\/v2\/users\/1"}],"replies":[{"embeddable":true,"href":"https:\/\/jlec-pr.jp\/wp-json\/wp\/v2\/comments?post=220"}],"version-history":[{"count":26,"href":"https:\/\/jlec-pr.jp\/wp-json\/wp\/v2\/pages\/220\/revisions"}],"predecessor-version":[{"id":12774,"href":"https:\/\/jlec-pr.jp\/wp-json\/wp\/v2\/pages\/220\/revisions\/12774"}],"wp:attachment":[{"href":"https:\/\/jlec-pr.jp\/wp-json\/wp\/v2\/media?parent=220"}],"curies":[{"name":"wp","href":"https:\/\/api.w.org\/{rel}","templated":true}]}}