{"id":205,"date":"2020-02-11T22:08:55","date_gmt":"2020-02-11T13:08:55","guid":{"rendered":"http:\/\/jlec-pr.jp\/?page_id=205"},"modified":"2020-02-20T12:39:48","modified_gmt":"2020-02-20T03:39:48","slug":"beef-media","status":"publish","type":"page","link":"https:\/\/jlec-pr.jp\/de\/beef\/beef-media\/","title":{"rendered":"\u00dcber Wagyu in ausl\u00e4ndischen Medien"},"content":{"rendered":"<h2>\u00dcber Wagyu in ausl\u00e4ndischen Medien<\/h2>\n<h3>Planet Food<\/h3>\n<p>\nPlanet Food von Travel Channel wird Ihnen von Pilot Productions in Gro\u00dfbritannien pr\u00e4sentiert. In der Folge von Planet Food: Japan reist Merrilees Parker nach Japan, um mehr \u00fcber die einzigartige Esskultur des Landes erfahren. Der Stadt entfliehend besucht Merrilees eine Farm, die das teuerste japanische Wagyu-Rindfleisch der Welt herstellt. Die Rinder werden mit \u00c4pfeln gef\u00fcttert und t\u00e4glich massiert. Sie probiert auch Sukiyaki, das als eine der besten M\u00f6glichkeiten zum Kochen von Wagyu-Rindfleisch bekannt ist.\n<\/p>\n<div style=\"position: relative; padding-bottom: 56.25%;\">\n  <iframe \n    style=\"position: absolute; top: 0; left: 0; width: 100%; height: 100%;\" \n    src=\"https:\/\/www.youtube.com\/embed\/XlHsoRTsmiI\" \n    frameborder=\"0\" \n    allow=\"autoplay; \n    encrypted-media\" \n    allowfullscreen><br \/>\n  <\/iframe>\n<\/div>\n<h3>Ruptly TV<\/h3>\n<p>\nDie Nachrichten werden von Ruptly produziert, einer internationalen Nachrichtenagentur, die allen Medien visuelle Nachrichteninhalte in Echtzeit und im Archiv zur Verf\u00fcgung stellt und ihren Sitz in Berlin hat. Das Restaurant Goldhorn Beefclub, das einige der teuersten Steaks Deutschlands serviert, erz\u00e4hlte Ruptly in seinem Gesch\u00e4ft und Restaurant in Berlin einige seiner Geheimnisse.\n<\/p>\n<div style=\"position: relative; padding-bottom: 56.25%;\">\n  <iframe \n    style=\"position: absolute; top: 0; left: 0; width: 100%; height: 100%;\" \n    src=\"https:\/\/www.youtube.com\/embed\/Si7lyGkkwv4\" \n    frameborder=\"0\" \n    allow=\"autoplay; \n    encrypted-media\" \n    allowfullscreen><br \/>\n  <\/iframe>\n<\/div>\n<h3>France 3<\/h3>\n<p>\nDie Nachrichten wurden in der Edition nationale auf France 3 in Frankreich ausgestrahlt. Die japanische Regierung genehmigte den Export dieses speziellen japanischen Wagyus nach Frankreich. Es wird berichtet, dass es f\u00fcr 230 Euro pro Kilogramm verkauft w\u00fcrde. Japanisches Wagyu ist traditionelles Rindfleisch und hat einen besonderen Geschmack, den anderes Rindfleisch nicht hat.\n<\/p>\n<div style=\"position: relative; padding-bottom: 56.25%;\">\n  <iframe \n    style=\"position: absolute; top: 0; left: 0; width: 100%; height: 100%;\" \n    src=\"https:\/\/www.youtube.com\/embed\/5_ZREPWxiLc\" \n    frameborder=\"0\" \n    allow=\"autoplay; \n    encrypted-media\" \n    allowfullscreen><br \/>\n  <\/iframe>\n<\/div>\n<h3>Mustard TV<\/h3>\n<p>Vorstellung: Wagyu-Rindfleisch wird in einem japanischen Restaurant in Norfolk, Shiki serviert.<\/p>\n<div style=\"position: relative; padding-bottom: 56.25%;\">\n  <iframe \n    style=\"position: absolute; top: 0; left: 0; width: 100%; height: 100%;\" \n    src=\"https:\/\/www.youtube.com\/embed\/ZPBYEK5Fvjo\" \n    frameborder=\"0\" \n    allow=\"autoplay; \n    encrypted-media\" \n    allowfullscreen><br \/>\n  <\/iframe>\n<\/div>\n","protected":false},"excerpt":{"rendered":"<p>\u00dcber Wagyu in ausl\u00e4ndischen Medien Planet Food Planet Food von Travel Channel wird Ihnen von Pilot Productions in Gro\u00dfbritannien pr\u00e4sentiert. In der Folge von Planet Food: Japan reist Merrilees Parker nach Japan, um mehr \u00fcber die einzigartige Esskultur des Landes erfahren. Der Stadt entfliehend besucht Merrilees eine Farm, die das teuerste japanische Wagyu-Rindfleisch der Welt [&hellip;]<\/p>\n","protected":false},"author":1,"featured_media":0,"parent":220,"menu_order":0,"comment_status":"closed","ping_status":"closed","template":"page-template\/beef-gr-template.php","meta":{"_acf_changed":false,"_locale":"de_DE","_original_post":"200","footnotes":""},"class_list":["post-205","page","type-page","status-publish","hentry","de-DE"],"acf":[],"_links":{"self":[{"href":"https:\/\/jlec-pr.jp\/wp-json\/wp\/v2\/pages\/205","targetHints":{"allow":["GET"]}}],"collection":[{"href":"https:\/\/jlec-pr.jp\/wp-json\/wp\/v2\/pages"}],"about":[{"href":"https:\/\/jlec-pr.jp\/wp-json\/wp\/v2\/types\/page"}],"author":[{"embeddable":true,"href":"https:\/\/jlec-pr.jp\/wp-json\/wp\/v2\/users\/1"}],"replies":[{"embeddable":true,"href":"https:\/\/jlec-pr.jp\/wp-json\/wp\/v2\/comments?post=205"}],"version-history":[{"count":7,"href":"https:\/\/jlec-pr.jp\/wp-json\/wp\/v2\/pages\/205\/revisions"}],"predecessor-version":[{"id":5125,"href":"https:\/\/jlec-pr.jp\/wp-json\/wp\/v2\/pages\/205\/revisions\/5125"}],"up":[{"embeddable":true,"href":"https:\/\/jlec-pr.jp\/wp-json\/wp\/v2\/pages\/220"}],"wp:attachment":[{"href":"https:\/\/jlec-pr.jp\/wp-json\/wp\/v2\/media?parent=205"}],"curies":[{"name":"wp","href":"https:\/\/api.w.org\/{rel}","templated":true}]}}