{"id":190,"date":"2020-02-13T20:38:02","date_gmt":"2020-02-13T11:38:02","guid":{"rendered":"http:\/\/jlec-pr.jp\/?page_id=190"},"modified":"2020-02-26T10:32:29","modified_gmt":"2020-02-26T01:32:29","slug":"beef-logomark","status":"publish","type":"page","link":"https:\/\/jlec-pr.jp\/de\/beef\/beef-logomark\/","title":{"rendered":"Universelle Wagyu-Markierung"},"content":{"rendered":"<h2>Universelle Wagyu-Markierung<\/h2>\n<p class=\"thumbs_left\"><img decoding=\"async\" style=\"display: block; margin-left: auto; margin-right: auto; border: 2px solid #cccccc; padding: 20px;\" src=\"https:\/\/jlec-pr.jp\/wp-content\/uploads\/2020\/02\/beef-logo02.gif\" alt=\"Unified Wagyu logo\" width=\"300\"\/><\/p>\n<h3>Echtheitsbeweis: \u201eUniverselle Wagyu-Markierung\u201c<\/h3>\n<p>Um unser einzigartiges japanisches Wagyu-Fleisch weltweit richtig zu pr\u00e4sentieren, wurde im Jahr 2007 ein \u201eEinheitslogo f\u00fcr Wagyu\u201c geschaffen.<br \/>Wir hoffen, dass so Menschen in aller Welt den Geschmack von echtem Wagyu-Fleisch genie\u00dfen k\u04e7nnen.<br \/>Die Marke mit dem \u201eEinheitslogo f\u00fcr Wagyu\u201c ist der Beweis f\u00fcr die Echtheit.<\/p>\n<div class=\"clearfix\"><\/div>\n<h3 class=\"tit-tab\">Rassen<\/h3>\n<h4>1.Kurogewashu \u2013 das japanische schwarze Rind (ganz Japan)<\/h4>\n<table class=\"ta-line\">\n<tbody>\n<tr>\n<th style=\"width: 25%;\"><strong>Gewicht eines ausgewachsenen weiblichen Rindes<\/strong><\/th>\n<td style=\"width: 75%;\">ca. 755 kg<\/td>\n<\/tr>\n<tr>\n<th>Fellfarbe<\/th>\n<td>br\u00e4unlich-schwarz<\/td>\n<\/tr>\n<tr>\n<th>Merkmale<\/th>\n<td>\n<ul class=\"list-ico\">\n<li>Hohe F\u00e4higkeit zur Entwicklung von \u201eShimofuri\u201d (Marmorierung im Fleisch)<\/li>\n<li>Kleinste K\u04e7rpergr\u04e7\u00dfe von allen vier Rassen<\/li>\n<li>95% aller Wagyu-Rinder geh\u04e7ren zu dieser Rasse<\/li>\n<li>Aus diesem Grund wird meist der Begriff \u201eWagyu\u201d mit dieser Rasse gleichgesetzt.<\/li>\n<li>Bei ber\u00fchmten Rassen wie Matsuzaka, Yonezawa und Hida findet man<br \/>\nebenfalls viele Kuroge-Rinder.<\/li>\n<\/ul>\n<\/td>\n<\/tr>\n<\/tbody>\n<\/table>\n<h4>2.Akagewashu \u2013 das japanische braune Rind (Pr\u00e4fekturen Kumamoto und Kochi)<\/h4>\n<table class=\"ta-line\">\n<tbody>\n<tr>\n<th style=\"width: 25%;\"><strong>Gewicht eines<br \/>\nausgewachsenen weiblichen Rindes<\/strong><\/th>\n<td style=\"width: 75%;\">ca. 750 kg<\/td>\n<\/tr>\n<tr>\n<th>Fellfarbe<\/th>\n<td>hellbraun<\/td>\n<\/tr>\n<tr>\n<th>Merkmale<\/th>\n<td>\n<ul class=\"list-ico\">\n<li>w\u00e4chst schnell<\/li>\n<li>Viele Vorteile wie sanfter Charakter, robuste Gesundheit,<br \/>\nhitzetolerant, vertr\u00e4gt Raufutter<\/li>\n<\/ul>\n<\/td>\n<\/tr>\n<\/tbody>\n<\/table>\n<h4>3.Nihontankakushu \u2013 das japanische Kurzhorn- Rind (Pr\u00e4fekturen Iwate, Aomori sowie Hokkaido)<\/h4>\n<table class=\"ta-line\">\n<tbody>\n<tr>\n<th style=\"width: 25%;\"><strong>Gewicht eines<br \/>\nausgewachsenen weiblichen Rindes<\/strong><\/th>\n<td style=\"width: 75%;\">ca. 745 kg<\/td>\n<\/tr>\n<tr>\n<th>Fellfarbe<\/th>\n<td>dunkles Rotbraun<\/td>\n<\/tr>\n<tr>\n<th>Features<\/th>\n<td>\n<ul class=\"list-ico\">\n<li>vertr\u00e4gt Raufutter, hat keine Probleme mit dem Klima und dem<br \/>\nLandschaftscharakter von Hokkaido, sehr anpassungsf\u00e4hig<br \/>\nan Weiden<\/li>\n<\/ul>\n<\/td>\n<\/tr>\n<\/tbody>\n<\/table>\n<h4>4.Mukakuwashu \u2013 das japanische hornlose\u00a0 Rind (Pr\u00e4fektur Yamaguchi)<\/h4>\n<table class=\"ta-line\">\n<tbody>\n<tr>\n<th>Fellfarbe<\/th>\n<td style=\"width: 75%;\">tiefschwarz<\/td>\n<\/tr>\n<tr>\n<th>Features<\/th>\n<td>\n<ul class=\"list-ico\">\n<li>hat keine H\u04e7rner<\/li>\n<li>wurde verh\u00e4ltnism\u00e4\u00dfig fr\u00fch f\u00fcr Fleischkonsum gez\u00fcchtet,<br \/>\nist aber jetzt sehr selten geworden<\/li>\n<\/ul>\n<\/td>\n<\/tr>\n<\/tbody>\n<\/table>\n<h4>5.Kreuzung aus den oben genannten vier Rassen<\/h4>\n<h4>6.Au\u00dferdem gibt es eine Kreuzung aus der 5. und den oben erw\u00e4hnten Rassen 1-5. Die Kreuzung muss durch das Registriersystem, das auf dem Gesetz f\u00fcr Zuchtverbesserung und Verbesserung des Viehbestandes basiert, belegt werden und kann gegebenfalls auch mit dem R\u00fcckverfolgbarkeitssystem kontrolliert werden.<\/h4>\n<h3 class=\"tit-tab\">Lebensraum<\/h3>\n<div class=\"box-line2 bold-font\">\n<ol>\n<li>Es muss sich um ein Rind handeln, das in Japan geboren und aufgewachsen ist.<\/li>\n<li>Au\u00dferdem m\u00fcssen diese Fakten mit dem speziellen R\u00fcckverfolgbarkeitssystem f\u00fcr Rinder \u00fcberpr\u00fcft werden k\u04e7nnen.<\/li>\n<\/ol>\n<\/div>\n","protected":false},"excerpt":{"rendered":"<p>Universelle Wagyu-Markierung Echtheitsbeweis: \u201eUniverselle Wagyu-Markierung\u201c Um unser einzigartiges japanisches Wagyu-Fleisch weltweit richtig zu pr\u00e4sentieren, wurde im Jahr 2007 ein \u201eEinheitslogo f\u00fcr Wagyu\u201c geschaffen.Wir hoffen, dass so Menschen in aller Welt den Geschmack von echtem Wagyu-Fleisch genie\u00dfen k\u04e7nnen.Die Marke mit dem \u201eEinheitslogo f\u00fcr Wagyu\u201c ist der Beweis f\u00fcr die Echtheit. Rassen 1.Kurogewashu \u2013 das japanische schwarze [&hellip;]<\/p>\n","protected":false},"author":1,"featured_media":0,"parent":220,"menu_order":0,"comment_status":"closed","ping_status":"closed","template":"page-template\/beef-gr-template.php","meta":{"_acf_changed":false,"_locale":"de_DE","_original_post":"152","footnotes":""},"class_list":["post-190","page","type-page","status-publish","hentry","de-DE"],"acf":[],"_links":{"self":[{"href":"https:\/\/jlec-pr.jp\/wp-json\/wp\/v2\/pages\/190","targetHints":{"allow":["GET"]}}],"collection":[{"href":"https:\/\/jlec-pr.jp\/wp-json\/wp\/v2\/pages"}],"about":[{"href":"https:\/\/jlec-pr.jp\/wp-json\/wp\/v2\/types\/page"}],"author":[{"embeddable":true,"href":"https:\/\/jlec-pr.jp\/wp-json\/wp\/v2\/users\/1"}],"replies":[{"embeddable":true,"href":"https:\/\/jlec-pr.jp\/wp-json\/wp\/v2\/comments?post=190"}],"version-history":[{"count":9,"href":"https:\/\/jlec-pr.jp\/wp-json\/wp\/v2\/pages\/190\/revisions"}],"predecessor-version":[{"id":8397,"href":"https:\/\/jlec-pr.jp\/wp-json\/wp\/v2\/pages\/190\/revisions\/8397"}],"up":[{"embeddable":true,"href":"https:\/\/jlec-pr.jp\/wp-json\/wp\/v2\/pages\/220"}],"wp:attachment":[{"href":"https:\/\/jlec-pr.jp\/wp-json\/wp\/v2\/media?parent=190"}],"curies":[{"name":"wp","href":"https:\/\/api.w.org\/{rel}","templated":true}]}}